{"id":502847,"date":"2023-06-20T13:39:26","date_gmt":"2023-06-20T12:39:26","guid":{"rendered":"https:\/\/www.erothis.com\/?post_type=product&#038;p=502847"},"modified":"2025-08-31T00:08:27","modified_gmt":"2025-08-30T23:08:27","slug":"calexotics-curved-anal-stud-2","status":"publish","type":"product","link":"https:\/\/www.erothis.com\/es\/productos\/calexotics-curved-anal-stud-2\/","title":{"rendered":"CALEXOTICS &#8211; CURVED ANAL STUD"},"content":{"rendered":"<p>Desde principiantes boquianos hasta expertos er\u00f3ticos, el semental anal curvado de silicona de Calexotics seguramente emocionar\u00e1 a cualquier buscador de placer de puerta trasera. La sonda de silicona perfecta tiene un eje suavemente curvo, cabeza acentuada y potente base de taza de succi\u00f3n. La punta curva y la cabeza de pene regordete seguramente golpear\u00e1n el lugar correcto cada vez. La base con bridas tiene una resistente taza de succi\u00f3n que se puede usar en un arn\u00e9s o montada en una superficie plana para una sensacional diversi\u00f3n manos libres. La sonda flexible est\u00e1 hecha de una silicona suave y perfecta. El material seguro para el cuerpo no tiene perfume y no tiene ftalato para mantener sus puntos m\u00e1s sensibles felices y saludables .<\/p>\n<ul>\n<li>sonda de silicona flexible y duradera<\/li>\n<li>Cabeza curva y acentuada con taza de succi\u00f3n superior<\/li>\n<li>Smooth y pr\u00e1cticamente sin costuras<\/li>\n<li>Hygienicamente superior y con el cuerpo<\/li>\n<\/ul>\n<p>calexotics ha estado convirtiendo constantemente fantas\u00eda en realidad durante m\u00e1s de una d\u00e9cada. Con una atenci\u00f3n incomparable al detalle, la fundadora y propietaria de Calexotics, Susan Colvin, ha hecho que la marca de novedad ex\u00f3tica de California sea sin\u00f3nimo de juguetes para adultos de calidad. El hecho de que Calexotics es una empresa de propiedad y operaci\u00f3n femenina, no juega un papel peque\u00f1o en su ascenso mete\u00f3rico hasta la cima de la industria de juguetes para adultos y novedades.<\/p>\n","protected":false},"excerpt":{"rendered":"<p>CALEXOTICS &#8211; CURVED ANAL STUD<\/p>\n","protected":false},"featured_media":263041,"comment_status":"open","ping_status":"closed","template":"","meta":[],"product_brand":[],"product_cat":[1263,1264],"product_tag":[],"class_list":{"0":"post-502847","1":"product","2":"type-product","3":"status-publish","4":"has-post-thumbnail","6":"product_cat-anal-es","7":"product_cat-dildos-anales","9":"first","10":"instock","11":"taxable","12":"shipping-taxable","13":"purchasable","14":"product-type-simple"},"jetpack_sharing_enabled":true,"_links":{"self":[{"href":"https:\/\/www.erothis.com\/es\/wp-json\/wp\/v2\/product\/502847","targetHints":{"allow":["GET"]}}],"collection":[{"href":"https:\/\/www.erothis.com\/es\/wp-json\/wp\/v2\/product"}],"about":[{"href":"https:\/\/www.erothis.com\/es\/wp-json\/wp\/v2\/types\/product"}],"replies":[{"embeddable":true,"href":"https:\/\/www.erothis.com\/es\/wp-json\/wp\/v2\/comments?post=502847"}],"version-history":[{"count":3,"href":"https:\/\/www.erothis.com\/es\/wp-json\/wp\/v2\/product\/502847\/revisions"}],"predecessor-version":[{"id":509837,"href":"https:\/\/www.erothis.com\/es\/wp-json\/wp\/v2\/product\/502847\/revisions\/509837"}],"wp:featuredmedia":[{"embeddable":true,"href":"https:\/\/www.erothis.com\/es\/wp-json\/wp\/v2\/media\/263041"}],"wp:attachment":[{"href":"https:\/\/www.erothis.com\/es\/wp-json\/wp\/v2\/media?parent=502847"}],"wp:term":[{"taxonomy":"product_brand","embeddable":true,"href":"https:\/\/www.erothis.com\/es\/wp-json\/wp\/v2\/product_brand?post=502847"},{"taxonomy":"product_cat","embeddable":true,"href":"https:\/\/www.erothis.com\/es\/wp-json\/wp\/v2\/product_cat?post=502847"},{"taxonomy":"product_tag","embeddable":true,"href":"https:\/\/www.erothis.com\/es\/wp-json\/wp\/v2\/product_tag?post=502847"}],"curies":[{"name":"wp","href":"https:\/\/api.w.org\/{rel}","templated":true}]}}