{"id":502849,"date":"2023-06-20T13:39:27","date_gmt":"2023-06-20T12:39:27","guid":{"rendered":"https:\/\/www.erothis.com\/?post_type=product&#038;p=502849"},"modified":"2025-08-31T00:08:27","modified_gmt":"2025-08-30T23:08:27","slug":"calexotics-liquid-silicone-flex-probe-2","status":"publish","type":"product","link":"https:\/\/www.erothis.com\/es\/productos\/calexotics-liquid-silicone-flex-probe-2\/","title":{"rendered":"CALEXOTICS &#8211; LIQUID SILICONE FLEX PROBE"},"content":{"rendered":"<ul>\n<li>La sonda Flex Flex de silicona l\u00edquida Eclipse es una sonda de silicona sexy y flexible creada para aliviarlo en el emocionante placer anal. El dise\u00f1o suavemente curvo y la silicona l\u00edquida lujosa permiten que esta sonda se flexione con sus movimientos y entregue una intensa estimulaci\u00f3n. Esta sonda sensualmente acanalada est\u00e1 hecha de una silicona extra suave para un juego de placer exclusivamente c\u00f3modo. Un potente motor de vibraci\u00f3n en el eje ofrece 12 funciones intensas de estimulaci\u00f3n de la puerta trasera retumbante, mientras que la base contorneada y el cuerpo flexible se flexiona y se mueven incluso durante sus momentos de clasificaci\u00f3n X. Disfrute de una inserci\u00f3n c\u00f3moda, una estimulaci\u00f3n sin esfuerzo y una eliminaci\u00f3n suave con la forma ergon\u00f3mica, el dise\u00f1o flexible y la base curva. Recarga el masajeador de silicona l\u00edquido premium en 1,5 horas con el cable de carga USB proporcionado para disfrutar de 110 minutos de estimulaci\u00f3n de baja velocidad o 55 minutos de vibraciones de alta velocidad. Si bien el bot\u00f3n f\u00e1cil controla la intensidad y la sonda regordeta le brinda la estimulaci\u00f3n que desea, el chip de memoria de \u00faltima generaci\u00f3n de arte recuerda c\u00f3mo le gusta al comenzar con la \u00faltima funci\u00f3n utilizada .\n<ul>\n<li>Silicona l\u00edquida premium sonda anal recargable con eje vibrante perfectamente curvo<\/li>\n<li>12 funciones intensas de vibraci\u00f3n, pulsaci\u00f3n y escalada<\/li>\n<li>flexible y duradera con crestas de placer adicionales<\/li>\n<li>Silicona l\u00edquida: softter, m\u00e1s suave, duradero e impermeable<\/li>\n<li>Se reanuda el chip de memoria de vanguardia en la \u00faltima funci\u00f3n utilizada<\/li>\n<li>Funci\u00f3n de bloqueo de viajes de seguridad: mant\u00e9n 3 segundos para encender o desactivar<\/li>\n<li>USB recargable: el cable de carga incluido<\/li>\n<li>carga completa en 1.5 horas<\/li>\n<li>Se ejecuta durante 55 minutos a alta velocidad y 110 minutos a baja velocidad<\/li>\n<\/ul>\n<p>La calex\u00f3tica ha estado convirtiendo constantemente la fantas\u00eda en realidad durante m\u00e1s de una d\u00e9cada. Con una atenci\u00f3n incomparable al detalle, la fundadora y propietaria de Calexotics, Susan Colvin, ha hecho que la marca de novedad ex\u00f3tica de California sea sin\u00f3nimo de juguetes para adultos de calidad. El hecho de que Calexotics es una empresa de propiedad y operaci\u00f3n femenina, no juega un papel peque\u00f1o en su ascenso mete\u00f3rico hasta la cima de la industria de juguetes para adultos y novedades.<\/li>\n<\/ul>\n","protected":false},"excerpt":{"rendered":"<p>CALEXOTICS &#8211; LIQUID SILICONE FLEX PROBE<\/p>\n","protected":false},"featured_media":263059,"comment_status":"open","ping_status":"closed","template":"","meta":[],"product_brand":[],"product_cat":[1263,1266],"product_tag":[],"class_list":{"0":"post-502849","1":"product","2":"type-product","3":"status-publish","4":"has-post-thumbnail","6":"product_cat-anal-es","7":"product_cat-vibradores-anales","9":"first","10":"instock","11":"taxable","12":"shipping-taxable","13":"purchasable","14":"product-type-simple"},"jetpack_sharing_enabled":true,"_links":{"self":[{"href":"https:\/\/www.erothis.com\/es\/wp-json\/wp\/v2\/product\/502849","targetHints":{"allow":["GET"]}}],"collection":[{"href":"https:\/\/www.erothis.com\/es\/wp-json\/wp\/v2\/product"}],"about":[{"href":"https:\/\/www.erothis.com\/es\/wp-json\/wp\/v2\/types\/product"}],"replies":[{"embeddable":true,"href":"https:\/\/www.erothis.com\/es\/wp-json\/wp\/v2\/comments?post=502849"}],"version-history":[{"count":3,"href":"https:\/\/www.erothis.com\/es\/wp-json\/wp\/v2\/product\/502849\/revisions"}],"predecessor-version":[{"id":509841,"href":"https:\/\/www.erothis.com\/es\/wp-json\/wp\/v2\/product\/502849\/revisions\/509841"}],"wp:featuredmedia":[{"embeddable":true,"href":"https:\/\/www.erothis.com\/es\/wp-json\/wp\/v2\/media\/263059"}],"wp:attachment":[{"href":"https:\/\/www.erothis.com\/es\/wp-json\/wp\/v2\/media?parent=502849"}],"wp:term":[{"taxonomy":"product_brand","embeddable":true,"href":"https:\/\/www.erothis.com\/es\/wp-json\/wp\/v2\/product_brand?post=502849"},{"taxonomy":"product_cat","embeddable":true,"href":"https:\/\/www.erothis.com\/es\/wp-json\/wp\/v2\/product_cat?post=502849"},{"taxonomy":"product_tag","embeddable":true,"href":"https:\/\/www.erothis.com\/es\/wp-json\/wp\/v2\/product_tag?post=502849"}],"curies":[{"name":"wp","href":"https:\/\/api.w.org\/{rel}","templated":true}]}}