{"id":502851,"date":"2023-06-20T13:39:27","date_gmt":"2023-06-20T12:39:27","guid":{"rendered":"https:\/\/www.erothis.com\/?post_type=product&#038;p=502851"},"modified":"2025-05-12T11:56:11","modified_gmt":"2025-05-12T10:56:11","slug":"toyjoy-the-gleaming-plug-cristal-vibrador-2","status":"publish","type":"product","link":"https:\/\/www.erothis.com\/es\/productos\/toyjoy-the-gleaming-plug-cristal-vibrador-2\/","title":{"rendered":"TOYJOY &#8211; THE GLEAMING PLUG CRISTAL VIBRADOR"},"content":{"rendered":"<p>El brillo es un tap\u00f3n anal de vidrio vibrante y presenta un potente motor con 5 modos de vibraciones diferentes y 5 velocidades vibrantes. Cada modo ofrece vibraciones que retumban profundas, que se controlan f\u00e1cilmente con un bot\u00f3n. Butchocks by Toyjoy es una l\u00ednea premium de tapones traseros de alto rendimiento, creados con una variedad de caracter\u00edsticas especiales para aumentar su placer anal. Butchocks by Toyjoy es la opci\u00f3n perfecta para la estimulaci\u00f3n anal de siguiente nivel . Toyjoy es la marca con todo incluido en las novedades para adultos y el cuidado \u00edntimo. Ofrece una combinaci\u00f3n perfecta para cada preferencia y atiende a todos los niveles de entrada; Desde principiantes hasta expertos. Hay m\u00e1s de una docena de colecciones diferentes de Toyjoy, cada una dise\u00f1ada para que coincida con un tipo diferente de consumidor. Si eres nuevo en los juguetes para adultos y busca presupuesto, vibraciones f\u00e1ciles de usar: Toyjoy Basics es tu pareja. \u00bfM\u00e1s vibradores de estilo de conejito travieso con funciones vers\u00e1tiles? Los conejos de Toyjoy te har\u00e1n saltar con placer! Los dise\u00f1os premium de lujo se encuentran en Toyjoy Designer Edition. Ladou de Toyjoy es para la moderna mujer del siglo XXI que quiere vibraciones femeninas hermosas para disfrutar. Los amantes del placer realista encontrar\u00e1n sus haves imprescindibles en la gama Get Real by Toyjoy de consoladores y dongs realistas. La farmacia de Toyjoy presenta lubricantes asequibles y duraderos &#8230; la lista contin\u00faa! Cada colecci\u00f3n se adhiere a un est\u00e1ndar de alta calidad y ofrece fant\u00e1sticas opciones de valor por dinero para todo tipo de escenario er\u00f3tico. Descubre su partido en la incre\u00edble selecci\u00f3n de Toyjoy y pru\u00e9belo con esta marca placentera, juguetona y premium en novedades para adultos y atenci\u00f3n \u00edntima!<\/p>\n","protected":false},"excerpt":{"rendered":"<p>TOYJOY &#8211; THE GLEAMING VIBRATING GLAS BUTTPLUG<\/p>\n","protected":false},"featured_media":263085,"comment_status":"open","ping_status":"closed","template":"","meta":[],"product_brand":[],"product_cat":[1263,1265,1266],"product_tag":[],"class_list":{"0":"post-502851","1":"product","2":"type-product","3":"status-publish","4":"has-post-thumbnail","6":"product_cat-anal-es","7":"product_cat-plugs-es","8":"product_cat-vibradores-anales","10":"first","11":"instock","12":"taxable","13":"shipping-taxable","14":"purchasable","15":"product-type-simple"},"jetpack_sharing_enabled":true,"_links":{"self":[{"href":"https:\/\/www.erothis.com\/es\/wp-json\/wp\/v2\/product\/502851","targetHints":{"allow":["GET"]}}],"collection":[{"href":"https:\/\/www.erothis.com\/es\/wp-json\/wp\/v2\/product"}],"about":[{"href":"https:\/\/www.erothis.com\/es\/wp-json\/wp\/v2\/types\/product"}],"replies":[{"embeddable":true,"href":"https:\/\/www.erothis.com\/es\/wp-json\/wp\/v2\/comments?post=502851"}],"version-history":[{"count":2,"href":"https:\/\/www.erothis.com\/es\/wp-json\/wp\/v2\/product\/502851\/revisions"}],"predecessor-version":[{"id":509852,"href":"https:\/\/www.erothis.com\/es\/wp-json\/wp\/v2\/product\/502851\/revisions\/509852"}],"wp:featuredmedia":[{"embeddable":true,"href":"https:\/\/www.erothis.com\/es\/wp-json\/wp\/v2\/media\/263085"}],"wp:attachment":[{"href":"https:\/\/www.erothis.com\/es\/wp-json\/wp\/v2\/media?parent=502851"}],"wp:term":[{"taxonomy":"product_brand","embeddable":true,"href":"https:\/\/www.erothis.com\/es\/wp-json\/wp\/v2\/product_brand?post=502851"},{"taxonomy":"product_cat","embeddable":true,"href":"https:\/\/www.erothis.com\/es\/wp-json\/wp\/v2\/product_cat?post=502851"},{"taxonomy":"product_tag","embeddable":true,"href":"https:\/\/www.erothis.com\/es\/wp-json\/wp\/v2\/product_tag?post=502851"}],"curies":[{"name":"wp","href":"https:\/\/api.w.org\/{rel}","templated":true}]}}