{"id":502852,"date":"2023-06-20T13:39:27","date_gmt":"2023-06-20T12:39:27","guid":{"rendered":"https:\/\/www.erothis.com\/?post_type=product&#038;p=502852"},"modified":"2025-05-12T11:57:58","modified_gmt":"2025-05-12T10:57:58","slug":"b-swish-bfilled-basic-plug-prostatico-orquidea-2","status":"publish","type":"product","link":"https:\/\/www.erothis.com\/es\/productos\/b-swish-bfilled-basic-plug-prostatico-orquidea-2\/","title":{"rendered":"B SWISH &#8211; BFILLED BASIC PLUG PROST\u00c1TICO ORQU\u00cdDEA"},"content":{"rendered":"<p>Puede parecer peque\u00f1o y discreto, pero este tap\u00f3n estimulante de la pr\u00f3stata alcanza de manera experta el punto p para producir orgasmos m\u00e1s fuertes sin ninguna estimulaci\u00f3n adicional y sin motor. El B fill Basic est\u00e1 cuidadosamente dise\u00f1ado con una cabeza c\u00f3nica y un cuello estrecho para una m\u00e1xima comodidad de uso, y una base debidamente acampanada para un juego seguro.<\/p>\n<p>Elaborada con silicona 100% segura para el cuerpo, la textura suave y sedosa guiar\u00e1 tus placeres m\u00e1s profundos tanto en la exploraci\u00f3n en solitario como en pareja.<\/p>\n<p>caracteristicas:<\/p>\n<ul>\n<li>Materiales 100% seguros para el cuerpo: S\u00ed<\/li>\n<li>Material: silicona<\/li>\n<li>Longitud total: 10 cm<\/li>\n<li>Circunferencia: 3 cm<\/li>\n<li>Contenido de la caja: 1 x masajeador<\/li>\n<li>Impermeable: si<\/li>\n<li>Lubricante: a base de agua<\/li>\n<li>Pareja amigable: S\u00ed<\/li>\n<li>Estilo: pr\u00f3stata<\/li>\n<\/ul>\n","protected":false},"excerpt":{"rendered":"<p>B SWISH &#8211; BFILLED BASIC PROSTATIC PLUG ORCHID<\/p>\n","protected":false},"featured_media":263095,"comment_status":"open","ping_status":"closed","template":"","meta":[],"product_brand":[],"product_cat":[1263,1285,1265],"product_tag":[],"class_list":{"0":"post-502852","1":"product","2":"type-product","3":"status-publish","4":"has-post-thumbnail","6":"product_cat-anal-es","7":"product_cat-especial-prostata-es","8":"product_cat-plugs-es","10":"first","11":"instock","12":"taxable","13":"shipping-taxable","14":"purchasable","15":"product-type-simple"},"jetpack_sharing_enabled":true,"_links":{"self":[{"href":"https:\/\/www.erothis.com\/es\/wp-json\/wp\/v2\/product\/502852","targetHints":{"allow":["GET"]}}],"collection":[{"href":"https:\/\/www.erothis.com\/es\/wp-json\/wp\/v2\/product"}],"about":[{"href":"https:\/\/www.erothis.com\/es\/wp-json\/wp\/v2\/types\/product"}],"replies":[{"embeddable":true,"href":"https:\/\/www.erothis.com\/es\/wp-json\/wp\/v2\/comments?post=502852"}],"version-history":[{"count":2,"href":"https:\/\/www.erothis.com\/es\/wp-json\/wp\/v2\/product\/502852\/revisions"}],"predecessor-version":[{"id":509853,"href":"https:\/\/www.erothis.com\/es\/wp-json\/wp\/v2\/product\/502852\/revisions\/509853"}],"wp:featuredmedia":[{"embeddable":true,"href":"https:\/\/www.erothis.com\/es\/wp-json\/wp\/v2\/media\/263095"}],"wp:attachment":[{"href":"https:\/\/www.erothis.com\/es\/wp-json\/wp\/v2\/media?parent=502852"}],"wp:term":[{"taxonomy":"product_brand","embeddable":true,"href":"https:\/\/www.erothis.com\/es\/wp-json\/wp\/v2\/product_brand?post=502852"},{"taxonomy":"product_cat","embeddable":true,"href":"https:\/\/www.erothis.com\/es\/wp-json\/wp\/v2\/product_cat?post=502852"},{"taxonomy":"product_tag","embeddable":true,"href":"https:\/\/www.erothis.com\/es\/wp-json\/wp\/v2\/product_tag?post=502852"}],"curies":[{"name":"wp","href":"https:\/\/api.w.org\/{rel}","templated":true}]}}