{"id":502853,"date":"2023-06-20T13:39:27","date_gmt":"2023-06-20T12:39:27","guid":{"rendered":"https:\/\/www.erothis.com\/?post_type=product&#038;p=502853"},"modified":"2025-05-12T11:59:47","modified_gmt":"2025-05-12T10:59:47","slug":"b-swish-bfilled-basic-plus-plug-prostatico-magenta-2","status":"publish","type":"product","link":"https:\/\/www.erothis.com\/es\/productos\/b-swish-bfilled-basic-plus-plug-prostatico-magenta-2\/","title":{"rendered":"B SWISH &#8211; BFILLED BASIC PLUS PLUG PROST\u00c1TICO MAGENTA"},"content":{"rendered":"<p>\u00bfSab\u00edas que el \u00e1rea anal tiene una concentraci\u00f3n tan alta de terminaciones nerviosas que incluso el tap\u00f3n m\u00e1s peque\u00f1o puede sentirse incre\u00edble? El tap\u00f3n de masaje B fill Basic Plus se dise\u00f1\u00f3 teniendo esto en cuenta.<\/p>\n<p>Los contornos definidos por expertos, una base acampanada y silicona 100% segura para el cuerpo (y suave) hacen que el juego sea tan emocionante como seguro. Tambi\u00e9n es un enchufe no motorizado, que obtiene sus vibraciones de un peso que flota libremente en el interior y que brinda la emoci\u00f3n m\u00e1s excitante. Y debido a que no se requieren bater\u00edas, la limpieza es r\u00e1pida y f\u00e1cil.<\/p>\n<p><strong>Caracteristicas:<\/strong><\/p>\n<ul>\n<li>Materiales 100% seguros para el cuerpo: S\u00ed<\/li>\n<li>Material: silicona<\/li>\n<li>Longitud total: 10 cm<\/li>\n<li>Circunferencia: 3,75 cm<\/li>\n<li>Impermeable: si<\/li>\n<li>Lubricante: a base de agua<\/li>\n<li>Pareja amigable: S\u00ed<\/li>\n<\/ul>\n","protected":false},"excerpt":{"rendered":"<p>B SWISH &#8211; BFILLED BASIC PLUS PROSTATIC PLUG MAGENTA<\/p>\n","protected":false},"featured_media":263098,"comment_status":"open","ping_status":"closed","template":"","meta":[],"product_brand":[],"product_cat":[1263,1285,1265],"product_tag":[],"class_list":{"0":"post-502853","1":"product","2":"type-product","3":"status-publish","4":"has-post-thumbnail","6":"product_cat-anal-es","7":"product_cat-especial-prostata-es","8":"product_cat-plugs-es","10":"first","11":"instock","12":"taxable","13":"shipping-taxable","14":"purchasable","15":"product-type-simple"},"jetpack_sharing_enabled":true,"_links":{"self":[{"href":"https:\/\/www.erothis.com\/es\/wp-json\/wp\/v2\/product\/502853","targetHints":{"allow":["GET"]}}],"collection":[{"href":"https:\/\/www.erothis.com\/es\/wp-json\/wp\/v2\/product"}],"about":[{"href":"https:\/\/www.erothis.com\/es\/wp-json\/wp\/v2\/types\/product"}],"replies":[{"embeddable":true,"href":"https:\/\/www.erothis.com\/es\/wp-json\/wp\/v2\/comments?post=502853"}],"version-history":[{"count":2,"href":"https:\/\/www.erothis.com\/es\/wp-json\/wp\/v2\/product\/502853\/revisions"}],"predecessor-version":[{"id":509854,"href":"https:\/\/www.erothis.com\/es\/wp-json\/wp\/v2\/product\/502853\/revisions\/509854"}],"wp:featuredmedia":[{"embeddable":true,"href":"https:\/\/www.erothis.com\/es\/wp-json\/wp\/v2\/media\/263098"}],"wp:attachment":[{"href":"https:\/\/www.erothis.com\/es\/wp-json\/wp\/v2\/media?parent=502853"}],"wp:term":[{"taxonomy":"product_brand","embeddable":true,"href":"https:\/\/www.erothis.com\/es\/wp-json\/wp\/v2\/product_brand?post=502853"},{"taxonomy":"product_cat","embeddable":true,"href":"https:\/\/www.erothis.com\/es\/wp-json\/wp\/v2\/product_cat?post=502853"},{"taxonomy":"product_tag","embeddable":true,"href":"https:\/\/www.erothis.com\/es\/wp-json\/wp\/v2\/product_tag?post=502853"}],"curies":[{"name":"wp","href":"https:\/\/api.w.org\/{rel}","templated":true}]}}