{"id":503083,"date":"2023-06-20T14:33:22","date_gmt":"2023-06-20T13:33:22","guid":{"rendered":"https:\/\/www.erothis.com\/?post_type=product&#038;p=503083"},"modified":"2025-05-16T12:24:41","modified_gmt":"2025-05-16T11:24:41","slug":"bijoux-les-petits-bonbons-bala-vibradora-2","status":"publish","type":"product","link":"https:\/\/www.erothis.com\/es\/productos\/bijoux-les-petits-bonbons-bala-vibradora-2\/","title":{"rendered":"BIJOUX &#8211; LES PETITS BONBONS BALA VIBRADORA"},"content":{"rendered":"<p>La pasi\u00f3n requiere de armas sofisticadas. Masajeador de uso externo con el tama\u00f1o perfecto para explorar los rincones m\u00e1s sensuales y poder llevarlo contigo donde quieras. Contenido: masajeador externo con forma de bala vibradora.<\/p>\n<p>\u00bfSab\u00edas que&#8230;<\/p>\n<p>&#8230; los juguetes er\u00f3ticos no son un invento reciente, y que hay hallazgos que demuestran que egipcios y romanos fabricaban objetos f\u00e1licos con materiales naturales hace m\u00e1s de 2.500 a\u00f1os?<\/p>\n<p>&#8230; Good Vibrations funciona con tres pilas de bot\u00f3n del tipo LR44 que vienen inclu\u00eddas?<\/p>\n<p>&#8230; que para poner la bala en marcha, en primer lugar, hay que quitar el precinto de seguridad que protege las pilas?<\/p>\n<p>&#8230; la duraci\u00f3n estimada de las pilas es de una hora aproximadamente?<\/p>\n<p>&#8230; por razones higi\u00e9nicas y de conservaci\u00f3n, antes y despu\u00e9s de cada uso debes lavar la zona de contacto, sin llegar a sumergir la bala, con agua y jab\u00f3n, y secar a continuaci\u00f3n?<\/p>\n<p>Sugerencia: descubre a tu pareja la sensualidad del tacto, antes de poner en marcha la bala de masaje, oculta su mirada tras un antifaz y recorre su cuerpo con un plumero.<\/p>\n","protected":false},"excerpt":{"rendered":"<p>BIJOUX &#8211; LES PETITS BONBONS BALA VIBRADORA<\/p>\n","protected":false},"featured_media":263680,"comment_status":"open","ping_status":"closed","template":"","meta":[],"product_brand":[],"product_cat":[1281,1279],"product_tag":[],"class_list":{"0":"post-503083","1":"product","2":"type-product","3":"status-publish","4":"has-post-thumbnail","6":"product_cat-estimuladores-es","7":"product_cat-para-ella","9":"first","10":"instock","11":"taxable","12":"shipping-taxable","13":"purchasable","14":"product-type-simple"},"jetpack_sharing_enabled":true,"_links":{"self":[{"href":"https:\/\/www.erothis.com\/es\/wp-json\/wp\/v2\/product\/503083","targetHints":{"allow":["GET"]}}],"collection":[{"href":"https:\/\/www.erothis.com\/es\/wp-json\/wp\/v2\/product"}],"about":[{"href":"https:\/\/www.erothis.com\/es\/wp-json\/wp\/v2\/types\/product"}],"replies":[{"embeddable":true,"href":"https:\/\/www.erothis.com\/es\/wp-json\/wp\/v2\/comments?post=503083"}],"version-history":[{"count":2,"href":"https:\/\/www.erothis.com\/es\/wp-json\/wp\/v2\/product\/503083\/revisions"}],"predecessor-version":[{"id":510263,"href":"https:\/\/www.erothis.com\/es\/wp-json\/wp\/v2\/product\/503083\/revisions\/510263"}],"wp:featuredmedia":[{"embeddable":true,"href":"https:\/\/www.erothis.com\/es\/wp-json\/wp\/v2\/media\/263680"}],"wp:attachment":[{"href":"https:\/\/www.erothis.com\/es\/wp-json\/wp\/v2\/media?parent=503083"}],"wp:term":[{"taxonomy":"product_brand","embeddable":true,"href":"https:\/\/www.erothis.com\/es\/wp-json\/wp\/v2\/product_brand?post=503083"},{"taxonomy":"product_cat","embeddable":true,"href":"https:\/\/www.erothis.com\/es\/wp-json\/wp\/v2\/product_cat?post=503083"},{"taxonomy":"product_tag","embeddable":true,"href":"https:\/\/www.erothis.com\/es\/wp-json\/wp\/v2\/product_tag?post=503083"}],"curies":[{"name":"wp","href":"https:\/\/api.w.org\/{rel}","templated":true}]}}