{"id":503098,"date":"2023-06-20T14:35:42","date_gmt":"2023-06-20T13:35:42","guid":{"rendered":"https:\/\/www.erothis.com\/?post_type=product&#038;p=503098"},"modified":"2025-08-31T00:08:28","modified_gmt":"2025-08-30T23:08:28","slug":"rocks-off-bad-boy-masajeador-del-punto-g-masculino-negro-2","status":"publish","type":"product","link":"https:\/\/www.erothis.com\/es\/productos\/rocks-off-bad-boy-masajeador-del-punto-g-masculino-negro-2\/","title":{"rendered":"ROCKS-OFF &#8211; BAD BOY MASAJEADOR DEL PUNTO G MASCULINO NEGRO"},"content":{"rendered":"<p>Es un masajeador desarrollado como un juguete sexual para ayudar al hombre a estimular al mismo tiempo la\u00a0Pr\u00f3stata,\u00a0la zona del\u00a0<strong>perineo<\/strong>\u00a0y los test\u00edculos, fabricado en silicona segura de grado m\u00e9dico.<\/p>\n<p>EL Punto G Masculino,( Llamado punto P en el hombre)\u00a0 son las que controlan e incrementan la erecci\u00f3n, el orgasmo y la eyaculaci\u00f3n. Son las zonas donde se encuentran el centro del Placer.<\/p>\n<p>El nuevo\u00a0<strong>Bad-Boy\u00a0<\/strong>\u00a0dispone de un potente vibrador de 7 velocidades dispuesto para maximizar las sensaciones en una de las zonas m\u00e1s er\u00f3genas del cuerpo masculino, el perineo.<\/p>\n<p>Se adapta perfectamente al conducto anal masculino para alcanzar la pr\u00f3stata, provocando con su vibraci\u00f3n un suave masaje prot\u00e1stico.<\/p>\n<ul>\n<li>Potencia de Vibraci\u00f3n gracias a sus 7 ritmos y bala extraible<\/li>\n<li>100% acuatico<\/li>\n<li>Baterias incluidas<\/li>\n<li>Bolsa de Satin negra incluida para guardarlo y tenerlo siempre perfecto.<\/li>\n<li>100% Silicona grado medico<\/li>\n<\/ul>\n<p>Vibraci\u00f3n fuerte y silenciosa.<\/p>\n<p>Es resistente al agua, con lo cual puedes usarlo tambi\u00e9n en la ducha. El\u00a0<strong>Bad-Boy<\/strong>, puede ser utilizado durante la masturbaci\u00f3n, o en el juego sexual para incrementan la erecci\u00f3n y el orgasmo.<\/p>\n<p>La unidad vibradora es extra\u00edble con lo que siempre podr\u00e1s mantenerlo en perfectas condiciones, adem\u00e1s de utilizarlo como estimulador<\/p>\n<p>El\u00a0<strong>Bad-Boy<\/strong>, te har\u00e1 sentir un orgasmo fuerte intenso y controlado!!<\/p>\n<p>Medidas: 14 cm x 3.5 cm.<\/p>\n<p>Funciona con 1 pila LR1 que viene incluida.<\/p>\n","protected":false},"excerpt":{"rendered":"<p>ROCKS-OFF &#8211; BAD BOY MALE G-SPOT MASSAGER BLACK<\/p>\n","protected":false},"featured_media":263890,"comment_status":"open","ping_status":"closed","template":"","meta":[],"product_brand":[],"product_cat":[1263,1262,1266],"product_tag":[],"class_list":{"0":"post-503098","1":"product","2":"type-product","3":"status-publish","4":"has-post-thumbnail","6":"product_cat-anal-es","7":"product_cat-juguetes-sexuales","8":"product_cat-vibradores-anales","10":"first","11":"instock","12":"taxable","13":"shipping-taxable","14":"purchasable","15":"product-type-simple"},"jetpack_sharing_enabled":true,"_links":{"self":[{"href":"https:\/\/www.erothis.com\/es\/wp-json\/wp\/v2\/product\/503098","targetHints":{"allow":["GET"]}}],"collection":[{"href":"https:\/\/www.erothis.com\/es\/wp-json\/wp\/v2\/product"}],"about":[{"href":"https:\/\/www.erothis.com\/es\/wp-json\/wp\/v2\/types\/product"}],"replies":[{"embeddable":true,"href":"https:\/\/www.erothis.com\/es\/wp-json\/wp\/v2\/comments?post=503098"}],"version-history":[{"count":3,"href":"https:\/\/www.erothis.com\/es\/wp-json\/wp\/v2\/product\/503098\/revisions"}],"predecessor-version":[{"id":509163,"href":"https:\/\/www.erothis.com\/es\/wp-json\/wp\/v2\/product\/503098\/revisions\/509163"}],"wp:featuredmedia":[{"embeddable":true,"href":"https:\/\/www.erothis.com\/es\/wp-json\/wp\/v2\/media\/263890"}],"wp:attachment":[{"href":"https:\/\/www.erothis.com\/es\/wp-json\/wp\/v2\/media?parent=503098"}],"wp:term":[{"taxonomy":"product_brand","embeddable":true,"href":"https:\/\/www.erothis.com\/es\/wp-json\/wp\/v2\/product_brand?post=503098"},{"taxonomy":"product_cat","embeddable":true,"href":"https:\/\/www.erothis.com\/es\/wp-json\/wp\/v2\/product_cat?post=503098"},{"taxonomy":"product_tag","embeddable":true,"href":"https:\/\/www.erothis.com\/es\/wp-json\/wp\/v2\/product_tag?post=503098"}],"curies":[{"name":"wp","href":"https:\/\/api.w.org\/{rel}","templated":true}]}}