{"id":503212,"date":"2023-06-20T14:41:43","date_gmt":"2023-06-20T13:41:43","guid":{"rendered":"https:\/\/www.erothis.com\/?post_type=product&#038;p=503212"},"modified":"2025-04-14T20:06:06","modified_gmt":"2025-04-14T19:06:06","slug":"pretty-love-flirtation-gene-con-vibracion-por-voz","status":"publish","type":"product","link":"https:\/\/www.erothis.com\/es\/productos\/pretty-love-flirtation-gene-con-vibracion-por-voz\/","title":{"rendered":"PRETTY LOVE FLIRTATION &#8211; GENE CON VIBRACION POR VOZ"},"content":{"rendered":"<p>Gena incorpora alta tecnolog\u00eda en su interior con resultados excelentes en su exterior, dispone del sistema de voz en el que simplemente hablandole comenzar\u00e1 a vibrar si as\u00ed lo deseas y activas esta funci\u00f3n, en su exterior gracias al revolucionario material silicona Pretty Love es suave y sedoso con vibraciones pulsantes.<\/p>\n<p> Gena har\u00e1 que alcances profundamente sus vibraciones pulsantes en tu interior, estimulando todos tus sentidos, incorpora estimulador de clitorias ergon\u00f3mico en forma de conejito rampante y<\/p>\n<p> Sus principales caracteristicas son;<\/p>\n<ul>\n<li> 100% Silicona aprobada por la FDA<\/li>\n<li> Sistema de Control de Voz (Vibra al sonido de tu voz)<\/li>\n<li> Estimulador de cl\u00edtoris rampante<\/li>\n<li> 30 funciones de vibraci\u00f3n<\/li>\n<li> Sumergible, apto para la ducha.<\/li>\n<li> Vibraci\u00f3n silenciosa y potente.<\/li>\n<li> 2 motores internos.<\/li>\n<li> Suave y Sedoso con un estimulador de cl\u00edtoris potente.<\/li>\n<li> Led rojo de retroiluminaci\u00f3n en sus pulsadores de f\u00e1cil uso.<\/li>\n<\/ul>\n<p> Los patrones de vibraci\u00f3n son de f\u00e1cil uso y dispone de hasta 30 modos distintos, utilizando la parte que m\u00e1s deseas en el momento que prefieras.<\/p>\n<p> Medidas: 3,4 cm x 20,5 cm.<\/p>\n<p> Funciona con dos bater\u00edas AAA \/ no incluidas que podr\u00e1s encontrar en la secci\u00f3n Pilas.<\/p>\n<p> Pretty Love fabrica productos con exigentes normas de calidad, todos sus productos est\u00e1n dise\u00f1ados en Estados Unidos y tienen 1 a\u00f1o de garant\u00eda en defectos t\u00e1cnicos.<\/p>\n","protected":false},"excerpt":{"rendered":"<p>PRETTY LOVE FLIRTATION &#8211; GENE CON VIBRACION POR VOZ<\/p>\n","protected":false},"featured_media":264413,"comment_status":"open","ping_status":"closed","template":"","meta":[],"product_brand":[],"product_cat":[1292,1294],"product_tag":[],"class_list":{"0":"post-503212","1":"product","2":"type-product","3":"status-publish","4":"has-post-thumbnail","6":"product_cat-vibradores-es","7":"product_cat-vibradores-clasicos","9":"first","10":"instock","11":"taxable","12":"shipping-taxable","13":"purchasable","14":"product-type-simple"},"jetpack_sharing_enabled":true,"_links":{"self":[{"href":"https:\/\/www.erothis.com\/es\/wp-json\/wp\/v2\/product\/503212","targetHints":{"allow":["GET"]}}],"collection":[{"href":"https:\/\/www.erothis.com\/es\/wp-json\/wp\/v2\/product"}],"about":[{"href":"https:\/\/www.erothis.com\/es\/wp-json\/wp\/v2\/types\/product"}],"replies":[{"embeddable":true,"href":"https:\/\/www.erothis.com\/es\/wp-json\/wp\/v2\/comments?post=503212"}],"version-history":[{"count":1,"href":"https:\/\/www.erothis.com\/es\/wp-json\/wp\/v2\/product\/503212\/revisions"}],"predecessor-version":[{"id":503242,"href":"https:\/\/www.erothis.com\/es\/wp-json\/wp\/v2\/product\/503212\/revisions\/503242"}],"wp:featuredmedia":[{"embeddable":true,"href":"https:\/\/www.erothis.com\/es\/wp-json\/wp\/v2\/media\/264413"}],"wp:attachment":[{"href":"https:\/\/www.erothis.com\/es\/wp-json\/wp\/v2\/media?parent=503212"}],"wp:term":[{"taxonomy":"product_brand","embeddable":true,"href":"https:\/\/www.erothis.com\/es\/wp-json\/wp\/v2\/product_brand?post=503212"},{"taxonomy":"product_cat","embeddable":true,"href":"https:\/\/www.erothis.com\/es\/wp-json\/wp\/v2\/product_cat?post=503212"},{"taxonomy":"product_tag","embeddable":true,"href":"https:\/\/www.erothis.com\/es\/wp-json\/wp\/v2\/product_tag?post=503212"}],"curies":[{"name":"wp","href":"https:\/\/api.w.org\/{rel}","templated":true}]}}