{"id":503558,"date":"2023-06-20T15:02:02","date_gmt":"2023-06-20T14:02:02","guid":{"rendered":"https:\/\/www.erothis.com\/?post_type=product&#038;p=503558"},"modified":"2026-03-16T10:02:16","modified_gmt":"2026-03-16T10:02:16","slug":"pretty-love-bolas-anales-silicona-estimulacion-especial-10-3-cm-negro-2","status":"publish","type":"product","link":"https:\/\/www.erothis.com\/es\/productos\/pretty-love-bolas-anales-silicona-estimulacion-especial-10-3-cm-negro-2\/","title":{"rendered":"PRETTY LOVE &#8211; BOLAS ANALES SILICONA ESTIMULACION ESPECIAL 10.3 CM NEGRO"},"content":{"rendered":"<p>Disfruta del maravilloso placer de la estimulaci\u00f3n anal con este plug de bolas anales\u00a0de silicona s\u00faper ergon\u00f3mico y dise\u00f1ado cuidadosamente para una estimulaci\u00f3n anal extra. Dispone de asa para una f\u00e1cil manipulaci\u00f3n y extracci\u00f3n y est\u00e1 fabricado en silicona\u00a0de primera calidad. Adem\u00e1s, dentro de cada bola, hay otra bola con peso\u00a0que al moverse proporcionan placer extra.<\/p>\n<p>Caracter\u00edsticas:<\/p>\n<ul>\n<li>Plug bolas anales ergon\u00f3mico\u00a0estimulaci\u00f3n extra 10.3\u00a0cm<\/li>\n<li>Material: Silicona<\/li>\n<li>Una bola interior dentro de cada bola con peso para estimulac\u00f3n al movimiento<\/li>\n<li>Sumergible<\/li>\n<li>Color: negro<\/li>\n<li>Longitud total: 10.3\u00a0cm<\/li>\n<li>Di\u00e1metro m\u00e1ximo: 2.6\u00a0cm<\/li>\n<\/ul>\n<p>Pretty Love fabrica productos con exigentes normas de calidad, todos sus productos estan dise\u00f1ados en Estados Unidos y tienen 1 a\u00f1o de garant\u00eda en defectos t\u00e9cnicos<\/p>\n","protected":false},"excerpt":{"rendered":"<p>PRETTY LOVE &#8211; SPECIAL STIMULATION SILICONE ANAL BALLS 10.3 CM BLACK<\/p>\n","protected":false},"featured_media":266934,"comment_status":"open","ping_status":"closed","template":"","meta":[],"product_brand":[],"product_cat":[1263,1265],"product_tag":[],"class_list":{"0":"post-503558","1":"product","2":"type-product","3":"status-publish","4":"has-post-thumbnail","6":"product_cat-anal-es","7":"product_cat-plugs-es","9":"first","10":"instock","11":"taxable","12":"shipping-taxable","13":"purchasable","14":"product-type-simple"},"jetpack_sharing_enabled":true,"_links":{"self":[{"href":"https:\/\/www.erothis.com\/es\/wp-json\/wp\/v2\/product\/503558","targetHints":{"allow":["GET"]}}],"collection":[{"href":"https:\/\/www.erothis.com\/es\/wp-json\/wp\/v2\/product"}],"about":[{"href":"https:\/\/www.erothis.com\/es\/wp-json\/wp\/v2\/types\/product"}],"replies":[{"embeddable":true,"href":"https:\/\/www.erothis.com\/es\/wp-json\/wp\/v2\/comments?post=503558"}],"version-history":[{"count":3,"href":"https:\/\/www.erothis.com\/es\/wp-json\/wp\/v2\/product\/503558\/revisions"}],"predecessor-version":[{"id":509220,"href":"https:\/\/www.erothis.com\/es\/wp-json\/wp\/v2\/product\/503558\/revisions\/509220"}],"wp:featuredmedia":[{"embeddable":true,"href":"https:\/\/www.erothis.com\/es\/wp-json\/wp\/v2\/media\/266934"}],"wp:attachment":[{"href":"https:\/\/www.erothis.com\/es\/wp-json\/wp\/v2\/media?parent=503558"}],"wp:term":[{"taxonomy":"product_brand","embeddable":true,"href":"https:\/\/www.erothis.com\/es\/wp-json\/wp\/v2\/product_brand?post=503558"},{"taxonomy":"product_cat","embeddable":true,"href":"https:\/\/www.erothis.com\/es\/wp-json\/wp\/v2\/product_cat?post=503558"},{"taxonomy":"product_tag","embeddable":true,"href":"https:\/\/www.erothis.com\/es\/wp-json\/wp\/v2\/product_tag?post=503558"}],"curies":[{"name":"wp","href":"https:\/\/api.w.org\/{rel}","templated":true}]}}