{"id":503623,"date":"2023-06-20T15:08:03","date_gmt":"2023-06-20T14:08:03","guid":{"rendered":"https:\/\/www.erothis.com\/?post_type=product&#038;p=503623"},"modified":"2025-05-14T15:02:42","modified_gmt":"2025-05-14T14:02:42","slug":"intense-flippy-i-huevo-control-remoto-rosa-2","status":"publish","type":"product","link":"https:\/\/www.erothis.com\/es\/productos\/intense-flippy-i-huevo-control-remoto-rosa-2\/","title":{"rendered":"INTENSE &#8211; FLIPPY I HUEVO CONTROL REMOTO ROSA"},"content":{"rendered":"<p>Potente, silencioso y compacto!!<\/p>\n<p>En cualquier lugar, disfruta del placer control remoto&#8230; ohh s\u00ed! Goza de placer y vibra bajo el control remoto de tu pareja. FLIPPY EGG I Bala vibradora control remoto vaginal que permite a las parejas y a los solteros osados convertir en realidad sus fantas\u00edas.<br \/>\nSiente una fabulosa excitaci\u00f3n en cualquier momento. El d\u00f3nde y el c\u00f3mo lo eliges t\u00fa. Con un radio de control remoto de 10 metros, tus veladas ya no volver\u00e1n a ser lo mismo.<\/p>\n<p>Disfruta de la anticipaci\u00f3n del placer privado en lugares p\u00fablicos. Los 12 niveles de vibraci\u00f3n dejan mucho poder en tus manos y en las de tu pareja: el poder de usarlo con picard\u00eda y dejarte pidiendo m\u00e1s.<br \/>\nINTENSE est\u00e1 fabricado en silicona suave como la seda.<\/p>\n<ul>\n<li>12 Funciones de vibraci\u00f3n<\/li>\n<li>2 Bater\u00edas AAA + 1 Bater\u00eda AAA ( No incluidas)<\/li>\n<li>100% Silicona suave &amp; Abs<\/li>\n<li>Silencioso<\/li>\n<li>Medidas Bala 79 x 32 mm<\/li>\n<li>Medidas Mando: 35 x 70 mm<\/li>\n<li>Libre de Phthalate<\/li>\n<\/ul>\n","protected":false},"excerpt":{"rendered":"<p>INTENSE &#8211; FLIPPY I VIBRATING EGG WITH REMOTE CONTROL PINK<\/p>\n","protected":false},"featured_media":267479,"comment_status":"open","ping_status":"closed","template":"","meta":[],"product_brand":[],"product_cat":[1267,1269],"product_tag":[],"class_list":{"0":"post-503623","1":"product","2":"type-product","3":"status-publish","4":"has-post-thumbnail","6":"product_cat-bolas-es","7":"product_cat-bolas-vibradoras","9":"first","10":"instock","11":"taxable","12":"shipping-taxable","13":"purchasable","14":"product-type-simple"},"jetpack_sharing_enabled":true,"_links":{"self":[{"href":"https:\/\/www.erothis.com\/es\/wp-json\/wp\/v2\/product\/503623","targetHints":{"allow":["GET"]}}],"collection":[{"href":"https:\/\/www.erothis.com\/es\/wp-json\/wp\/v2\/product"}],"about":[{"href":"https:\/\/www.erothis.com\/es\/wp-json\/wp\/v2\/types\/product"}],"replies":[{"embeddable":true,"href":"https:\/\/www.erothis.com\/es\/wp-json\/wp\/v2\/comments?post=503623"}],"version-history":[{"count":3,"href":"https:\/\/www.erothis.com\/es\/wp-json\/wp\/v2\/product\/503623\/revisions"}],"predecessor-version":[{"id":510174,"href":"https:\/\/www.erothis.com\/es\/wp-json\/wp\/v2\/product\/503623\/revisions\/510174"}],"wp:featuredmedia":[{"embeddable":true,"href":"https:\/\/www.erothis.com\/es\/wp-json\/wp\/v2\/media\/267479"}],"wp:attachment":[{"href":"https:\/\/www.erothis.com\/es\/wp-json\/wp\/v2\/media?parent=503623"}],"wp:term":[{"taxonomy":"product_brand","embeddable":true,"href":"https:\/\/www.erothis.com\/es\/wp-json\/wp\/v2\/product_brand?post=503623"},{"taxonomy":"product_cat","embeddable":true,"href":"https:\/\/www.erothis.com\/es\/wp-json\/wp\/v2\/product_cat?post=503623"},{"taxonomy":"product_tag","embeddable":true,"href":"https:\/\/www.erothis.com\/es\/wp-json\/wp\/v2\/product_tag?post=503623"}],"curies":[{"name":"wp","href":"https:\/\/api.w.org\/{rel}","templated":true}]}}