{"id":503629,"date":"2023-06-20T15:08:26","date_gmt":"2023-06-20T14:08:26","guid":{"rendered":"https:\/\/www.erothis.com\/?post_type=product&#038;p=503629"},"modified":"2025-08-31T00:08:29","modified_gmt":"2025-08-30T23:08:29","slug":"pretty-love-plug-ergonomico-silicona-14-cm-2","status":"publish","type":"product","link":"https:\/\/www.erothis.com\/es\/productos\/pretty-love-plug-ergonomico-silicona-14-cm-2\/","title":{"rendered":"PRETTY LOVE &#8211; PLUG ERGONOMICO SILICONA 14 CM"},"content":{"rendered":"<p>Ad\u00e9ntrate en el maravilloso mundo de la estimulaci\u00f3n anal. Este fant\u00e1stico plug de silicona es perfecto para usuarios que les guste disfrutar de la estimulaci\u00f3n anal y prost\u00e1tica. Est\u00e1 fabricado con\u00a0silicona de alta calidad y es sumergible. Su base hace efecto\u00a0ventosa para que puedas adherirlo a cualquier superficie plana.<\/p>\n<ul>\n<li>Plug silicona alta calidad<\/li>\n<li>Color Negro.<\/li>\n<li>Sumergible<\/li>\n<li>Con ventosa en la base.<\/li>\n<li>Longitud total:\u00a014 cm.<\/li>\n<li>Longitud insertable: 12.5 cm<\/li>\n<li>Di\u00e1metro m\u00e1ximo: 4.5 cm<\/li>\n<li>Incluye una pr\u00e1ctica bolsa para que puedas guardar y transportar.<\/li>\n<\/ul>\n<p>Pretty Love fabrica productos con exigentes normas de calidad, todos sus productos estan dise\u00f1ados en Estados Unidos y tienen 1 a\u00f1o de garant\u00eda en defectos t\u00e9cnicos<\/p>\n","protected":false},"excerpt":{"rendered":"<p>PRETTY LOVE &#8211; ERGONOMIC SILICONE PLUG 14 CM<\/p>\n","protected":false},"featured_media":267570,"comment_status":"open","ping_status":"closed","template":"","meta":[],"product_brand":[],"product_cat":[1263,1265],"product_tag":[],"class_list":{"0":"post-503629","1":"product","2":"type-product","3":"status-publish","4":"has-post-thumbnail","6":"product_cat-anal-es","7":"product_cat-plugs-es","9":"first","10":"instock","11":"taxable","12":"shipping-taxable","13":"purchasable","14":"product-type-simple"},"jetpack_sharing_enabled":true,"_links":{"self":[{"href":"https:\/\/www.erothis.com\/es\/wp-json\/wp\/v2\/product\/503629","targetHints":{"allow":["GET"]}}],"collection":[{"href":"https:\/\/www.erothis.com\/es\/wp-json\/wp\/v2\/product"}],"about":[{"href":"https:\/\/www.erothis.com\/es\/wp-json\/wp\/v2\/types\/product"}],"replies":[{"embeddable":true,"href":"https:\/\/www.erothis.com\/es\/wp-json\/wp\/v2\/comments?post=503629"}],"version-history":[{"count":3,"href":"https:\/\/www.erothis.com\/es\/wp-json\/wp\/v2\/product\/503629\/revisions"}],"predecessor-version":[{"id":509226,"href":"https:\/\/www.erothis.com\/es\/wp-json\/wp\/v2\/product\/503629\/revisions\/509226"}],"wp:featuredmedia":[{"embeddable":true,"href":"https:\/\/www.erothis.com\/es\/wp-json\/wp\/v2\/media\/267570"}],"wp:attachment":[{"href":"https:\/\/www.erothis.com\/es\/wp-json\/wp\/v2\/media?parent=503629"}],"wp:term":[{"taxonomy":"product_brand","embeddable":true,"href":"https:\/\/www.erothis.com\/es\/wp-json\/wp\/v2\/product_brand?post=503629"},{"taxonomy":"product_cat","embeddable":true,"href":"https:\/\/www.erothis.com\/es\/wp-json\/wp\/v2\/product_cat?post=503629"},{"taxonomy":"product_tag","embeddable":true,"href":"https:\/\/www.erothis.com\/es\/wp-json\/wp\/v2\/product_tag?post=503629"}],"curies":[{"name":"wp","href":"https:\/\/api.w.org\/{rel}","templated":true}]}}