{"id":503701,"date":"2023-06-20T15:14:04","date_gmt":"2023-06-20T14:14:04","guid":{"rendered":"https:\/\/www.erothis.com\/?post_type=product&#038;p=503701"},"modified":"2025-08-31T00:08:29","modified_gmt":"2025-08-30T23:08:29","slug":"je-joue-ooh-by-recambio-estimulador-plug-largo-negro-2","status":"publish","type":"product","link":"https:\/\/www.erothis.com\/es\/productos\/je-joue-ooh-by-recambio-estimulador-plug-largo-negro-2\/","title":{"rendered":"JE JOUE &#8211; OOH BY RECAMBIO ESTIMULADOR PLUG LARGO NEGRO"},"content":{"rendered":"<p>\u00a1Combina y date\u00a0placer a tu gusto!<\/p>\n<p>Lo \u00faltimo en placer personalizado. Selecciona de entre todo el rango de accesorios y prep\u00e1rate. Selecciona el motor m\u00e1s una estructura de la colecci\u00f3n, con\u00e9ctalos y disfruta como nunca antes.<\/p>\n<ul>\n<li>Estructura estimuladora Plug largo<\/li>\n<li>Color: Negro<\/li>\n<li>Motor no incluido<\/li>\n<li>Sumergible<\/li>\n<li>Tama\u00f1o: 16\u00a0x 4.5\u00a0x 3.5\u00a0cm<\/li>\n<\/ul>\n","protected":false},"excerpt":{"rendered":"<p>JE JOUE &#8211; OOH BY LONG BLACK PLUG STIMULATOR REPLACEMENT<\/p>\n","protected":false},"featured_media":268098,"comment_status":"open","ping_status":"closed","template":"","meta":[],"product_brand":[],"product_cat":[1263,1265,1266],"product_tag":[],"class_list":{"0":"post-503701","1":"product","2":"type-product","3":"status-publish","4":"has-post-thumbnail","6":"product_cat-anal-es","7":"product_cat-plugs-es","8":"product_cat-vibradores-anales","10":"first","11":"instock","12":"taxable","13":"shipping-taxable","14":"purchasable","15":"product-type-simple"},"jetpack_sharing_enabled":true,"_links":{"self":[{"href":"https:\/\/www.erothis.com\/es\/wp-json\/wp\/v2\/product\/503701","targetHints":{"allow":["GET"]}}],"collection":[{"href":"https:\/\/www.erothis.com\/es\/wp-json\/wp\/v2\/product"}],"about":[{"href":"https:\/\/www.erothis.com\/es\/wp-json\/wp\/v2\/types\/product"}],"replies":[{"embeddable":true,"href":"https:\/\/www.erothis.com\/es\/wp-json\/wp\/v2\/comments?post=503701"}],"version-history":[{"count":3,"href":"https:\/\/www.erothis.com\/es\/wp-json\/wp\/v2\/product\/503701\/revisions"}],"predecessor-version":[{"id":509232,"href":"https:\/\/www.erothis.com\/es\/wp-json\/wp\/v2\/product\/503701\/revisions\/509232"}],"wp:featuredmedia":[{"embeddable":true,"href":"https:\/\/www.erothis.com\/es\/wp-json\/wp\/v2\/media\/268098"}],"wp:attachment":[{"href":"https:\/\/www.erothis.com\/es\/wp-json\/wp\/v2\/media?parent=503701"}],"wp:term":[{"taxonomy":"product_brand","embeddable":true,"href":"https:\/\/www.erothis.com\/es\/wp-json\/wp\/v2\/product_brand?post=503701"},{"taxonomy":"product_cat","embeddable":true,"href":"https:\/\/www.erothis.com\/es\/wp-json\/wp\/v2\/product_cat?post=503701"},{"taxonomy":"product_tag","embeddable":true,"href":"https:\/\/www.erothis.com\/es\/wp-json\/wp\/v2\/product_tag?post=503701"}],"curies":[{"name":"wp","href":"https:\/\/api.w.org\/{rel}","templated":true}]}}