{"id":503742,"date":"2023-06-20T15:15:37","date_gmt":"2023-06-20T14:15:37","guid":{"rendered":"https:\/\/www.erothis.com\/?post_type=product&#038;p=503742"},"modified":"2025-05-19T12:56:01","modified_gmt":"2025-05-19T11:56:01","slug":"satisfyer-1-next-generation-2","status":"publish","type":"product","link":"https:\/\/www.erothis.com\/es\/productos\/satisfyer-1-next-generation-2\/","title":{"rendered":"SATISFYER &#8211; 1 NEXT GENERATION"},"content":{"rendered":"<p>Satisfyer 1 y 2 te har\u00e1n vivir una aventura est\u00e9s donde est\u00e9s. Gracias a su pr\u00e1ctico compartimento de bater\u00eda, podr\u00e1s disfrutar de repetidos estallidos de placer en cualquier momento y lugar. Su dise\u00f1o resistente al agua asegura una experiencia sensual \u00fanica en la ba\u00f1era.<\/p>\n<p>El travieso Satisfyer 1 es un artilugio imprescindible para quienes est\u00e1n frecuentemente fuera de casa. La forma esbelta y redondeada de este vibrador de ondas de presi\u00f3n hace que sea el compa\u00f1ero de viaje ideal. Gracias a su funcionamiento mediante bater\u00edas, proporciona placer sin contacto en cualquier momento con tan solo pulsar un bot\u00f3n.<\/p>\n<ul>\n<li>Modo de susurro<\/li>\n<li>F\u00e1cil de limpiar<\/li>\n<li>11 programas<\/li>\n<li>Estanco al agua para una mayor diversi\u00f3n bajo el agua<\/li>\n<li>Onda de presi\u00f3n y estimulaci\u00f3n del cl\u00edtoris sin contacto<\/li>\n<li>Silicona agradable al cuerpo<\/li>\n<li>Precisa 2 pilas AAA, no incluidas<\/li>\n<\/ul>\n<p>Satisfyer 1 permite disfrutar de orgasmos m\u00faltiples e incre\u00edblemente intensos en tan solo unos minutos. Mediante su cabezal ovalado, una innovadora tecnolog\u00eda de vac\u00edo y su acci\u00f3n de masaje sin contacto, Satisfyer 1 le proporciona una dosis extra de placer.<\/p>\n<p><strong>Funciones\/manejo\u00a0<\/strong><\/p>\n<p>Mantenga pulsado el bot\u00f3n de mando durante 2 s para encender el juguete.<br \/>\nSatisfyer 1 se activar\u00e1 entonces en el nivel de masaje m\u00e1s bajo. Abra ligeramente los labios para exponer el cl\u00edtoris. Coloque el cabezal del juguete sobre el cl\u00edtoris, de manera que este quede dentro de la cavidad. Una vez que haya encontrado la posici\u00f3n ideal, ya no necesitar\u00e1 mover m\u00e1s el juguete. Consejo: La aplicaci\u00f3n resulta a\u00fan m\u00e1s agradable con un lubricante de base acuosa. Conseguir\u00e1 unas pulsaciones m\u00e1s intensas si utiliza Satisfyer 1 bajo el agua (p. ej., en la ducha o en la ba\u00f1era). La intensidad de la vibraci\u00f3n se regula mediante el bot\u00f3n de mando. Cada vez que lo pulse, la intensidad aumentar\u00e1 un nivel. Puede elegir libremente entre 11 niveles de intensidad. Una vez que haya alcanzado el nivel 11, puede volver a reducir la potencia paso a paso pulsando el bot\u00f3n. Para finalizar, vuelva a mantener pulsado el bot\u00f3n hasta que el juguete se apague. E masaje sin contacto, Satisfyer 1 le proporciona una dosis<\/p>\n<p><strong>Puesta en servicio\u00a0<\/strong><\/p>\n<p>El juguete funciona con 2 bater\u00edas Micro AAA, por lo que puede utilizarse f\u00e1cilmente sin cables. Las bater\u00edas deben colocarse en el juguete antes de usarlo por primera vez. Gire el compartimento de bater\u00eda para abrirlo. Aseg\u00farese de colocar las bater\u00edas con la polaridad correcta. Si las bater\u00edas se colocan incorrectamente, el producto podr\u00eda sufrir da\u00f1os de funcionamiento. Si no puede controlar el producto correctamente, o si no puede controlar todas sus funciones, compruebe de nuevo las bater\u00edas.<\/p>\n<p><strong>Limpieza\u00a0<\/strong><\/p>\n<p>Satisfyer 1 es herm\u00e9tico al agua y muy f\u00e1cil de limpiar: incluso puede utilizarse sin ning\u00fan problema un bastoncillo de algod\u00f3n para limpiar la boquilla. Para una limpieza \u00f3ptima recomendamos un limpiador especial para juguetes, disponible en tiendas especializadas. Despu\u00e9s de dejar actuar brevemente el limpiador, solo tendr\u00e1 que secar el juguete con un pa\u00f1o limpio, suave y sin pelusas. Una limpieza regular prolonga la vida \u00fatil del juguete. Extra de placer.<\/p>\n<p>En caso de errores de funcionamiento o problemas de manejo del juguete, mantenga pulsado el bot\u00f3n de mando durante 5 s. Si el juguete sigue sin funcionar correctamente, env\u00ede un mensaje a la siguiente direcci\u00f3n de correo electr\u00f3nico: service@satisfyer.com.<\/p>\n<p>&nbsp;<\/p>\n<p><iframe src=\"https:\/\/www.youtube.com\/embed\/CipgDTC1ffY?rel=0&amp;controls=0&amp;showinfo=0&amp;start=1\" width=\"750\" height=\"350\" frameborder=\"0\" allowfullscreen=\"allowfullscreen\" data-mce-fragment=\"1\"><\/iframe><\/p>\n","protected":false},"excerpt":{"rendered":"<p>SATISFYER &#8211; 1 NEXT GENERATION<\/p>\n","protected":false},"featured_media":268304,"comment_status":"open","ping_status":"closed","template":"","meta":[],"product_brand":[],"product_cat":[1281,1279],"product_tag":[],"class_list":{"0":"post-503742","1":"product","2":"type-product","3":"status-publish","4":"has-post-thumbnail","6":"product_cat-estimuladores-es","7":"product_cat-para-ella","9":"first","10":"outofstock","11":"taxable","12":"shipping-taxable","13":"purchasable","14":"product-type-simple"},"jetpack_sharing_enabled":true,"_links":{"self":[{"href":"https:\/\/www.erothis.com\/es\/wp-json\/wp\/v2\/product\/503742","targetHints":{"allow":["GET"]}}],"collection":[{"href":"https:\/\/www.erothis.com\/es\/wp-json\/wp\/v2\/product"}],"about":[{"href":"https:\/\/www.erothis.com\/es\/wp-json\/wp\/v2\/types\/product"}],"replies":[{"embeddable":true,"href":"https:\/\/www.erothis.com\/es\/wp-json\/wp\/v2\/comments?post=503742"}],"version-history":[{"count":3,"href":"https:\/\/www.erothis.com\/es\/wp-json\/wp\/v2\/product\/503742\/revisions"}],"predecessor-version":[{"id":510392,"href":"https:\/\/www.erothis.com\/es\/wp-json\/wp\/v2\/product\/503742\/revisions\/510392"}],"wp:featuredmedia":[{"embeddable":true,"href":"https:\/\/www.erothis.com\/es\/wp-json\/wp\/v2\/media\/268304"}],"wp:attachment":[{"href":"https:\/\/www.erothis.com\/es\/wp-json\/wp\/v2\/media?parent=503742"}],"wp:term":[{"taxonomy":"product_brand","embeddable":true,"href":"https:\/\/www.erothis.com\/es\/wp-json\/wp\/v2\/product_brand?post=503742"},{"taxonomy":"product_cat","embeddable":true,"href":"https:\/\/www.erothis.com\/es\/wp-json\/wp\/v2\/product_cat?post=503742"},{"taxonomy":"product_tag","embeddable":true,"href":"https:\/\/www.erothis.com\/es\/wp-json\/wp\/v2\/product_tag?post=503742"}],"curies":[{"name":"wp","href":"https:\/\/api.w.org\/{rel}","templated":true}]}}