{"id":503756,"date":"2023-06-20T15:16:45","date_gmt":"2023-06-20T14:16:45","guid":{"rendered":"https:\/\/www.erothis.com\/?post_type=product&#038;p=503756"},"modified":"2025-04-15T11:09:48","modified_gmt":"2025-04-15T10:09:48","slug":"crazy-bull-vagina-y-ano-realisticos-con-vibracion-posicion-4","status":"publish","type":"product","link":"https:\/\/www.erothis.com\/es\/productos\/crazy-bull-vagina-y-ano-realisticos-con-vibracion-posicion-4\/","title":{"rendered":"CRAZY BULL &#8211; VAGINA Y ANO REAL\u00cdSTICOS CON VIBRACI\u00d3N POSICI\u00d3N 4"},"content":{"rendered":"<p>&iquest;Deseas tener una experiencia sexual real&iacute;stica? Con este busto&nbsp;podr&aacute;s hacerlo ya que est&aacute; dise&ntilde;ado con todo lujo de detalles y fabricado con materiales que simulan la piel humana. Adem&aacute;s sus canales est&aacute;n texturados de distinta forma. Elige qu&eacute; prefieres si ano o vagina y a disfrutar! Aunque eso no es todo ya que incopora dos potentes balas vibradoras que podr&aacute;s controlar con el mando para que el placer no tenga l&iacute;mites.&nbsp;<\/p>\n<p>Caracter&iacute;sticas:&nbsp;<\/p>\n<ul>\n","protected":false},"excerpt":{"rendered":"<p>CRAZY BULL &#8211; REALISTIC VAGINA AND ANUS WITH VIBRATION POSITION 4<\/p>\n","protected":false},"featured_media":268607,"comment_status":"open","ping_status":"closed","template":"","meta":[],"product_brand":[],"product_cat":[1286,1282],"product_tag":[],"class_list":{"0":"post-503756","1":"product","2":"type-product","3":"status-publish","4":"has-post-thumbnail","6":"product_cat-masturbadores-es","7":"product_cat-para-el","9":"first","10":"instock","11":"taxable","12":"shipping-taxable","13":"purchasable","14":"product-type-simple"},"jetpack_sharing_enabled":true,"_links":{"self":[{"href":"https:\/\/www.erothis.com\/es\/wp-json\/wp\/v2\/product\/503756","targetHints":{"allow":["GET"]}}],"collection":[{"href":"https:\/\/www.erothis.com\/es\/wp-json\/wp\/v2\/product"}],"about":[{"href":"https:\/\/www.erothis.com\/es\/wp-json\/wp\/v2\/types\/product"}],"replies":[{"embeddable":true,"href":"https:\/\/www.erothis.com\/es\/wp-json\/wp\/v2\/comments?post=503756"}],"version-history":[{"count":1,"href":"https:\/\/www.erothis.com\/es\/wp-json\/wp\/v2\/product\/503756\/revisions"}],"predecessor-version":[{"id":503786,"href":"https:\/\/www.erothis.com\/es\/wp-json\/wp\/v2\/product\/503756\/revisions\/503786"}],"wp:featuredmedia":[{"embeddable":true,"href":"https:\/\/www.erothis.com\/es\/wp-json\/wp\/v2\/media\/268607"}],"wp:attachment":[{"href":"https:\/\/www.erothis.com\/es\/wp-json\/wp\/v2\/media?parent=503756"}],"wp:term":[{"taxonomy":"product_brand","embeddable":true,"href":"https:\/\/www.erothis.com\/es\/wp-json\/wp\/v2\/product_brand?post=503756"},{"taxonomy":"product_cat","embeddable":true,"href":"https:\/\/www.erothis.com\/es\/wp-json\/wp\/v2\/product_cat?post=503756"},{"taxonomy":"product_tag","embeddable":true,"href":"https:\/\/www.erothis.com\/es\/wp-json\/wp\/v2\/product_tag?post=503756"}],"curies":[{"name":"wp","href":"https:\/\/api.w.org\/{rel}","templated":true}]}}