{"id":503941,"date":"2023-06-20T15:30:31","date_gmt":"2023-06-20T14:30:31","guid":{"rendered":"https:\/\/www.erothis.com\/?post_type=product&#038;p=503941"},"modified":"2025-08-31T00:08:30","modified_gmt":"2025-08-30T23:08:30","slug":"galatea-remote-control-otto-clickplay-2","status":"publish","type":"product","link":"https:\/\/www.erothis.com\/es\/productos\/galatea-remote-control-otto-clickplay-2\/","title":{"rendered":"GALATEA &#8211; REMOTE CONTROL OTTO CLICK&#038;PLAY"},"content":{"rendered":"<p>Otto; Estimulador para parejas con control remoto que consigue intensas sensaciones er\u00f3ticas a los dos. Se adapta a la forma de tu cuerpo, de silicona tacto suave y sedoso es el perfecto juguete para usar solo o en pareja, vaginal o anal.<\/p>\n<p>10 patrones de vibraci\u00f3n para jugar sin limites y para llegar al orgasmo bajo las ondas vibratorias de su potente motor silencioso. Con un mando totalmente discreto y de f\u00e1cil uso.<\/p>\n<p>Dise\u00f1o ergon\u00f3mico, producto impermeable de alta calidad y durabilidad con un 1 a\u00f1o de garant\u00eda total.\u00a0 Si\u00e9ntete segura, si\u00e9ntete Galatea!<\/p>\n<ul>\n<li>Silicona antialergenica<\/li>\n<li>Control Remoto<\/li>\n<li>10 patrones de vibraci\u00f3n<\/li>\n<li>1 Motor<\/li>\n<li>Recargable usb incluido<\/li>\n<li>Potente y silencioso<\/li>\n<li>Bateria de iones de litio<\/li>\n<li>Facil de limpiar<\/li>\n<\/ul>\n<p>Su nombre lo dice todo, Galatea te transporta a la galaxia del placer, \u00a1todo comienza con tres vibradores para comprobar que el placer satisfactorio existe!<\/p>\n<p>La exclusividad y los materiales de m\u00e1xima calidad junto con los potentes pero silenciosos motores hacen que estos juguetes sean verdaderamente singulares.<\/p>\n<p>Hasta 10 patrones de vibraciones para que sientas la fuerza de Galatea de suave a fuerte, bajo botones retroiluminados de f\u00e1cil uso.<br \/>\nSilicona grado medico \u00fanica flexible y transmisora de las vibraciones para que tu experiencia alcance el objetivo que buscas.<br \/>\nGalatea es una marca premium creada especialmente para mujeres experimentadas seguras de si misma en busca de un producto de m\u00e1xima calidad.<\/p>\n<p>INFORMACION DEL PRODUCTO:<\/p>\n<ul>\n<li>Longitud total: 19 cm<\/li>\n<li>Longitud insertable: 7.5 cm<\/li>\n<li>Di\u00e1metro m\u00e1ximo: 3.5 cm<\/li>\n<li>Peso: 90\u00a0gr<\/li>\n<li>Material: Silicona y ABS<\/li>\n<li>Color: Lila y blanco<\/li>\n<li>Sumergible: Si<\/li>\n<li>Bater\u00eda: Si, USB recargable<\/li>\n<\/ul>\n","protected":false},"excerpt":{"rendered":"<p>GALATEA &#8211; REMOTE CONTROL OTTO CLICK&amp;PLAY<\/p>\n","protected":false},"featured_media":303712,"comment_status":"open","ping_status":"closed","template":"","meta":[],"product_brand":[],"product_cat":[1263,1292,1266,1298],"product_tag":[],"class_list":{"0":"post-503941","1":"product","2":"type-product","3":"status-publish","4":"has-post-thumbnail","6":"product_cat-anal-es","7":"product_cat-vibradores-es","8":"product_cat-vibradores-anales","9":"product_cat-vibradores-para-parejas","11":"first","12":"instock","13":"taxable","14":"shipping-taxable","15":"purchasable","16":"product-type-simple"},"jetpack_sharing_enabled":true,"_links":{"self":[{"href":"https:\/\/www.erothis.com\/es\/wp-json\/wp\/v2\/product\/503941","targetHints":{"allow":["GET"]}}],"collection":[{"href":"https:\/\/www.erothis.com\/es\/wp-json\/wp\/v2\/product"}],"about":[{"href":"https:\/\/www.erothis.com\/es\/wp-json\/wp\/v2\/types\/product"}],"replies":[{"embeddable":true,"href":"https:\/\/www.erothis.com\/es\/wp-json\/wp\/v2\/comments?post=503941"}],"version-history":[{"count":4,"href":"https:\/\/www.erothis.com\/es\/wp-json\/wp\/v2\/product\/503941\/revisions"}],"predecessor-version":[{"id":509307,"href":"https:\/\/www.erothis.com\/es\/wp-json\/wp\/v2\/product\/503941\/revisions\/509307"}],"wp:featuredmedia":[{"embeddable":true,"href":"https:\/\/www.erothis.com\/es\/wp-json\/wp\/v2\/media\/303712"}],"wp:attachment":[{"href":"https:\/\/www.erothis.com\/es\/wp-json\/wp\/v2\/media?parent=503941"}],"wp:term":[{"taxonomy":"product_brand","embeddable":true,"href":"https:\/\/www.erothis.com\/es\/wp-json\/wp\/v2\/product_brand?post=503941"},{"taxonomy":"product_cat","embeddable":true,"href":"https:\/\/www.erothis.com\/es\/wp-json\/wp\/v2\/product_cat?post=503941"},{"taxonomy":"product_tag","embeddable":true,"href":"https:\/\/www.erothis.com\/es\/wp-json\/wp\/v2\/product_tag?post=503941"}],"curies":[{"name":"wp","href":"https:\/\/api.w.org\/{rel}","templated":true}]}}