{"id":504179,"date":"2023-06-20T16:16:36","date_gmt":"2023-06-20T15:16:36","guid":{"rendered":"https:\/\/www.erothis.com\/?post_type=product&#038;p=504179"},"modified":"2025-08-31T00:08:31","modified_gmt":"2025-08-30T23:08:31","slug":"addicted-toys-anal-massager-negro-2","status":"publish","type":"product","link":"https:\/\/www.erothis.com\/es\/productos\/addicted-toys-anal-massager-negro-2\/","title":{"rendered":"ADDICTED TOYS &#8211; ANAL MASSAGER NEGRO"},"content":{"rendered":"<p>Descubre la estimulaci\u00f3n perfecta entre pr\u00f3stata, ano y perineo con el masajeador anal de Addicted toys. La innovadora tecnolog\u00eda de Adicted es el resultado de una intensa b\u00fasqueda del placer sexual realizada en cooperaci\u00f3n con ur\u00f3logos y sex\u00f3logos.<\/p>\n<p>Fabricado en TPR 100% es seguro para el cuerpo y puede utilizarse con cualquier lubricante.<\/p>\n<p>Con este estimulador prost\u00e1tico alcanzar\u00e1s niveles de estimulaci\u00f3n extremos gracias a su balita vibradora.<\/p>\n<ul>\n<li>Motor potente para una vibraci\u00f3n intensa.<\/li>\n<li>Prep\u00e1rate para descubrir los placeres m\u00e1s ocultos solo o con tu pareja.<\/li>\n<li>Utiliza 1 pilas AAA incluida.<\/li>\n<\/ul>\n<div>\n<p>Para conseguir una experiencia \u00f3ptima y poder disfrutar de manera placentera y sin sentir dolor, Addicted toys recomienda el uso de los lubricantes de la marca Black Hole<\/p>\n<\/div>\n","protected":false},"excerpt":{"rendered":"<p>ADDICTED TOYS &#8211; ANAL MASSAGER BLACK<\/p>\n","protected":false},"featured_media":271459,"comment_status":"open","ping_status":"closed","template":"","meta":[],"product_brand":[],"product_cat":[1263,1285,1266],"product_tag":[],"class_list":{"0":"post-504179","1":"product","2":"type-product","3":"status-publish","4":"has-post-thumbnail","6":"product_cat-anal-es","7":"product_cat-especial-prostata-es","8":"product_cat-vibradores-anales","10":"first","11":"instock","12":"taxable","13":"shipping-taxable","14":"purchasable","15":"product-type-simple"},"jetpack_sharing_enabled":true,"_links":{"self":[{"href":"https:\/\/www.erothis.com\/es\/wp-json\/wp\/v2\/product\/504179","targetHints":{"allow":["GET"]}}],"collection":[{"href":"https:\/\/www.erothis.com\/es\/wp-json\/wp\/v2\/product"}],"about":[{"href":"https:\/\/www.erothis.com\/es\/wp-json\/wp\/v2\/types\/product"}],"replies":[{"embeddable":true,"href":"https:\/\/www.erothis.com\/es\/wp-json\/wp\/v2\/comments?post=504179"}],"version-history":[{"count":3,"href":"https:\/\/www.erothis.com\/es\/wp-json\/wp\/v2\/product\/504179\/revisions"}],"predecessor-version":[{"id":509352,"href":"https:\/\/www.erothis.com\/es\/wp-json\/wp\/v2\/product\/504179\/revisions\/509352"}],"wp:featuredmedia":[{"embeddable":true,"href":"https:\/\/www.erothis.com\/es\/wp-json\/wp\/v2\/media\/271459"}],"wp:attachment":[{"href":"https:\/\/www.erothis.com\/es\/wp-json\/wp\/v2\/media?parent=504179"}],"wp:term":[{"taxonomy":"product_brand","embeddable":true,"href":"https:\/\/www.erothis.com\/es\/wp-json\/wp\/v2\/product_brand?post=504179"},{"taxonomy":"product_cat","embeddable":true,"href":"https:\/\/www.erothis.com\/es\/wp-json\/wp\/v2\/product_cat?post=504179"},{"taxonomy":"product_tag","embeddable":true,"href":"https:\/\/www.erothis.com\/es\/wp-json\/wp\/v2\/product_tag?post=504179"}],"curies":[{"name":"wp","href":"https:\/\/api.w.org\/{rel}","templated":true}]}}