{"id":504219,"date":"2023-06-20T16:17:29","date_gmt":"2023-06-20T15:17:29","guid":{"rendered":"https:\/\/www.erothis.com\/?post_type=product&#038;p=504219"},"modified":"2025-08-31T00:08:31","modified_gmt":"2025-08-30T23:08:31","slug":"pretty-love-marriel-prostatico-vibrador-e-inflable-2","status":"publish","type":"product","link":"https:\/\/www.erothis.com\/es\/productos\/pretty-love-marriel-prostatico-vibrador-e-inflable-2\/","title":{"rendered":"PRETTY LOVE &#8211; MARRIEL PROST\u00c1TICO VIBRADOR E INFLABLE"},"content":{"rendered":"<p>Este plug\u00a0inflable con vibraciones de varias velocidades proporciona la m\u00e1xima sensaci\u00f3n anal. \u00a1El extremo ultra el\u00e1stico se infla suavemente para agregar satisfacci\u00f3n anal! \u00a1Cuando est\u00e1 inflado, ofrece la cantidad perfecta de presi\u00f3n y sensaciones agregadas a la pr\u00f3stata para el cl\u00edmax m\u00e1s inolvidable e inolvidable!<\/p>\n<ul>\n<li>12 funciones vibraciones<\/li>\n<li>Para la estimulaci\u00f3n de la pr\u00f3stata y el perineo.<\/li>\n<li>Silicona blanda<\/li>\n<li>USB recargable<\/li>\n<li>Base de succi\u00f3n fuerte<\/li>\n<li>Control remoto<\/li>\n<li>Medidas: Ver imagen.<\/li>\n<\/ul>\n<p>Pretty Love fabrica productos con altos est\u00e1ndares de calidad. Todos los productos est\u00e1n dise\u00f1ados en Estados Unidos y tienen 1 a\u00f1o de garant\u00eda en defectos t\u00e9cnicos. \u00a1El placer est\u00e1 asegurado!<\/p>\n","protected":false},"excerpt":{"rendered":"<p>PRETTY LOVE &#8211; MARRIEL PROSTATIC VIBRATOR AND INFLATABLE<\/p>\n","protected":false},"featured_media":271579,"comment_status":"open","ping_status":"closed","template":"","meta":[],"product_brand":[],"product_cat":[1263,1265,1266],"product_tag":[],"class_list":{"0":"post-504219","1":"product","2":"type-product","3":"status-publish","4":"has-post-thumbnail","6":"product_cat-anal-es","7":"product_cat-plugs-es","8":"product_cat-vibradores-anales","10":"first","11":"instock","12":"taxable","13":"shipping-taxable","14":"purchasable","15":"product-type-simple"},"jetpack_sharing_enabled":true,"_links":{"self":[{"href":"https:\/\/www.erothis.com\/es\/wp-json\/wp\/v2\/product\/504219","targetHints":{"allow":["GET"]}}],"collection":[{"href":"https:\/\/www.erothis.com\/es\/wp-json\/wp\/v2\/product"}],"about":[{"href":"https:\/\/www.erothis.com\/es\/wp-json\/wp\/v2\/types\/product"}],"replies":[{"embeddable":true,"href":"https:\/\/www.erothis.com\/es\/wp-json\/wp\/v2\/comments?post=504219"}],"version-history":[{"count":3,"href":"https:\/\/www.erothis.com\/es\/wp-json\/wp\/v2\/product\/504219\/revisions"}],"predecessor-version":[{"id":509361,"href":"https:\/\/www.erothis.com\/es\/wp-json\/wp\/v2\/product\/504219\/revisions\/509361"}],"wp:featuredmedia":[{"embeddable":true,"href":"https:\/\/www.erothis.com\/es\/wp-json\/wp\/v2\/media\/271579"}],"wp:attachment":[{"href":"https:\/\/www.erothis.com\/es\/wp-json\/wp\/v2\/media?parent=504219"}],"wp:term":[{"taxonomy":"product_brand","embeddable":true,"href":"https:\/\/www.erothis.com\/es\/wp-json\/wp\/v2\/product_brand?post=504219"},{"taxonomy":"product_cat","embeddable":true,"href":"https:\/\/www.erothis.com\/es\/wp-json\/wp\/v2\/product_cat?post=504219"},{"taxonomy":"product_tag","embeddable":true,"href":"https:\/\/www.erothis.com\/es\/wp-json\/wp\/v2\/product_tag?post=504219"}],"curies":[{"name":"wp","href":"https:\/\/api.w.org\/{rel}","templated":true}]}}