{"id":504223,"date":"2023-06-20T16:17:57","date_gmt":"2023-06-20T15:17:57","guid":{"rendered":"https:\/\/www.erothis.com\/?post_type=product&#038;p=504223"},"modified":"2025-08-31T00:08:31","modified_gmt":"2025-08-30T23:08:31","slug":"pretty-love-vibrador-anal-lila-2","status":"publish","type":"product","link":"https:\/\/www.erothis.com\/es\/productos\/pretty-love-vibrador-anal-lila-2\/","title":{"rendered":"PRETTY LOVE &#8211; VIBRADOR ANAL LILA"},"content":{"rendered":"<p>La estimulaci\u00f3n anal de este plug es la mejor que encontrar\u00e1s. Hecho de silicona de grado m\u00e9dico y con 12 funciones de vibraci\u00f3n, es muy flexible y muy c\u00f3modo para el usuario.<\/p>\n<p>Un plug\u00a0con un cuello estrecho para una inserci\u00f3n f\u00e1cil, y una base base curva que\u00a0permite una estracci\u00f3n\u00a0f\u00e1cil. La forma, longitud y circunferencia de las partes penetrantes del plug\u00a0estimulan el orgasmo. Para aquellos que deseen de una estimulaci\u00f3n anal inigualable, este es el juguete que andaban buscando.<\/p>\n<ul>\n<li>Alta estimulacion<\/li>\n<li>Unisexo<\/li>\n<li>Potentes vibraciones<\/li>\n<li>12 funciones de vibraci\u00f3n<\/li>\n<li>Flexible<\/li>\n<li>Silicona blanda<\/li>\n<li>USB recargable<\/li>\n<li>Impermeable<\/li>\n<\/ul>\n<p>Pretty Love fabrica productos con altos est\u00e1ndares de calidad. 1 a\u00f1o de garant\u00eda en defectos t\u00e9cnicos.<\/p>\n","protected":false},"excerpt":{"rendered":"<p>PRETTY LOVE &#8211; LILAC ANAL VIBRATOR<\/p>\n","protected":false},"featured_media":271637,"comment_status":"open","ping_status":"closed","template":"","meta":[],"product_brand":[],"product_cat":[1263,1265,1266],"product_tag":[],"class_list":{"0":"post-504223","1":"product","2":"type-product","3":"status-publish","4":"has-post-thumbnail","6":"product_cat-anal-es","7":"product_cat-plugs-es","8":"product_cat-vibradores-anales","10":"first","11":"instock","12":"taxable","13":"shipping-taxable","14":"purchasable","15":"product-type-simple"},"jetpack_sharing_enabled":true,"_links":{"self":[{"href":"https:\/\/www.erothis.com\/es\/wp-json\/wp\/v2\/product\/504223","targetHints":{"allow":["GET"]}}],"collection":[{"href":"https:\/\/www.erothis.com\/es\/wp-json\/wp\/v2\/product"}],"about":[{"href":"https:\/\/www.erothis.com\/es\/wp-json\/wp\/v2\/types\/product"}],"replies":[{"embeddable":true,"href":"https:\/\/www.erothis.com\/es\/wp-json\/wp\/v2\/comments?post=504223"}],"version-history":[{"count":3,"href":"https:\/\/www.erothis.com\/es\/wp-json\/wp\/v2\/product\/504223\/revisions"}],"predecessor-version":[{"id":509363,"href":"https:\/\/www.erothis.com\/es\/wp-json\/wp\/v2\/product\/504223\/revisions\/509363"}],"wp:featuredmedia":[{"embeddable":true,"href":"https:\/\/www.erothis.com\/es\/wp-json\/wp\/v2\/media\/271637"}],"wp:attachment":[{"href":"https:\/\/www.erothis.com\/es\/wp-json\/wp\/v2\/media?parent=504223"}],"wp:term":[{"taxonomy":"product_brand","embeddable":true,"href":"https:\/\/www.erothis.com\/es\/wp-json\/wp\/v2\/product_brand?post=504223"},{"taxonomy":"product_cat","embeddable":true,"href":"https:\/\/www.erothis.com\/es\/wp-json\/wp\/v2\/product_cat?post=504223"},{"taxonomy":"product_tag","embeddable":true,"href":"https:\/\/www.erothis.com\/es\/wp-json\/wp\/v2\/product_tag?post=504223"}],"curies":[{"name":"wp","href":"https:\/\/api.w.org\/{rel}","templated":true}]}}