{"id":504236,"date":"2023-06-20T16:19:32","date_gmt":"2023-06-20T15:19:32","guid":{"rendered":"https:\/\/www.erothis.com\/?post_type=product&#038;p=504236"},"modified":"2025-08-31T00:08:31","modified_gmt":"2025-08-30T23:08:31","slug":"pretty-love-heather-anal-up-and-down-2","status":"publish","type":"product","link":"https:\/\/www.erothis.com\/es\/productos\/pretty-love-heather-anal-up-and-down-2\/","title":{"rendered":"PRETTY LOVE &#8211; HEATHER ANAL UP AND DOWN"},"content":{"rendered":"<p>Este Plug Anal tiene un secreto que emociona incluso a expertos m\u00e1s avanzados del juego anal. Si te gustan las sensaciones \u00fanicas del juego anal, te encantar\u00e1 el dise\u00f1o grueso, largo y suave de este plug.<\/p>\n<p>Su c\u00f3moda inserci\u00f3n con una ventosa que le permite utilizarlo sin las manos, las 4 funciones de vibraci\u00f3n y los 4 modos de subida y bajada te brindar\u00e1n\u00a0 un emocionante viaje al placer anal que aumenta su estimulaci\u00f3n con cada paso.<\/p>\n<p>Caracter\u00edsticas:<\/p>\n<ul>\n<li>12 modos de vibraci\u00f3n<\/li>\n<li>3 modos de up and down.<\/li>\n<li>Funci\u00f3n de subida y bajada<\/li>\n<li>Controlado por control remoto<\/li>\n<li>Fuerte ventosa<\/li>\n<li>Silicona suave premium<\/li>\n<li>Sumergible<\/li>\n<li>USB recargable<\/li>\n<li>Medida: Ver imagen<\/li>\n<li>Color: Lila<\/li>\n<\/ul>\n<p>Pretty Love fabrica productos con altos est\u00e1ndares de calidad. Todos sus productos est\u00e1 dise\u00f1ados en EEUU y tienen 1 a\u00f1o de garant\u00eda por defecto t\u00e9cnico. \u00a1El placer est\u00e1 asegurado!<\/p>\n","protected":false},"excerpt":{"rendered":"<p>PRETTY LOVE &#8211; HEATHER ANAL UP AND DOWN<\/p>\n","protected":false},"featured_media":509388,"comment_status":"open","ping_status":"closed","template":"","meta":[],"product_brand":[],"product_cat":[1263,1265,1266],"product_tag":[],"class_list":{"0":"post-504236","1":"product","2":"type-product","3":"status-publish","4":"has-post-thumbnail","6":"product_cat-anal-es","7":"product_cat-plugs-es","8":"product_cat-vibradores-anales","10":"first","11":"instock","12":"taxable","13":"shipping-taxable","14":"purchasable","15":"product-type-simple"},"jetpack_sharing_enabled":true,"_links":{"self":[{"href":"https:\/\/www.erothis.com\/es\/wp-json\/wp\/v2\/product\/504236","targetHints":{"allow":["GET"]}}],"collection":[{"href":"https:\/\/www.erothis.com\/es\/wp-json\/wp\/v2\/product"}],"about":[{"href":"https:\/\/www.erothis.com\/es\/wp-json\/wp\/v2\/types\/product"}],"replies":[{"embeddable":true,"href":"https:\/\/www.erothis.com\/es\/wp-json\/wp\/v2\/comments?post=504236"}],"version-history":[{"count":4,"href":"https:\/\/www.erothis.com\/es\/wp-json\/wp\/v2\/product\/504236\/revisions"}],"predecessor-version":[{"id":509395,"href":"https:\/\/www.erothis.com\/es\/wp-json\/wp\/v2\/product\/504236\/revisions\/509395"}],"wp:featuredmedia":[{"embeddable":true,"href":"https:\/\/www.erothis.com\/es\/wp-json\/wp\/v2\/media\/509388"}],"wp:attachment":[{"href":"https:\/\/www.erothis.com\/es\/wp-json\/wp\/v2\/media?parent=504236"}],"wp:term":[{"taxonomy":"product_brand","embeddable":true,"href":"https:\/\/www.erothis.com\/es\/wp-json\/wp\/v2\/product_brand?post=504236"},{"taxonomy":"product_cat","embeddable":true,"href":"https:\/\/www.erothis.com\/es\/wp-json\/wp\/v2\/product_cat?post=504236"},{"taxonomy":"product_tag","embeddable":true,"href":"https:\/\/www.erothis.com\/es\/wp-json\/wp\/v2\/product_tag?post=504236"}],"curies":[{"name":"wp","href":"https:\/\/api.w.org\/{rel}","templated":true}]}}