{"id":504244,"date":"2023-06-20T16:20:52","date_gmt":"2023-06-20T15:20:52","guid":{"rendered":"https:\/\/www.erothis.com\/?post_type=product&#038;p=504244"},"modified":"2025-05-20T16:06:49","modified_gmt":"2025-05-20T15:06:49","slug":"intense-rabbit-roger-lila-2","status":"publish","type":"product","link":"https:\/\/www.erothis.com\/es\/productos\/intense-rabbit-roger-lila-2\/","title":{"rendered":"INTENSE &#8211; RABBIT ROGER LILA"},"content":{"rendered":"<p>Nuestro Roger Rabbit est\u00e1 dise\u00f1ado ergon\u00f3micamente para satisfacer una estimulaci\u00f3n precisa que se puede utilizar en todas las zonas er\u00f3genas. \u00a1El contorno, la forma y la suavidad permiten jugar con manos libres!<\/p>\n<p>Tan f\u00e1cil como es de usar, es igual de f\u00e1cil de limpiar y guardar. Intense Rabbit es un perfecto estimulador potente, peque\u00f1o y compacto. Ideal para llevar en el bolso a la oficina o de viaje.<\/p>\n<p>Se recomienda utilizarlo con un lubricante base de agua de la marca Waterfeel y finalizar con una limpieza a base agua y jab\u00f3n ph neutro adem\u00e1s de utilizar el spray toycleaner de waterfeel que complementa la limpieza extrema.<\/p>\n<ul>\n<li>Silencioso<\/li>\n<li>Material; Silicona Medica y ABS<\/li>\n<li>Potente<\/li>\n<li>Funciona con 3 pilas LR44 incluidas<\/li>\n<li>9 Centimetros longitud<\/li>\n<li>1 velocidad<\/li>\n<\/ul>\n","protected":false},"excerpt":{"rendered":"<p>INTENSE &#8211; RABBIT ROGER LILAC<\/p>\n","protected":false},"featured_media":271868,"comment_status":"open","ping_status":"closed","template":"","meta":[],"product_brand":[],"product_cat":[1281,1279],"product_tag":[],"class_list":{"0":"post-504244","1":"product","2":"type-product","3":"status-publish","4":"has-post-thumbnail","6":"product_cat-estimuladores-es","7":"product_cat-para-ella","9":"first","10":"instock","11":"taxable","12":"shipping-taxable","13":"purchasable","14":"product-type-simple"},"jetpack_sharing_enabled":true,"_links":{"self":[{"href":"https:\/\/www.erothis.com\/es\/wp-json\/wp\/v2\/product\/504244","targetHints":{"allow":["GET"]}}],"collection":[{"href":"https:\/\/www.erothis.com\/es\/wp-json\/wp\/v2\/product"}],"about":[{"href":"https:\/\/www.erothis.com\/es\/wp-json\/wp\/v2\/types\/product"}],"replies":[{"embeddable":true,"href":"https:\/\/www.erothis.com\/es\/wp-json\/wp\/v2\/comments?post=504244"}],"version-history":[{"count":3,"href":"https:\/\/www.erothis.com\/es\/wp-json\/wp\/v2\/product\/504244\/revisions"}],"predecessor-version":[{"id":510493,"href":"https:\/\/www.erothis.com\/es\/wp-json\/wp\/v2\/product\/504244\/revisions\/510493"}],"wp:featuredmedia":[{"embeddable":true,"href":"https:\/\/www.erothis.com\/es\/wp-json\/wp\/v2\/media\/271868"}],"wp:attachment":[{"href":"https:\/\/www.erothis.com\/es\/wp-json\/wp\/v2\/media?parent=504244"}],"wp:term":[{"taxonomy":"product_brand","embeddable":true,"href":"https:\/\/www.erothis.com\/es\/wp-json\/wp\/v2\/product_brand?post=504244"},{"taxonomy":"product_cat","embeddable":true,"href":"https:\/\/www.erothis.com\/es\/wp-json\/wp\/v2\/product_cat?post=504244"},{"taxonomy":"product_tag","embeddable":true,"href":"https:\/\/www.erothis.com\/es\/wp-json\/wp\/v2\/product_tag?post=504244"}],"curies":[{"name":"wp","href":"https:\/\/api.w.org\/{rel}","templated":true}]}}