{"id":504303,"date":"2023-06-20T16:23:16","date_gmt":"2023-06-20T15:23:16","guid":{"rendered":"https:\/\/www.erothis.com\/?post_type=product&#038;p=504303"},"modified":"2026-03-05T10:19:26","modified_gmt":"2026-03-05T10:19:26","slug":"glossy-pocket-kurt-masajeador-lila-2","status":"publish","type":"product","link":"https:\/\/www.erothis.com\/es\/productos\/glossy-pocket-kurt-masajeador-lila-2\/","title":{"rendered":"GLOSSY &#8211; POCKET KURT MASAJEADOR LILA"},"content":{"rendered":"<p>Rel\u00e1jate, reduce tu estr\u00e9s y deja\u00a0 unos minutos para t\u00ed. Con cuatro suaves cabezales intercambiables entre los que podr\u00e1s elegir, este mini masajeador multivelocidad estimular\u00e1 el punto exacto que m\u00e1s necesitas. Acabado con nuestro sedoso Glossy , este poderoso vibrador es suave al tacto, ultra elegante y le transmitir\u00e1 un placer jam\u00e1s antes experimentado, adem\u00e1s por su discreto tama\u00f1o te lo podr\u00e1s llevar donde desees.<\/p>\n<p>Este potente estimulador port\u00e1til hace lo que dice en el envase. Viene con 4 cabezales diferentes f\u00e1cilmente intercambiables para vivir distintos est\u00edmulos. A veces lo \u00fanico que necesitas es una velocidad. Este peque\u00f1o estimulador est\u00e1 hecho de ABS con recubrimiento de poliuretano.<\/p>\n<p>Caracter\u00edsticas:<\/p>\n<ul>\n<li>&#8211; Longitud total: 10,7 cm<\/li>\n<li>&#8211; Di\u00e1metro: 2,5 cm<\/li>\n<li>&#8211; Longitud Insertable: 6 cm<\/li>\n<li>&#8211; Material: ABS<\/li>\n<li>&#8211; Resistente al agua.<\/li>\n<li>&#8211; Sin phalatos.<\/li>\n<li>&#8211; Nivel de ruido: max. 60 dB<\/li>\n<li>&#8211; Pilas: no incl. &#8211; 1x AA<\/li>\n<li>Medidas: 10 cm. longitud x 1,9 cm. di\u00e1metro.<\/li>\n<\/ul>\n<p>Util\u00edzalo con un lubricante de base agua seguro como la marca Waterfeel y l\u00edmpialo con jab\u00f3n ph neutro y agua tibia tras su uso, para finalizar utiliza el esterilizador Waterfeel y quedar\u00e1 como nuevo para un siguiente uso.<\/p>\n","protected":false},"excerpt":{"rendered":"<p>GLOSSY &#8211; KURT POCKET MASSAGER PURPLE<\/p>\n","protected":false},"featured_media":272141,"comment_status":"open","ping_status":"closed","template":"","meta":[],"product_brand":[],"product_cat":[1281,1279],"product_tag":[],"class_list":{"0":"post-504303","1":"product","2":"type-product","3":"status-publish","4":"has-post-thumbnail","6":"product_cat-estimuladores-es","7":"product_cat-para-ella","9":"first","10":"instock","11":"taxable","12":"shipping-taxable","13":"purchasable","14":"product-type-simple"},"jetpack_sharing_enabled":true,"_links":{"self":[{"href":"https:\/\/www.erothis.com\/es\/wp-json\/wp\/v2\/product\/504303","targetHints":{"allow":["GET"]}}],"collection":[{"href":"https:\/\/www.erothis.com\/es\/wp-json\/wp\/v2\/product"}],"about":[{"href":"https:\/\/www.erothis.com\/es\/wp-json\/wp\/v2\/types\/product"}],"replies":[{"embeddable":true,"href":"https:\/\/www.erothis.com\/es\/wp-json\/wp\/v2\/comments?post=504303"}],"version-history":[{"count":3,"href":"https:\/\/www.erothis.com\/es\/wp-json\/wp\/v2\/product\/504303\/revisions"}],"predecessor-version":[{"id":510504,"href":"https:\/\/www.erothis.com\/es\/wp-json\/wp\/v2\/product\/504303\/revisions\/510504"}],"wp:featuredmedia":[{"embeddable":true,"href":"https:\/\/www.erothis.com\/es\/wp-json\/wp\/v2\/media\/272141"}],"wp:attachment":[{"href":"https:\/\/www.erothis.com\/es\/wp-json\/wp\/v2\/media?parent=504303"}],"wp:term":[{"taxonomy":"product_brand","embeddable":true,"href":"https:\/\/www.erothis.com\/es\/wp-json\/wp\/v2\/product_brand?post=504303"},{"taxonomy":"product_cat","embeddable":true,"href":"https:\/\/www.erothis.com\/es\/wp-json\/wp\/v2\/product_cat?post=504303"},{"taxonomy":"product_tag","embeddable":true,"href":"https:\/\/www.erothis.com\/es\/wp-json\/wp\/v2\/product_tag?post=504303"}],"curies":[{"name":"wp","href":"https:\/\/api.w.org\/{rel}","templated":true}]}}