{"id":504406,"date":"2023-06-20T16:29:58","date_gmt":"2023-06-20T15:29:58","guid":{"rendered":"https:\/\/www.erothis.com\/?post_type=product&#038;p=504406"},"modified":"2025-08-31T00:08:32","modified_gmt":"2025-08-30T23:08:32","slug":"addicted-toys-plug-anal-con-anilla-doble-pene-y-testiculos-negro-2","status":"publish","type":"product","link":"https:\/\/www.erothis.com\/es\/productos\/addicted-toys-plug-anal-con-anilla-doble-pene-y-testiculos-negro-2\/","title":{"rendered":"ADDICTED TOYS &#8211; PLUG ANAL CON ANILLA DOBLE PENE Y TEST\u00cdCULOS NEGRO"},"content":{"rendered":"<p>\u00bfHa visto alguna vez un dilatador anal combinado con un anillo para el pene? Te aseguramos que, si te entusiasma el placer por la retaguardia, esto te va a encantar.<\/p>\n<p>El anillo para el pene te proporcionar\u00e1 la solidez que tanto deseas y el anillo para test\u00edculos te proporcionar\u00e1 una agradable sensaci\u00f3n de presi\u00f3n. Una vez insertado el dilatador anal, disfrutar\u00e1s de su forma y textura caracter\u00edsticas, gracias al material de tpr tacto suave respetuoso con tu cuerpo. El dilatador anal se adapta muy r\u00e1pidamente a la temperatura de tu cuerpo y su punta curvada te transportar\u00e1 a ambientes inimaginables.<\/p>\n<p>Adem\u00e1s, este dilatador dispone de un motor con vibraci\u00f3n que culmina la fuente de placer.<\/p>\n<ul>\n<li>Longitud del Plug: 11,4 cm<\/li>\n<li>Di\u00e1metro del Plug: 4 cm<\/li>\n<\/ul>\n","protected":false},"excerpt":{"rendered":"<p>ADDICTED TOYS &#8211; ANAL PLUG WITH DOUBLE PENIS RING AND TESTICLES BLACK<\/p>\n","protected":false},"featured_media":272714,"comment_status":"open","ping_status":"closed","template":"","meta":[],"product_brand":[],"product_cat":[1263,1265,1266],"product_tag":[],"class_list":{"0":"post-504406","1":"product","2":"type-product","3":"status-publish","4":"has-post-thumbnail","6":"product_cat-anal-es","7":"product_cat-plugs-es","8":"product_cat-vibradores-anales","10":"first","11":"instock","12":"taxable","13":"shipping-taxable","14":"purchasable","15":"product-type-simple"},"jetpack_sharing_enabled":true,"_links":{"self":[{"href":"https:\/\/www.erothis.com\/es\/wp-json\/wp\/v2\/product\/504406","targetHints":{"allow":["GET"]}}],"collection":[{"href":"https:\/\/www.erothis.com\/es\/wp-json\/wp\/v2\/product"}],"about":[{"href":"https:\/\/www.erothis.com\/es\/wp-json\/wp\/v2\/types\/product"}],"replies":[{"embeddable":true,"href":"https:\/\/www.erothis.com\/es\/wp-json\/wp\/v2\/comments?post=504406"}],"version-history":[{"count":3,"href":"https:\/\/www.erothis.com\/es\/wp-json\/wp\/v2\/product\/504406\/revisions"}],"predecessor-version":[{"id":509458,"href":"https:\/\/www.erothis.com\/es\/wp-json\/wp\/v2\/product\/504406\/revisions\/509458"}],"wp:featuredmedia":[{"embeddable":true,"href":"https:\/\/www.erothis.com\/es\/wp-json\/wp\/v2\/media\/272714"}],"wp:attachment":[{"href":"https:\/\/www.erothis.com\/es\/wp-json\/wp\/v2\/media?parent=504406"}],"wp:term":[{"taxonomy":"product_brand","embeddable":true,"href":"https:\/\/www.erothis.com\/es\/wp-json\/wp\/v2\/product_brand?post=504406"},{"taxonomy":"product_cat","embeddable":true,"href":"https:\/\/www.erothis.com\/es\/wp-json\/wp\/v2\/product_cat?post=504406"},{"taxonomy":"product_tag","embeddable":true,"href":"https:\/\/www.erothis.com\/es\/wp-json\/wp\/v2\/product_tag?post=504406"}],"curies":[{"name":"wp","href":"https:\/\/api.w.org\/{rel}","templated":true}]}}