{"id":504530,"date":"2023-06-20T16:33:32","date_gmt":"2023-06-20T15:33:32","guid":{"rendered":"https:\/\/www.erothis.com\/?post_type=product&#038;p=504530"},"modified":"2025-08-31T00:08:32","modified_gmt":"2025-08-30T23:08:32","slug":"hung-system-plug-black-23-5cm","status":"publish","type":"product","link":"https:\/\/www.erothis.com\/es\/productos\/hung-system-plug-black-23-5cm\/","title":{"rendered":"HUNG SYSTEM &#8211; PLUG BLACK 23.5CM"},"content":{"rendered":"<p>Hung System es una serie que consiste diferentes plug anales y varios dildos. El sistema de succi\u00f3n es s\u00faper fuerte y proporciona una infinidad de variaciones posibles \u00fanica en su clase.<\/p>\n<p>Este plug cuenta con un mango para que puedas darle un placer extremo a tu pareja a\u00f1adiendole un dildo, plug de la marca Hung en su otro extremo, t\u00fa decides.<\/p>\n<ul>\n<li>Dise\u00f1ado para darte unas sensaciones impresionantes es compatible con todos los lubricantes, no es t\u00f3xico y muy sencillo de limpiar.<\/li>\n<\/ul>\n<p>Medidas: 23,5 cm x 7 cm x 7 cm<\/p>\n","protected":false},"excerpt":{"rendered":"<p>HUNG SYSTEM &#8211; PLUG BLACK<\/p>\n","protected":false},"featured_media":273234,"comment_status":"open","ping_status":"closed","template":"","meta":[],"product_brand":[],"product_cat":[1263,1265],"product_tag":[],"class_list":{"0":"post-504530","1":"product","2":"type-product","3":"status-publish","4":"has-post-thumbnail","6":"product_cat-anal-es","7":"product_cat-plugs-es","9":"first","10":"instock","11":"taxable","12":"shipping-taxable","13":"purchasable","14":"product-type-simple"},"jetpack_sharing_enabled":true,"_links":{"self":[{"href":"https:\/\/www.erothis.com\/es\/wp-json\/wp\/v2\/product\/504530","targetHints":{"allow":["GET"]}}],"collection":[{"href":"https:\/\/www.erothis.com\/es\/wp-json\/wp\/v2\/product"}],"about":[{"href":"https:\/\/www.erothis.com\/es\/wp-json\/wp\/v2\/types\/product"}],"replies":[{"embeddable":true,"href":"https:\/\/www.erothis.com\/es\/wp-json\/wp\/v2\/comments?post=504530"}],"version-history":[{"count":3,"href":"https:\/\/www.erothis.com\/es\/wp-json\/wp\/v2\/product\/504530\/revisions"}],"predecessor-version":[{"id":509522,"href":"https:\/\/www.erothis.com\/es\/wp-json\/wp\/v2\/product\/504530\/revisions\/509522"}],"wp:featuredmedia":[{"embeddable":true,"href":"https:\/\/www.erothis.com\/es\/wp-json\/wp\/v2\/media\/273234"}],"wp:attachment":[{"href":"https:\/\/www.erothis.com\/es\/wp-json\/wp\/v2\/media?parent=504530"}],"wp:term":[{"taxonomy":"product_brand","embeddable":true,"href":"https:\/\/www.erothis.com\/es\/wp-json\/wp\/v2\/product_brand?post=504530"},{"taxonomy":"product_cat","embeddable":true,"href":"https:\/\/www.erothis.com\/es\/wp-json\/wp\/v2\/product_cat?post=504530"},{"taxonomy":"product_tag","embeddable":true,"href":"https:\/\/www.erothis.com\/es\/wp-json\/wp\/v2\/product_tag?post=504530"}],"curies":[{"name":"wp","href":"https:\/\/api.w.org\/{rel}","templated":true}]}}