{"id":504531,"date":"2023-06-20T16:34:59","date_gmt":"2023-06-20T15:34:59","guid":{"rendered":"https:\/\/www.erothis.com\/?post_type=product&#038;p=504531"},"modified":"2025-05-12T17:54:14","modified_gmt":"2025-05-12T16:54:14","slug":"act-fat-ass-masturbador-realistico-2","status":"publish","type":"product","link":"https:\/\/www.erothis.com\/es\/productos\/act-fat-ass-masturbador-realistico-2\/","title":{"rendered":"ACT &#8211; FAT ASS MASTURBADOR REAL\u00cdSTICO"},"content":{"rendered":"<p>\u00bfListo para la acci\u00f3n? Si te gusta disfrutar del sexo a cualquier hora Entonces te encantar\u00e1 el Fat Ass<\/p>\n<p>Este trasero grande y atrevido est\u00e1 dise\u00f1ado para proporcionar el m\u00e1ximo placer al estilo perrito. El gran masturbador est\u00e1 hecho de TPE de calidad y presenta labios rosados de forma real y canales de textura agradable.<\/p>\n<p>Este masturbador anat\u00f3micamente moldeado ofrece una experiencia cercana y personal para atraer a todos los sentidos.<\/p>\n<ul>\n<li>Hecho de TPR de calidad, el dise\u00f1o es suave al tacto y duradero, permitiendo infinitas sesiones de juego \u00edntimo. El Fat Ass presenta dos orificios reales: un canal vaginal y anal con un cuerpo perfecto. \u00a0Resistente al agua.<\/li>\n<\/ul>\n<p>Se recomienda el uso de lubricantes a base de Agua marca waterfeel para un rendimiento \u00f3ptimo.<\/p>\n","protected":false},"excerpt":{"rendered":"<p>ACT &#8211; FAT ASS MASTURBATOR<\/p>\n","protected":false},"featured_media":273293,"comment_status":"open","ping_status":"closed","template":"","meta":[],"product_brand":[],"product_cat":[1286,1271],"product_tag":[],"class_list":{"0":"post-504531","1":"product","2":"type-product","3":"status-publish","4":"has-post-thumbnail","6":"product_cat-masturbadores-es","7":"product_cat-munecos-de-tamano-real","9":"first","10":"instock","11":"taxable","12":"shipping-taxable","13":"purchasable","14":"product-type-simple"},"jetpack_sharing_enabled":true,"_links":{"self":[{"href":"https:\/\/www.erothis.com\/es\/wp-json\/wp\/v2\/product\/504531","targetHints":{"allow":["GET"]}}],"collection":[{"href":"https:\/\/www.erothis.com\/es\/wp-json\/wp\/v2\/product"}],"about":[{"href":"https:\/\/www.erothis.com\/es\/wp-json\/wp\/v2\/types\/product"}],"replies":[{"embeddable":true,"href":"https:\/\/www.erothis.com\/es\/wp-json\/wp\/v2\/comments?post=504531"}],"version-history":[{"count":3,"href":"https:\/\/www.erothis.com\/es\/wp-json\/wp\/v2\/product\/504531\/revisions"}],"predecessor-version":[{"id":509988,"href":"https:\/\/www.erothis.com\/es\/wp-json\/wp\/v2\/product\/504531\/revisions\/509988"}],"wp:featuredmedia":[{"embeddable":true,"href":"https:\/\/www.erothis.com\/es\/wp-json\/wp\/v2\/media\/273293"}],"wp:attachment":[{"href":"https:\/\/www.erothis.com\/es\/wp-json\/wp\/v2\/media?parent=504531"}],"wp:term":[{"taxonomy":"product_brand","embeddable":true,"href":"https:\/\/www.erothis.com\/es\/wp-json\/wp\/v2\/product_brand?post=504531"},{"taxonomy":"product_cat","embeddable":true,"href":"https:\/\/www.erothis.com\/es\/wp-json\/wp\/v2\/product_cat?post=504531"},{"taxonomy":"product_tag","embeddable":true,"href":"https:\/\/www.erothis.com\/es\/wp-json\/wp\/v2\/product_tag?post=504531"}],"curies":[{"name":"wp","href":"https:\/\/api.w.org\/{rel}","templated":true}]}}