{"id":504590,"date":"2023-06-20T16:37:18","date_gmt":"2023-06-20T15:37:18","guid":{"rendered":"https:\/\/www.erothis.com\/?post_type=product&#038;p=504590"},"modified":"2025-08-31T00:08:32","modified_gmt":"2025-08-30T23:08:32","slug":"calexotics-colt-large-pumper-plug-negro-2","status":"publish","type":"product","link":"https:\/\/www.erothis.com\/es\/productos\/calexotics-colt-large-pumper-plug-negro-2\/","title":{"rendered":"CALEXOTICS &#8211; COLT LARGE PUMPER PLUG NEGRO"},"content":{"rendered":"<p>Plug hinchable que permite aumentar r\u00e1pidamente su tama\u00f1o, mediante una bomba f\u00e1cil de utilizar, fabricado en silicona libre de ftalato, respeta t\u00fa cuerpo.<\/p>\n<ul>\n<li>Medidas insertables: 11,5 x 3,75 cm (antes de la inflaci\u00f3n)<\/li>\n<\/ul>\n<p>Incluye una v\u00e1lvula de seguridad para garantizar un control completo de la presi\u00f3n.<\/p>\n<p>Especialmente indicado para penetraciones anales, bien lubricado, se abrir\u00e1 paso sin problemas, gracias a su deslizante material, ayud\u00e1ndote a alcanzar ese punto que siempre has buscado.<\/p>\n","protected":false},"excerpt":{"rendered":"<p>CALEXOTICS &#8211; COLT LARGE PUMPER PLUG BLACK<\/p>\n","protected":false},"featured_media":273501,"comment_status":"open","ping_status":"closed","template":"","meta":[],"product_brand":[],"product_cat":[1263,1265],"product_tag":[],"class_list":{"0":"post-504590","1":"product","2":"type-product","3":"status-publish","4":"has-post-thumbnail","6":"product_cat-anal-es","7":"product_cat-plugs-es","9":"first","10":"instock","11":"taxable","12":"shipping-taxable","13":"purchasable","14":"product-type-simple"},"jetpack_sharing_enabled":true,"_links":{"self":[{"href":"https:\/\/www.erothis.com\/es\/wp-json\/wp\/v2\/product\/504590","targetHints":{"allow":["GET"]}}],"collection":[{"href":"https:\/\/www.erothis.com\/es\/wp-json\/wp\/v2\/product"}],"about":[{"href":"https:\/\/www.erothis.com\/es\/wp-json\/wp\/v2\/types\/product"}],"replies":[{"embeddable":true,"href":"https:\/\/www.erothis.com\/es\/wp-json\/wp\/v2\/comments?post=504590"}],"version-history":[{"count":3,"href":"https:\/\/www.erothis.com\/es\/wp-json\/wp\/v2\/product\/504590\/revisions"}],"predecessor-version":[{"id":509535,"href":"https:\/\/www.erothis.com\/es\/wp-json\/wp\/v2\/product\/504590\/revisions\/509535"}],"wp:featuredmedia":[{"embeddable":true,"href":"https:\/\/www.erothis.com\/es\/wp-json\/wp\/v2\/media\/273501"}],"wp:attachment":[{"href":"https:\/\/www.erothis.com\/es\/wp-json\/wp\/v2\/media?parent=504590"}],"wp:term":[{"taxonomy":"product_brand","embeddable":true,"href":"https:\/\/www.erothis.com\/es\/wp-json\/wp\/v2\/product_brand?post=504590"},{"taxonomy":"product_cat","embeddable":true,"href":"https:\/\/www.erothis.com\/es\/wp-json\/wp\/v2\/product_cat?post=504590"},{"taxonomy":"product_tag","embeddable":true,"href":"https:\/\/www.erothis.com\/es\/wp-json\/wp\/v2\/product_tag?post=504590"}],"curies":[{"name":"wp","href":"https:\/\/api.w.org\/{rel}","templated":true}]}}