{"id":504603,"date":"2023-06-20T16:39:02","date_gmt":"2023-06-20T15:39:02","guid":{"rendered":"https:\/\/www.erothis.com\/?post_type=product&#038;p=504603"},"modified":"2025-08-31T00:08:32","modified_gmt":"2025-08-30T23:08:32","slug":"calexotics-p-rock-estimulador-del-punto-g-masculino-2","status":"publish","type":"product","link":"https:\/\/www.erothis.com\/es\/productos\/calexotics-p-rock-estimulador-del-punto-g-masculino-2\/","title":{"rendered":"CALEXOTICS &#8211; P-ROCK ESTIMULADOR DEL PUNTO G MASCULINO"},"content":{"rendered":"<p>Estimulador de Punto G y pr\u00f3stata para el hombre, 100% de silicona.<\/p>\n<p>Estas zonas conocidas como el Punto G Masculino, son las que controlan e incrementan la erecci\u00f3n, el orgasmo y la eyaculaci\u00f3n. Son las zonas donde se encuentran el centro del Placer.<\/p>\n<p>Ergon\u00f3micamente contorneado para el cuerpo femenino<\/p>\n<ul>\n<li>Es muy suave.<\/li>\n<li>Dise\u00f1ado con el \u00e1ngulo perfecto para conseguir el m\u00e1ximo placer.<\/li>\n<li>El potente vibrador se puede quitar y usar por separado.<\/li>\n<li>Fabricado con materiales de gran calidad, no t\u00f3xico e higi\u00e9nico de TPR, libre de phalatos.<\/li>\n<li>Medidas: 20 cm x 3 cm.<\/li>\n<\/ul>\n<p>Un solo uso. \u00a1Descubre California Exotics, a la vanguardia de la sexualidad!<\/p>\n","protected":false},"excerpt":{"rendered":"<p>CALEXOTICS &#8211; P-ROCK PROSTATE MASSAGER<\/p>\n","protected":false},"featured_media":273630,"comment_status":"open","ping_status":"closed","template":"","meta":[],"product_brand":[],"product_cat":[1263,1285,1266],"product_tag":[],"class_list":{"0":"post-504603","1":"product","2":"type-product","3":"status-publish","4":"has-post-thumbnail","6":"product_cat-anal-es","7":"product_cat-especial-prostata-es","8":"product_cat-vibradores-anales","10":"first","11":"instock","12":"taxable","13":"shipping-taxable","14":"purchasable","15":"product-type-simple"},"jetpack_sharing_enabled":true,"_links":{"self":[{"href":"https:\/\/www.erothis.com\/es\/wp-json\/wp\/v2\/product\/504603","targetHints":{"allow":["GET"]}}],"collection":[{"href":"https:\/\/www.erothis.com\/es\/wp-json\/wp\/v2\/product"}],"about":[{"href":"https:\/\/www.erothis.com\/es\/wp-json\/wp\/v2\/types\/product"}],"replies":[{"embeddable":true,"href":"https:\/\/www.erothis.com\/es\/wp-json\/wp\/v2\/comments?post=504603"}],"version-history":[{"count":3,"href":"https:\/\/www.erothis.com\/es\/wp-json\/wp\/v2\/product\/504603\/revisions"}],"predecessor-version":[{"id":509541,"href":"https:\/\/www.erothis.com\/es\/wp-json\/wp\/v2\/product\/504603\/revisions\/509541"}],"wp:featuredmedia":[{"embeddable":true,"href":"https:\/\/www.erothis.com\/es\/wp-json\/wp\/v2\/media\/273630"}],"wp:attachment":[{"href":"https:\/\/www.erothis.com\/es\/wp-json\/wp\/v2\/media?parent=504603"}],"wp:term":[{"taxonomy":"product_brand","embeddable":true,"href":"https:\/\/www.erothis.com\/es\/wp-json\/wp\/v2\/product_brand?post=504603"},{"taxonomy":"product_cat","embeddable":true,"href":"https:\/\/www.erothis.com\/es\/wp-json\/wp\/v2\/product_cat?post=504603"},{"taxonomy":"product_tag","embeddable":true,"href":"https:\/\/www.erothis.com\/es\/wp-json\/wp\/v2\/product_tag?post=504603"}],"curies":[{"name":"wp","href":"https:\/\/api.w.org\/{rel}","templated":true}]}}