{"id":504605,"date":"2023-06-20T16:39:02","date_gmt":"2023-06-20T15:39:02","guid":{"rendered":"https:\/\/www.erothis.com\/?post_type=product&#038;p=504605"},"modified":"2025-05-08T16:31:34","modified_gmt":"2025-05-08T15:31:34","slug":"calexotics-booty-dilatador-anal-rosa-2","status":"publish","type":"product","link":"https:\/\/www.erothis.com\/es\/productos\/calexotics-booty-dilatador-anal-rosa-2\/","title":{"rendered":"CALEXOTICS &#8211; BOOTY DILATADOR ANAL ROSA"},"content":{"rendered":"<p>Este dilatador es un peque\u00f1o juguete elegante y simple para el juego anal. Este juguete flexible es una gran adquisici\u00f3n para a cualquier coleccionista de juguetes para adultos, o si eres un principiante con menos experiencia.<\/p>\n<p>Esta sonda tiene un reborde alargado y uno menor en forma de perla por debajo de \u00e9l. Adem\u00e1s, dispone de tope para facilitar su extracci\u00f3n. Se recomienda el uno de lubricante de base acuosa<\/p>\n<p>.\u00a1Descubre California Exotics, a la vanguardia de la sexualidad!<\/p>\n","protected":false},"excerpt":{"rendered":"<p>CALEXOTICS &#8211; BOOTY CALL BOOTY TEASER PINK<\/p>\n","protected":false},"featured_media":273637,"comment_status":"open","ping_status":"closed","template":"","meta":[],"product_brand":[],"product_cat":[1263,1265],"product_tag":[],"class_list":{"0":"post-504605","1":"product","2":"type-product","3":"status-publish","4":"has-post-thumbnail","6":"product_cat-anal-es","7":"product_cat-plugs-es","9":"first","10":"instock","11":"taxable","12":"shipping-taxable","13":"purchasable","14":"product-type-simple"},"jetpack_sharing_enabled":true,"_links":{"self":[{"href":"https:\/\/www.erothis.com\/es\/wp-json\/wp\/v2\/product\/504605","targetHints":{"allow":["GET"]}}],"collection":[{"href":"https:\/\/www.erothis.com\/es\/wp-json\/wp\/v2\/product"}],"about":[{"href":"https:\/\/www.erothis.com\/es\/wp-json\/wp\/v2\/types\/product"}],"replies":[{"embeddable":true,"href":"https:\/\/www.erothis.com\/es\/wp-json\/wp\/v2\/comments?post=504605"}],"version-history":[{"count":3,"href":"https:\/\/www.erothis.com\/es\/wp-json\/wp\/v2\/product\/504605\/revisions"}],"predecessor-version":[{"id":509543,"href":"https:\/\/www.erothis.com\/es\/wp-json\/wp\/v2\/product\/504605\/revisions\/509543"}],"wp:featuredmedia":[{"embeddable":true,"href":"https:\/\/www.erothis.com\/es\/wp-json\/wp\/v2\/media\/273637"}],"wp:attachment":[{"href":"https:\/\/www.erothis.com\/es\/wp-json\/wp\/v2\/media?parent=504605"}],"wp:term":[{"taxonomy":"product_brand","embeddable":true,"href":"https:\/\/www.erothis.com\/es\/wp-json\/wp\/v2\/product_brand?post=504605"},{"taxonomy":"product_cat","embeddable":true,"href":"https:\/\/www.erothis.com\/es\/wp-json\/wp\/v2\/product_cat?post=504605"},{"taxonomy":"product_tag","embeddable":true,"href":"https:\/\/www.erothis.com\/es\/wp-json\/wp\/v2\/product_tag?post=504605"}],"curies":[{"name":"wp","href":"https:\/\/api.w.org\/{rel}","templated":true}]}}