{"id":504639,"date":"2023-06-20T16:39:02","date_gmt":"2023-06-20T15:39:02","guid":{"rendered":"https:\/\/www.erothis.com\/?post_type=product&#038;p=504639"},"modified":"2025-08-31T00:08:32","modified_gmt":"2025-08-30T23:08:32","slug":"calexotics-power-bolas-anal-vaginal-negro-2","status":"publish","type":"product","link":"https:\/\/www.erothis.com\/es\/productos\/calexotics-power-bolas-anal-vaginal-negro-2\/","title":{"rendered":"CALEXOTICS &#8211; POWER BOLAS ANAL \/VAGINAL NEGRO"},"content":{"rendered":"<p>Bolas chinas perfectas para hacer ejercicios de kegel. Recubiertas de silicona de lujo, fortalecer\u00e1n el m\u00fasculo p\u00e9lvico en tan s\u00f3lo unos d\u00edas y mejoran la sexualidad y sensualidad de la mujer.<\/p>\n<p>As\u00ed pues, la pareja, a nivel indirecto tambi\u00e9n podr\u00e1 beneficiarse del poder de las bolas chinas.<\/p>\n<p>Extiende tu placer personal con las er\u00f3ticas Power Balls. Estas bolas de amor multiusos, f\u00e1ciles de usar, son una gran adici\u00f3n a una colecci\u00f3n de juguetes ex\u00f3ticos y ofrecen \u00e9xtasis org\u00e1smico ilimitado.<\/p>\n<p>Est\u00e1n dise\u00f1adas para la estimulaci\u00f3n interna. \u00dasalas para jugar sola o como parte del disfrute de los juegos previos con tu pareja. Se componen de 5 bolas individuales pesadas que miden 3 cm de di\u00e1metro.<\/p>\n<p>Est\u00e1n hechas de material ABS duradero y tienen un revestimiento de l\u00e1tex liso y suave, para mayor comodidad y placer. Cada una de las bolas de amor est\u00e1 unida a un resistente cord\u00f3n de nylon resistente, para facilitar la inserci\u00f3n y recuperaci\u00f3n internas.<\/p>\n<p>Inserta una bola a la vez, y disfruta de las sensaciones intensamente emocionantes, antes de insertar otra. Para una mayor sensibilidad y una mayor diversi\u00f3n durante el tiempo de juego, siempre \u00fasalas con un lubricante de calidad.<\/p>\n<p>Perfectas para usuarios principiantes y experimentados, las bolas de amor son excelentes para la tonificaci\u00f3n muscular y el entrenamiento. El juego regular estimula y fortalece los m\u00fasculos Kegel del suelo p\u00e9lvico.<\/p>\n<p>Antes y despu\u00e9s de cada uso, limpia las bolas recubiertas de l\u00e1tex con un limpiador de juguetes.<\/p>\n<ul>\n<li>Di\u00e1metro: 3 cm<\/li>\n<li>Peso: 160 gramos<\/li>\n<\/ul>\n<p>\u00a1California exotics siempre a la vanguardia de la sexualidad!<\/p>\n","protected":false},"excerpt":{"rendered":"<p>CALEXOTICS &#8211; POWER BALLS ANAL BLACK<\/p>\n","protected":false},"featured_media":273662,"comment_status":"open","ping_status":"closed","template":"","meta":[],"product_brand":[],"product_cat":[1263,1264],"product_tag":[],"class_list":{"0":"post-504639","1":"product","2":"type-product","3":"status-publish","4":"has-post-thumbnail","6":"product_cat-anal-es","7":"product_cat-dildos-anales","9":"first","10":"outofstock","11":"taxable","12":"shipping-taxable","13":"purchasable","14":"product-type-simple"},"jetpack_sharing_enabled":true,"_links":{"self":[{"href":"https:\/\/www.erothis.com\/es\/wp-json\/wp\/v2\/product\/504639","targetHints":{"allow":["GET"]}}],"collection":[{"href":"https:\/\/www.erothis.com\/es\/wp-json\/wp\/v2\/product"}],"about":[{"href":"https:\/\/www.erothis.com\/es\/wp-json\/wp\/v2\/types\/product"}],"replies":[{"embeddable":true,"href":"https:\/\/www.erothis.com\/es\/wp-json\/wp\/v2\/comments?post=504639"}],"version-history":[{"count":3,"href":"https:\/\/www.erothis.com\/es\/wp-json\/wp\/v2\/product\/504639\/revisions"}],"predecessor-version":[{"id":509548,"href":"https:\/\/www.erothis.com\/es\/wp-json\/wp\/v2\/product\/504639\/revisions\/509548"}],"wp:featuredmedia":[{"embeddable":true,"href":"https:\/\/www.erothis.com\/es\/wp-json\/wp\/v2\/media\/273662"}],"wp:attachment":[{"href":"https:\/\/www.erothis.com\/es\/wp-json\/wp\/v2\/media?parent=504639"}],"wp:term":[{"taxonomy":"product_brand","embeddable":true,"href":"https:\/\/www.erothis.com\/es\/wp-json\/wp\/v2\/product_brand?post=504639"},{"taxonomy":"product_cat","embeddable":true,"href":"https:\/\/www.erothis.com\/es\/wp-json\/wp\/v2\/product_cat?post=504639"},{"taxonomy":"product_tag","embeddable":true,"href":"https:\/\/www.erothis.com\/es\/wp-json\/wp\/v2\/product_tag?post=504639"}],"curies":[{"name":"wp","href":"https:\/\/api.w.org\/{rel}","templated":true}]}}