{"id":504779,"date":"2023-06-20T16:49:02","date_gmt":"2023-06-20T15:49:02","guid":{"rendered":"https:\/\/www.erothis.com\/?post_type=product&#038;p=504779"},"modified":"2026-03-27T09:29:59","modified_gmt":"2026-03-27T09:29:59","slug":"addicted-toys-set-4-plugs-anales-2","status":"publish","type":"product","link":"https:\/\/www.erothis.com\/es\/productos\/addicted-toys-set-4-plugs-anales-2\/","title":{"rendered":"ADDICTED TOYS &#8211; SET 4 PLUGS ANALES"},"content":{"rendered":"<p>Cualquier amante del placer sabe que debe de contar con todos los elementos para obtenerlo.<\/p>\n<p>Addicted Toys sabe lo que necesitan, es por ello que presenta este fabuloso set de plugs anales. de m\u00faltiples formas y dise\u00f1os. Tan solo tienes que escoger el que prefieras, aplicar una buena cantidad de lubricante para facilitar la inserci\u00f3n, (desde Addicted Toys recomendamos Waterfeel base agua Natural) y a \u00a1disfrutar!<\/p>\n<ul>\n<li>Set 4 plugs anales<\/li>\n<li>Gran flexibilidad lo que permite alta estimulaci\u00f3n sobre el punto P<\/li>\n<li>Material body-safe y sin ftalatos<\/li>\n<li>Medidas:\n<ul>\n<li>Plug 1: Longitud total: 9 cm \/ Maximo di\u00e1metro del eje: 2.4 cm<\/li>\n<li>Plug 2: Longitud total: 9.6 cm \/ Maximo di\u00e1metro del eje: 2.4 cm<\/li>\n<li>Plug 3: Longitud total: 10.9\u00a0cm \/ Maximo di\u00e1metro del eje: 2.7\u00a0cm<\/li>\n<li>Plug 4: Longitud total: 12.2\u00a0cm \/ Maximo di\u00e1metro del eje: 3.7\u00a0cm<\/li>\n<\/ul>\n<\/li>\n<\/ul>\n<p>Para los adictos al\u00a0placer, \u00a1un set de plugs anales!<\/p>\n<p>*Para conseguir una experiencia \u00f3ptima y poder disfrutar de manera placentera y sin sentir dolor, Addicted toys recomienda el uso de los lubricantes de la marca Black Hole<\/p>\n","protected":false},"excerpt":{"rendered":"<p>ADDICTED TOYS &#8211; SET 4 ANAL PLUGS<\/p>\n","protected":false},"featured_media":274712,"comment_status":"open","ping_status":"closed","template":"","meta":[],"product_brand":[],"product_cat":[1263,1278,1265],"product_tag":[],"class_list":{"0":"post-504779","1":"product","2":"type-product","3":"status-publish","4":"has-post-thumbnail","6":"product_cat-anal-es","7":"product_cat-kit-de-juguetes-sexuales","8":"product_cat-plugs-es","10":"first","11":"instock","12":"taxable","13":"shipping-taxable","14":"purchasable","15":"product-type-simple"},"jetpack_sharing_enabled":true,"_links":{"self":[{"href":"https:\/\/www.erothis.com\/es\/wp-json\/wp\/v2\/product\/504779","targetHints":{"allow":["GET"]}}],"collection":[{"href":"https:\/\/www.erothis.com\/es\/wp-json\/wp\/v2\/product"}],"about":[{"href":"https:\/\/www.erothis.com\/es\/wp-json\/wp\/v2\/types\/product"}],"replies":[{"embeddable":true,"href":"https:\/\/www.erothis.com\/es\/wp-json\/wp\/v2\/comments?post=504779"}],"version-history":[{"count":3,"href":"https:\/\/www.erothis.com\/es\/wp-json\/wp\/v2\/product\/504779\/revisions"}],"predecessor-version":[{"id":509581,"href":"https:\/\/www.erothis.com\/es\/wp-json\/wp\/v2\/product\/504779\/revisions\/509581"}],"wp:featuredmedia":[{"embeddable":true,"href":"https:\/\/www.erothis.com\/es\/wp-json\/wp\/v2\/media\/274712"}],"wp:attachment":[{"href":"https:\/\/www.erothis.com\/es\/wp-json\/wp\/v2\/media?parent=504779"}],"wp:term":[{"taxonomy":"product_brand","embeddable":true,"href":"https:\/\/www.erothis.com\/es\/wp-json\/wp\/v2\/product_brand?post=504779"},{"taxonomy":"product_cat","embeddable":true,"href":"https:\/\/www.erothis.com\/es\/wp-json\/wp\/v2\/product_cat?post=504779"},{"taxonomy":"product_tag","embeddable":true,"href":"https:\/\/www.erothis.com\/es\/wp-json\/wp\/v2\/product_tag?post=504779"}],"curies":[{"name":"wp","href":"https:\/\/api.w.org\/{rel}","templated":true}]}}