{"id":504882,"date":"2023-06-20T16:56:21","date_gmt":"2023-06-20T15:56:21","guid":{"rendered":"https:\/\/www.erothis.com\/?post_type=product&#038;p=504882"},"modified":"2025-08-31T00:08:33","modified_gmt":"2025-08-30T23:08:33","slug":"ohmama-plug-anal-silicona-curvado-punto-p-12cm","status":"publish","type":"product","link":"https:\/\/www.erothis.com\/es\/productos\/ohmama-plug-anal-silicona-curvado-punto-p-12cm\/","title":{"rendered":"OHMAMA &#8211; PLUG ANAL SILICONA CURVADO PUNTO P 12CM"},"content":{"rendered":"<p>\u00a1OH mama! Eso es exactamente lo que dir\u00e1s en el momento que compruebes lo que conseguir\u00e1s con este fabuloso plug anal de silicona. Su silicona m\u00e9dica hipoalerg\u00e9nica es super suave y su dise\u00f1o y ergonom\u00eda permiten una f\u00e1cil inserci\u00f3n gracias a su punta c\u00f3nica y su tope permitir\u00e1n que no se desplace m\u00e1s de lo deseado y puedas extraerlo con seguridad. Aplica una cantidad generosa de lubricante (Ohmama recomienda su uso con los lubricantes Waterfeel para una lubricaci\u00f3n duradera y\u00a0de calidad) y \u00a1disfruta de todo lo que puede darte!<\/p>\n<p><u><strong>Caracter\u00edsticas:\u00a0<\/strong><\/u><\/p>\n<ul>\n<li>Plug anal silicona<\/li>\n<li>Silicona m\u00e9dica hipoalerg\u00e9nica<\/li>\n<li>Sin ftalatos<\/li>\n<li>Ergon\u00f3mico<\/li>\n<li>Medidas plug:\n<ul>\n<li>Longitud total: 12 cm<\/li>\n<li>Longitud insertable: 11.2 cm<\/li>\n<li>Di\u00e1metro: 3.2\u00a0cm<\/li>\n<\/ul>\n<\/li>\n<li>Presentaci\u00f3n en bolsa (no caja)<\/li>\n<li>Con ventosa<\/li>\n<\/ul>\n<p>&nbsp;<\/p>\n<p><strong>LA MARCA<\/strong><\/p>\n<p>La gama de productos OHMAMA es perfecta para regalar. Un producto al alcance de todos con una calidad perfecta. Una combinaci\u00f3n \u00fanica en esta l\u00ednea de juguetes especial edici\u00f3n Navidad.<\/p>\n","protected":false},"excerpt":{"rendered":"<p>OHMAMA &#8211; CURVED SILICONE BUTT PLUG P-SPOT 12 CM<\/p>\n","protected":false},"featured_media":275323,"comment_status":"open","ping_status":"closed","template":"","meta":[],"product_brand":[],"product_cat":[1263,1265],"product_tag":[],"class_list":{"0":"post-504882","1":"product","2":"type-product","3":"status-publish","4":"has-post-thumbnail","6":"product_cat-anal-es","7":"product_cat-plugs-es","9":"first","10":"outofstock","11":"taxable","12":"shipping-taxable","13":"purchasable","14":"product-type-simple"},"jetpack_sharing_enabled":true,"_links":{"self":[{"href":"https:\/\/www.erothis.com\/es\/wp-json\/wp\/v2\/product\/504882","targetHints":{"allow":["GET"]}}],"collection":[{"href":"https:\/\/www.erothis.com\/es\/wp-json\/wp\/v2\/product"}],"about":[{"href":"https:\/\/www.erothis.com\/es\/wp-json\/wp\/v2\/types\/product"}],"replies":[{"embeddable":true,"href":"https:\/\/www.erothis.com\/es\/wp-json\/wp\/v2\/comments?post=504882"}],"version-history":[{"count":3,"href":"https:\/\/www.erothis.com\/es\/wp-json\/wp\/v2\/product\/504882\/revisions"}],"predecessor-version":[{"id":509610,"href":"https:\/\/www.erothis.com\/es\/wp-json\/wp\/v2\/product\/504882\/revisions\/509610"}],"wp:featuredmedia":[{"embeddable":true,"href":"https:\/\/www.erothis.com\/es\/wp-json\/wp\/v2\/media\/275323"}],"wp:attachment":[{"href":"https:\/\/www.erothis.com\/es\/wp-json\/wp\/v2\/media?parent=504882"}],"wp:term":[{"taxonomy":"product_brand","embeddable":true,"href":"https:\/\/www.erothis.com\/es\/wp-json\/wp\/v2\/product_brand?post=504882"},{"taxonomy":"product_cat","embeddable":true,"href":"https:\/\/www.erothis.com\/es\/wp-json\/wp\/v2\/product_cat?post=504882"},{"taxonomy":"product_tag","embeddable":true,"href":"https:\/\/www.erothis.com\/es\/wp-json\/wp\/v2\/product_tag?post=504882"}],"curies":[{"name":"wp","href":"https:\/\/api.w.org\/{rel}","templated":true}]}}