{"id":504905,"date":"2023-06-20T16:59:16","date_gmt":"2023-06-20T15:59:16","guid":{"rendered":"https:\/\/www.erothis.com\/?post_type=product&#038;p=504905"},"modified":"2025-08-31T00:08:33","modified_gmt":"2025-08-30T23:08:33","slug":"addicted-toys-anal-sexual-plug-10cm-negro","status":"publish","type":"product","link":"https:\/\/www.erothis.com\/es\/productos\/addicted-toys-anal-sexual-plug-10cm-negro\/","title":{"rendered":"ADDICTED TOYS &#8211; ANAL SEXUAL PLUG 10CM NEGRO"},"content":{"rendered":"<p>Dentro de toda la extensa gama de productos ADDICTED TOYS queremos ofrecerte la posibilidad de explorar el juego sexual con formas excitantes y sensuales. . El pr\u00e1ctico agarre y la suave superficie de silicona aseguran un juego despreocupado y apasionado para lograr una f\u00e1cil extracci\u00f3n y \u00e9xtasis.<\/p>\n<ul>\n<li>Fabricado con silicona de grado m\u00e9dico supersuave, agradable para la piel, suave al tacto y extremadamente higi\u00e9nica<\/li>\n<li>Ideal para principiantes y para probar experiencias anales<\/li>\n<li>Medidas del Plug; 10 x 2.7cm<\/li>\n<\/ul>\n<p>*Para conseguir una experiencia \u00f3ptima y poder disfrutar de manera placentera y sin sentir dolor, Addicted toys recomienda el uso de los lubricantes de la marca Black Hole<\/p>\n<p>ADDICTED ANAL PLUG 10Cm entrenamiento anal para principiantes<\/p>\n<p>Ideal como entrenamiento para los que se inician en el sexo anal. Los plugs anales presentan un di\u00e1metro ascendente incre\u00edble, por lo que el ano se estira con suavidad para que puedas acceder cuidadosamente. Es dif\u00edcil superar la versatilidad de los plugs. Cuenta con una superficie suave y flexible hecha de silicona blanda higi\u00e9nica e inocua para el cuerpo. La pr\u00e1ctica base de sujeci\u00f3n facilita la introducci\u00f3n del juguete de bienestar sexual anal y hace que sea m\u00e1s f\u00e1cil de utilizar. Adem\u00e1s, tiene una base amplia que impide que los plugs anales se puedan introducir por completo, de modo que puedas dedicarte al entrenamiento anal sin tener que preocuparte.<\/p>\n<p>\u00bfQu\u00e9 debo tener en cuenta al utilizar juguetes anales?<\/p>\n<p>*Para conseguir una experiencia \u00f3ptima y poder disfrutar de manera placentera y sin sentir dolor, Addicted toys recomienda el uso de los lubricantes de la marca Black Hole<\/p>\n<p>Con el fin de que puedas disfrutar del juguete anal el mayor tiempo posible, te aconsejamos que lo limpies y desinfectes con un limpiador de juguetes antes y despu\u00e9s de cada uso. La composici\u00f3n de Desinfectante Spray de Waterfeel se adapta a la silicona suave y es cuidadosa con el material para que la superficie permanezca lisa y flexible.<\/p>\n","protected":false},"excerpt":{"rendered":"<p>ADDICTED TOYS &#8211; ANAL SEXUAL PLUG 10 CM BLACK<\/p>\n","protected":false},"featured_media":275478,"comment_status":"open","ping_status":"closed","template":"","meta":[],"product_brand":[],"product_cat":[1263,1264],"product_tag":[],"class_list":{"0":"post-504905","1":"product","2":"type-product","3":"status-publish","4":"has-post-thumbnail","6":"product_cat-anal-es","7":"product_cat-dildos-anales","9":"first","10":"instock","11":"taxable","12":"shipping-taxable","13":"purchasable","14":"product-type-simple"},"jetpack_sharing_enabled":true,"_links":{"self":[{"href":"https:\/\/www.erothis.com\/es\/wp-json\/wp\/v2\/product\/504905","targetHints":{"allow":["GET"]}}],"collection":[{"href":"https:\/\/www.erothis.com\/es\/wp-json\/wp\/v2\/product"}],"about":[{"href":"https:\/\/www.erothis.com\/es\/wp-json\/wp\/v2\/types\/product"}],"replies":[{"embeddable":true,"href":"https:\/\/www.erothis.com\/es\/wp-json\/wp\/v2\/comments?post=504905"}],"version-history":[{"count":2,"href":"https:\/\/www.erothis.com\/es\/wp-json\/wp\/v2\/product\/504905\/revisions"}],"predecessor-version":[{"id":509619,"href":"https:\/\/www.erothis.com\/es\/wp-json\/wp\/v2\/product\/504905\/revisions\/509619"}],"wp:featuredmedia":[{"embeddable":true,"href":"https:\/\/www.erothis.com\/es\/wp-json\/wp\/v2\/media\/275478"}],"wp:attachment":[{"href":"https:\/\/www.erothis.com\/es\/wp-json\/wp\/v2\/media?parent=504905"}],"wp:term":[{"taxonomy":"product_brand","embeddable":true,"href":"https:\/\/www.erothis.com\/es\/wp-json\/wp\/v2\/product_brand?post=504905"},{"taxonomy":"product_cat","embeddable":true,"href":"https:\/\/www.erothis.com\/es\/wp-json\/wp\/v2\/product_cat?post=504905"},{"taxonomy":"product_tag","embeddable":true,"href":"https:\/\/www.erothis.com\/es\/wp-json\/wp\/v2\/product_tag?post=504905"}],"curies":[{"name":"wp","href":"https:\/\/api.w.org\/{rel}","templated":true}]}}