{"id":505063,"date":"2023-06-20T17:05:56","date_gmt":"2023-06-20T16:05:56","guid":{"rendered":"https:\/\/www.erothis.com\/?post_type=product&#038;p=505063"},"modified":"2025-05-14T09:50:08","modified_gmt":"2025-05-14T08:50:08","slug":"fetish-submissive-cyber-strap-arnes-con-dildo-control-remoto-tecnologia-watchme-m-2","status":"publish","type":"product","link":"https:\/\/www.erothis.com\/es\/productos\/fetish-submissive-cyber-strap-arnes-con-dildo-control-remoto-tecnologia-watchme-m-2\/","title":{"rendered":"FETISH SUBMISSIVE CYBER STRAP &#8211; ARN\u00c9S CON DILDO CONTROL REMOTO TECNOLOG\u00cdA WATCHME M"},"content":{"rendered":"<p>Cuando quieres que tu primer arn\u00e9s se vea y se sienta como si fuera real, \u00a1el arn\u00e9s con correa completamente ajustable de Fetish Submissive \u00a0en la gama\u00a0<strong>Cyberstrap\u00a0<\/strong>es justo lo que has estado buscando!<\/p>\n<p>Cada vena, cada eje y cada cabezal est\u00e1n cuidadosamente hechos a mano con exquisitos detalles para brindarte la experiencia m\u00e1s realista jam\u00e1s imaginada.<\/p>\n<p>Cyberstrap incluye un dildo de silicona\u00a0 placentero y realista dise\u00f1ado para alcanzar todos tus puntos \u00edntimos.<\/p>\n<p>Este pene real\u00edstico premium es de un color de tono natural y tiene una silueta con una base de ventosa: ofreci\u00e9ndole una experiencia realista y emocionante.<\/p>\n<p>El dise\u00f1o presenta detalles cuidadosamente dise\u00f1ados para mejorar su atractivo natural, mientras que su material de doble densidad ofrece el doble de diversi\u00f3n \u00edntima.<\/p>\n<p>Su exterior suave al tacto y su n\u00facleo s\u00f3lido forman una combinaci\u00f3n irresistible que te dejar\u00e1 boquiabierto con su sensaci\u00f3n sensacional.<\/p>\n<p>Grandiosas son tambi\u00e9n sus cualidades. Con su tacto sedoso y su placentera superficie de 100% silicona. Estimula en todas las situaciones; en la cama, en la ba\u00f1era o utiliz\u00e1ndolo con un arn\u00e9s. Adem\u00e1s, se puede usar sin manos colocando su pie de forma ergon\u00f3mica sobre una superficie llana. Se quedar\u00e1 as\u00ed tanto tiempo se requiera y se retirar\u00e1 con total facilidad.<\/p>\n<p>Fabricado en silicona liquida y empaquetado de una manera cuidadosamente revisada, el liquid silicone que incluye CYBERSTRAP es imprescindible para todos los amantes de la diversi\u00f3n realista.<\/p>\n<p>El material Liquid Silicone 100% Silicona hipoalerg\u00e9nico de CYBERTRASP destaca por su sedosa superficie mate con una extraordinaria adaptaci\u00f3n al cuerpo. Acabado premium impermeable (IPX7) .<\/p>\n<ul>\n<li>Las hebillas del cintur\u00f3n aseguran que no se suelten durante la diversi\u00f3n, mientras que las correas tienen un agarre optimo que sostiene todo en su lugar.<\/li>\n<\/ul>\n<p>Completamente confortable y realista, pero adem\u00e1s incluye vibraci\u00f3n control remoto con la tecnolog\u00eda WATCHME.<\/p>\n<p>Todos los Juguetes CYBERSTRAP incluyen la tecnolog\u00eda reloj WATCHME, con el reloj incluido y listos para usar con el control remoto o sin \u00e9l. \u00bfPero es que es esta tecnolog\u00eda?<\/p>\n<p>Es un reloj inteligente sexual que te ayudar\u00e1 a controlar los juguetes sexuales pero adem\u00e1s podemos sincronizarlos con los juguetes sexuales que utilicen la tecnolog\u00eda watchme para controlar las vibraciones y las funciones de nuestro sextoy favorito.<\/p>\n<p><u><strong>Funciones de un reloj WATCHME<\/strong><\/u><\/p>\n<p>En un reloj WATCHME existen algunas funciones destacadas que pasamos a detallar:<\/p>\n<ul>\n<li>Activar \/ Desactivar la vibraci\u00f3n.<\/li>\n<li>Modificar los modos de vibraci\u00f3n<\/li>\n<li>Modificar las intensidades en cada modo de vibraci\u00f3n.<\/li>\n<\/ul>\n<p>Cada Cyberstrap no contiene ftalatos, no contiene l\u00e1tex, es seguro para el cuerpo e hipoalerg\u00e9nico y las anillas de metal est\u00e1n libres de Niquel.<\/p>\n<p><u><strong>Caracter\u00edsticas:<\/strong><\/u><\/p>\n<ul>\n<li>Longitud total: 19.5 cm<\/li>\n<li>Longitud insertable: 17,5 cm<\/li>\n<li>Di\u00e1metro del producto: 4.5 cm<\/li>\n<li>Resistente al agua.<\/li>\n<li>Materiales: \u00a0Cuero sint\u00e9tico, Vinilo, Metal, Velcro, Silicona liquida.<\/li>\n<li>Control remoto con tecnolog\u00eda WATCHME ( Reloj )<\/li>\n<li>Muy confortable.<\/li>\n<\/ul>\n<p>Cada Cyberstrap se limpian con facilidad y se conservan higi\u00e9nicos durante mucho tiempo. El flexible material se desliza de maravilla y adopta r\u00e1pidamente la temperatura del cuerpo. El dildo de Cyberstrap se limpia r\u00e1pida y f\u00e1cilmente con un poco de jab\u00f3n y agua templada. Para una higiene minuciosa, roc\u00edalo despu\u00e9s con limpiador desinfectante para juguetes sexuales, preferentemente con waterfeel toycleaner, espec\u00edficamente concebido para ello.<\/p>\n","protected":false},"excerpt":{"rendered":"<p>FETISH SUBMISSIVE CYBER STRAP &#8211; REMOTE CONTROL HARNESS WATCME TECHNOLOGY M<\/p>\n","protected":false},"featured_media":276567,"comment_status":"open","ping_status":"closed","template":"","meta":[],"product_brand":[],"product_cat":[1262,1287,1289],"product_tag":[],"class_list":{"0":"post-505063","1":"product","2":"type-product","3":"status-publish","4":"has-post-thumbnail","6":"product_cat-juguetes-sexuales","7":"product_cat-strap-on-es","8":"product_cat-strap-on-clasicos","10":"first","11":"instock","12":"taxable","13":"shipping-taxable","14":"purchasable","15":"product-type-simple"},"jetpack_sharing_enabled":true,"_links":{"self":[{"href":"https:\/\/www.erothis.com\/es\/wp-json\/wp\/v2\/product\/505063","targetHints":{"allow":["GET"]}}],"collection":[{"href":"https:\/\/www.erothis.com\/es\/wp-json\/wp\/v2\/product"}],"about":[{"href":"https:\/\/www.erothis.com\/es\/wp-json\/wp\/v2\/types\/product"}],"replies":[{"embeddable":true,"href":"https:\/\/www.erothis.com\/es\/wp-json\/wp\/v2\/comments?post=505063"}],"version-history":[{"count":3,"href":"https:\/\/www.erothis.com\/es\/wp-json\/wp\/v2\/product\/505063\/revisions"}],"predecessor-version":[{"id":510085,"href":"https:\/\/www.erothis.com\/es\/wp-json\/wp\/v2\/product\/505063\/revisions\/510085"}],"wp:featuredmedia":[{"embeddable":true,"href":"https:\/\/www.erothis.com\/es\/wp-json\/wp\/v2\/media\/276567"}],"wp:attachment":[{"href":"https:\/\/www.erothis.com\/es\/wp-json\/wp\/v2\/media?parent=505063"}],"wp:term":[{"taxonomy":"product_brand","embeddable":true,"href":"https:\/\/www.erothis.com\/es\/wp-json\/wp\/v2\/product_brand?post=505063"},{"taxonomy":"product_cat","embeddable":true,"href":"https:\/\/www.erothis.com\/es\/wp-json\/wp\/v2\/product_cat?post=505063"},{"taxonomy":"product_tag","embeddable":true,"href":"https:\/\/www.erothis.com\/es\/wp-json\/wp\/v2\/product_tag?post=505063"}],"curies":[{"name":"wp","href":"https:\/\/api.w.org\/{rel}","templated":true}]}}