{"id":505086,"date":"2023-06-20T17:07:32","date_gmt":"2023-06-20T16:07:32","guid":{"rendered":"https:\/\/www.erothis.com\/?post_type=product&#038;p=505086"},"modified":"2025-08-31T00:08:34","modified_gmt":"2025-08-30T23:08:34","slug":"rocks-off-cocktail-plug-control-remoto-negro-2","status":"publish","type":"product","link":"https:\/\/www.erothis.com\/es\/productos\/rocks-off-cocktail-plug-control-remoto-negro-2\/","title":{"rendered":"ROCKS-OFF &#8211; COCKTAIL PLUG CONTROL REMOTO &#8211; NEGRO"},"content":{"rendered":"<p>Dise\u00f1ado para compartir la m\u00e1xima satisfacci\u00f3n,<\/p>\n<p>Cocktail es un potente juguete con motor dual para parejas dise\u00f1ado para dar placer al ano y a la vagina mientras se estimula el pene durante el sexo. Cierra los ojos cuando la silicona en toque aterciopelado sensorial y el cuello delgado del dilatador de contorno firme se abren paso rozando el cuerpo mientras la parte larga flexible se desliza dentro estimulando tu vagina y su pene con cada vibraci\u00f3n profunda y empuje r\u00edtmico. Intercambiaos el mando con el fin de elegir los niveles de placer y tener las manos libres para explorar y mimaros mutuamente o simplemente toma el control y decide t\u00fa mismo el ritmo a seguir. \u00a1Es hora de experimentar el doble de placer!.<\/p>\n<ul>\n<li>Vibrador de parejas por control remoto<\/li>\n<li>Potentes motores duales independientes<\/li>\n<li>Estimulaci\u00f3n compartida<\/li>\n<li>10 niveles de vibraci\u00f3n y pulsaci\u00f3n muy potentes<\/li>\n<li>Silicona de grado m\u00e9dico en toque aterciopelado sensorial<\/li>\n<li>Carga magn\u00e9tica USB<\/li>\n<li>Estimulaci\u00f3n de precisi\u00f3n manos libres<\/li>\n<li>1 hora de carga para 1 hora de juego<\/li>\n<li>Silicona flexible de grado m\u00e9dico en toque aterciopelado para una vibraci\u00f3n intensa<\/li>\n<li>100 % resistente al agua<\/li>\n<li>ON\/OFF en 3 segundos<\/li>\n<li>Medidas: 66.5 x 114 x 33.5 mm<\/li>\n<\/ul>\n","protected":false},"excerpt":{"rendered":"<p>ROCKS-OFF &#8211; COCKTAIL PLUG REMOTE CONTROL &#8211; BLACK<\/p>\n","protected":false},"featured_media":276929,"comment_status":"open","ping_status":"closed","template":"","meta":[],"product_brand":[],"product_cat":[1263,1265,1266],"product_tag":[],"class_list":{"0":"post-505086","1":"product","2":"type-product","3":"status-publish","4":"has-post-thumbnail","6":"product_cat-anal-es","7":"product_cat-plugs-es","8":"product_cat-vibradores-anales","10":"first","11":"instock","12":"taxable","13":"shipping-taxable","14":"purchasable","15":"product-type-simple"},"jetpack_sharing_enabled":true,"_links":{"self":[{"href":"https:\/\/www.erothis.com\/es\/wp-json\/wp\/v2\/product\/505086","targetHints":{"allow":["GET"]}}],"collection":[{"href":"https:\/\/www.erothis.com\/es\/wp-json\/wp\/v2\/product"}],"about":[{"href":"https:\/\/www.erothis.com\/es\/wp-json\/wp\/v2\/types\/product"}],"replies":[{"embeddable":true,"href":"https:\/\/www.erothis.com\/es\/wp-json\/wp\/v2\/comments?post=505086"}],"version-history":[{"count":3,"href":"https:\/\/www.erothis.com\/es\/wp-json\/wp\/v2\/product\/505086\/revisions"}],"predecessor-version":[{"id":509739,"href":"https:\/\/www.erothis.com\/es\/wp-json\/wp\/v2\/product\/505086\/revisions\/509739"}],"wp:featuredmedia":[{"embeddable":true,"href":"https:\/\/www.erothis.com\/es\/wp-json\/wp\/v2\/media\/276929"}],"wp:attachment":[{"href":"https:\/\/www.erothis.com\/es\/wp-json\/wp\/v2\/media?parent=505086"}],"wp:term":[{"taxonomy":"product_brand","embeddable":true,"href":"https:\/\/www.erothis.com\/es\/wp-json\/wp\/v2\/product_brand?post=505086"},{"taxonomy":"product_cat","embeddable":true,"href":"https:\/\/www.erothis.com\/es\/wp-json\/wp\/v2\/product_cat?post=505086"},{"taxonomy":"product_tag","embeddable":true,"href":"https:\/\/www.erothis.com\/es\/wp-json\/wp\/v2\/product_tag?post=505086"}],"curies":[{"name":"wp","href":"https:\/\/api.w.org\/{rel}","templated":true}]}}