{"id":505204,"date":"2023-06-20T17:33:28","date_gmt":"2023-06-20T16:33:28","guid":{"rendered":"https:\/\/www.erothis.com\/?post_type=product&#038;p=505204"},"modified":"2025-05-09T17:24:41","modified_gmt":"2025-05-09T16:24:41","slug":"hook-up-panties-remote-triple-teaser-2","status":"publish","type":"product","link":"https:\/\/www.erothis.com\/es\/productos\/hook-up-panties-remote-triple-teaser-2\/","title":{"rendered":"HOOK UP PANTIES &#8211; REMOTE TRIPLE TEASER"},"content":{"rendered":"<p>Hookup Panties est\u00e1n dise\u00f1adas para estimularte con cada movimiento sutil.<\/p>\n<p>Una vez insertado, el plug\u00a0mantendr\u00e1 firmemente la braga H en su lugar mientras se burla, complace y tira con su movimiento corporal natural y cotidiano. La bala vibratoria impermeable presenta 10 patrones de pulsaciones estimulantes e incluye un control remoto inal\u00e1mbrico para que usted (o un compa\u00f1ero) pueda controlar la acci\u00f3n desde una distancia de hasta 25 pies.<\/p>\n<p>El Elite Silicone Pleasure Plug permite que el vibrador impermeable -BULLET- se inserte de manera segura dentro de \u00e9l, brindando vibraciones emocionantes exactamente donde m\u00e1s las desea.<\/p>\n<ul>\n<li>Dimensiones del producto\n<ul>\n<li>Panty: Fits sizes XL-2XL |<\/li>\n<li>HookUp Plug: 9.4 cm x 6.1 cm<\/li>\n<li>Pleasure Plug: 8.6 x 7.1 cm<\/li>\n<li>Bullet: 7.6 x 1.8 cm |<\/li>\n<li>Mando 7.6 x 3.4 cm Longitud total 9.4 cm Di\u00e1metro 3 cm<\/li>\n<li>Longitud insertable 6.6 cm<\/li>\n<\/ul>\n<\/li>\n<li>Vibraci\u00f3n\u00a0Si Modos de vibraci\u00f3n 10 Resistencia al agua IPX7 Impermeable<\/li>\n<li>Bodysafe Si<\/li>\n<li>Material\n<ul>\n<li>Panty: 90% poli\u00e9ster y 10% elastano<\/li>\n<li>Plugs: Silicona<\/li>\n<li>Bala vibradora: Silicona y pl\u00e1stico ABS<\/li>\n<\/ul>\n<\/li>\n<li>Control remoto: silicona y pl\u00e1stico ABS<\/li>\n<li>Recargable USB rechargeable<\/li>\n<li>Tiempo de carga en minutos 120<\/li>\n<li>Tiempo de funcionamiento en minutos 45<\/li>\n<\/ul>\n","protected":false},"excerpt":{"rendered":"<p>HOOK UP PANTIES &#8211; REMOTE TRIPLE TEASER<\/p>\n","protected":false},"featured_media":277614,"comment_status":"open","ping_status":"closed","template":"","meta":[],"product_brand":[],"product_cat":[1263,1314,1322,1265,1266],"product_tag":[],"class_list":{"0":"post-505204","1":"product","2":"type-product","3":"status-publish","4":"has-post-thumbnail","6":"product_cat-anal-es","7":"product_cat-lenceria","8":"product_cat-partes-inferiores","9":"product_cat-plugs-es","10":"product_cat-vibradores-anales","12":"first","13":"instock","14":"taxable","15":"shipping-taxable","16":"purchasable","17":"product-type-simple"},"jetpack_sharing_enabled":true,"_links":{"self":[{"href":"https:\/\/www.erothis.com\/es\/wp-json\/wp\/v2\/product\/505204","targetHints":{"allow":["GET"]}}],"collection":[{"href":"https:\/\/www.erothis.com\/es\/wp-json\/wp\/v2\/product"}],"about":[{"href":"https:\/\/www.erothis.com\/es\/wp-json\/wp\/v2\/types\/product"}],"replies":[{"embeddable":true,"href":"https:\/\/www.erothis.com\/es\/wp-json\/wp\/v2\/comments?post=505204"}],"version-history":[{"count":3,"href":"https:\/\/www.erothis.com\/es\/wp-json\/wp\/v2\/product\/505204\/revisions"}],"predecessor-version":[{"id":509767,"href":"https:\/\/www.erothis.com\/es\/wp-json\/wp\/v2\/product\/505204\/revisions\/509767"}],"wp:featuredmedia":[{"embeddable":true,"href":"https:\/\/www.erothis.com\/es\/wp-json\/wp\/v2\/media\/277614"}],"wp:attachment":[{"href":"https:\/\/www.erothis.com\/es\/wp-json\/wp\/v2\/media?parent=505204"}],"wp:term":[{"taxonomy":"product_brand","embeddable":true,"href":"https:\/\/www.erothis.com\/es\/wp-json\/wp\/v2\/product_brand?post=505204"},{"taxonomy":"product_cat","embeddable":true,"href":"https:\/\/www.erothis.com\/es\/wp-json\/wp\/v2\/product_cat?post=505204"},{"taxonomy":"product_tag","embeddable":true,"href":"https:\/\/www.erothis.com\/es\/wp-json\/wp\/v2\/product_tag?post=505204"}],"curies":[{"name":"wp","href":"https:\/\/api.w.org\/{rel}","templated":true}]}}