{"id":505248,"date":"2023-06-20T17:35:00","date_gmt":"2023-06-20T16:35:00","guid":{"rendered":"https:\/\/www.erothis.com\/?post_type=product&#038;p=505248"},"modified":"2025-08-31T00:08:34","modified_gmt":"2025-08-30T23:08:34","slug":"rocks-off-desire-estimulador-anal-lila-2","status":"publish","type":"product","link":"https:\/\/www.erothis.com\/es\/productos\/rocks-off-desire-estimulador-anal-lila-2\/","title":{"rendered":"ROCKS-OFF &#8211; DESIRE ESTIMULADOR ANAL &#8211; LILA"},"content":{"rendered":"<p>Desire, sofisticado y delicadamente dise\u00f1ado, es un peque\u00f1o pero poderoso dilatador para aquellos que quieren experimentar el placer y la emoci\u00f3n del juego anal. Contorneado magn\u00edficamente para adaptarse a tu cuerpo, la firme base en toque aterciopelado generar\u00e1 profundas vibraciones pulsantes para provocar y deleitar tus nalgas. Siente c\u00f3mo tu cuerpo se aferra al esbelto cuello mientras el dilatador c\u00f3nico se desliza con comodidad y seguridad hacia la posici\u00f3n de placer. Usa el mando a distancia para cambiar los ajustes o entr\u00e9gale el poder a tu pareja para que elija el nivel placer. El deseo es la opci\u00f3n perfecta para aquellos que buscan pura indulgencia sensual o una sublime intimidad compartida. Sucumbe a tus deseos m\u00e1s profundos.<\/p>\n<ul>\n<li>Mando a distancia<\/li>\n<li>Silicona de grado m\u00e9dico en toque aterciopelado sensorial<\/li>\n<li>10 niveles de vibraci\u00f3n y pulsaci\u00f3n muy potentes<\/li>\n<li>Estimulaci\u00f3n interna y externa<\/li>\n<li>Cuello c\u00f3nico con dilatador contorneado<\/li>\n<li>100 % resistente al agua<\/li>\n<li>Carga magn\u00e9tica USB<\/li>\n<li>1 hora de carga para 1 hora de juego<\/li>\n<li>ON\/OFF en 3 segundos<\/li>\n<\/ul>\n<p>Los productos Rocks-Off se fabrican con materiales seguros para el cuerpo, cumplen con el m\u00e1s alto nivel de conformidad y, a menos que se indique lo contrario, se prueban al 100% a prueba de agua y son completamente sumergibles. Cada producto viene con un n\u00famero de registro \u00fanico que brinda tanto a los proveedores como a los clientes una garant\u00eda total de satisfacci\u00f3n del producto sin objeciones.<\/p>\n","protected":false},"excerpt":{"rendered":"<p>ROCKS-OFF &#8211; DESIRE ANAL STIMULATOR &#8211; LILAC<\/p>\n","protected":false},"featured_media":277940,"comment_status":"open","ping_status":"closed","template":"","meta":[],"product_brand":[],"product_cat":[1263,1265,1266],"product_tag":[],"class_list":{"0":"post-505248","1":"product","2":"type-product","3":"status-publish","4":"has-post-thumbnail","6":"product_cat-anal-es","7":"product_cat-plugs-es","8":"product_cat-vibradores-anales","10":"first","11":"instock","12":"taxable","13":"shipping-taxable","14":"purchasable","15":"product-type-simple"},"jetpack_sharing_enabled":true,"_links":{"self":[{"href":"https:\/\/www.erothis.com\/es\/wp-json\/wp\/v2\/product\/505248","targetHints":{"allow":["GET"]}}],"collection":[{"href":"https:\/\/www.erothis.com\/es\/wp-json\/wp\/v2\/product"}],"about":[{"href":"https:\/\/www.erothis.com\/es\/wp-json\/wp\/v2\/types\/product"}],"replies":[{"embeddable":true,"href":"https:\/\/www.erothis.com\/es\/wp-json\/wp\/v2\/comments?post=505248"}],"version-history":[{"count":3,"href":"https:\/\/www.erothis.com\/es\/wp-json\/wp\/v2\/product\/505248\/revisions"}],"predecessor-version":[{"id":509775,"href":"https:\/\/www.erothis.com\/es\/wp-json\/wp\/v2\/product\/505248\/revisions\/509775"}],"wp:featuredmedia":[{"embeddable":true,"href":"https:\/\/www.erothis.com\/es\/wp-json\/wp\/v2\/media\/277940"}],"wp:attachment":[{"href":"https:\/\/www.erothis.com\/es\/wp-json\/wp\/v2\/media?parent=505248"}],"wp:term":[{"taxonomy":"product_brand","embeddable":true,"href":"https:\/\/www.erothis.com\/es\/wp-json\/wp\/v2\/product_brand?post=505248"},{"taxonomy":"product_cat","embeddable":true,"href":"https:\/\/www.erothis.com\/es\/wp-json\/wp\/v2\/product_cat?post=505248"},{"taxonomy":"product_tag","embeddable":true,"href":"https:\/\/www.erothis.com\/es\/wp-json\/wp\/v2\/product_tag?post=505248"}],"curies":[{"name":"wp","href":"https:\/\/api.w.org\/{rel}","templated":true}]}}