{"id":505841,"date":"2025-04-11T13:05:50","date_gmt":"2025-04-11T12:05:50","guid":{"rendered":"https:\/\/www.erothis.com\/?post_type=product&#038;p=505841"},"modified":"2025-04-15T20:37:05","modified_gmt":"2025-04-15T19:37:05","slug":"fun-factory-bi-stronic-fusion-violeta","status":"publish","type":"product","link":"https:\/\/www.erothis.com\/es\/productos\/fun-factory-bi-stronic-fusion-violeta\/","title":{"rendered":"FUN FACTORY &#8211; BI STRONIC FUSION VIOLETA"},"content":{"rendered":"<p>\u00bfFUSI\u00d3N BIESTRONICA? Lo mejor de ambos mundos. Todo lo que quieras ? en un juguete.<\/p>\n<p> \u00bfLo quieres todo? \u00bfAnhelas sentir la embestida apasionada de un amante, el pulso de sus dedos contra tu punto G, las yemas de sus dedos revoloteando contra tus labios? \u00bfTambi\u00e1n te encanta la sensaci\u00f3n abrumadora de un vibrador s\u00faper fuerte? Expande tu universo sexual con Bi STRONIC FUSION, el nuevo e innovador juguete que empuja, pulsa, vibra, aletea y pr\u00e1cticamente te da todo lo que siempre has querido.<\/p>\n<p> &#8211; Control intuitivo con funci\u00f3n QuickSTOP<br \/> &#8211; \u00bfLuz de carga de la bater\u00eda? Nunca te quedes sin diversi\u00f3n<br \/> &#8211; Cerradura con llave para viajes<br \/> &#8211; Seguro para el juego anal.<br \/> &#8211; Impermeable ? mojarse<br \/> &#8211; \u00bfRecargable? ama la tierra<br \/> &#8211; \u00bfHecho de silicona segura para el cuerpo? \u00c1mate a ti mismo<br \/> &#8211; Dise\u00f1ado y hecho a mano en Alemania<\/p>\n<p> \u00bfAcci\u00f3n de empuje y vibraci\u00f3n poderosa? juntos al fin!<br \/> Prep\u00e1rate para una supernova de sensaciones. Hemos emparejado nuestro pulsador STRONIC m\u00e1s vendido con uno de los motores externos m\u00e1s fuertes del mercado, para el primer juguete de doble acci\u00f3n del mundo que combina un empuje realista con una vibraci\u00f3n retumbante. Elija entre sesenta y cuatro configuraciones de estimulaci\u00f3n estelar, desde empujes profundos y r\u00edtmicos hasta pulsos r\u00e1pidos e intensos, luego recu\u00e1stese y disfrute durante horas de diversi\u00f3n con las manos libres.<\/p>\n<p> Bi STRONIC FUSION avanza lo que es posible en el placer, brindando patrones y crescendos de movimiento y presi\u00f3n internos, junto con una vibraci\u00f3n profunda que se enfoca en el cl\u00edtoris y aletea contra los labios. Dise\u00f1ado y fabricado a mano en Alemania con silicona segura para el cuerpo de la m\u00e1s alta calidad en el mercado, este juguete \u00fanico cuenta con una interfaz de bot\u00f3n intuitiva, un dise\u00f1o resistente al agua para mayor versatilidad y f\u00e1cil limpieza, un candado de viaje con un claro encendido\/apagado control, y un indicador de carga? para que nunca te quedes sin diversi\u00f3n.<\/p>\n<p> 21,7 cm y 3,9 &#8211; 4,8 cm, 366 g<\/p>\n","protected":false},"excerpt":{"rendered":"<p>FUN FACTORY &#8211; BI STRONIC FUSION VIOLETA<\/p>\n","protected":false},"featured_media":55436,"comment_status":"open","ping_status":"closed","template":"","meta":[],"product_brand":[],"product_cat":[1292,1296],"product_tag":[],"class_list":{"0":"post-505841","1":"product","2":"type-product","3":"status-publish","4":"has-post-thumbnail","6":"product_cat-vibradores-es","7":"product_cat-vibradores-rabbit-es","9":"first","10":"outofstock","11":"taxable","12":"shipping-taxable","13":"purchasable","14":"product-type-simple"},"jetpack_sharing_enabled":true,"_links":{"self":[{"href":"https:\/\/www.erothis.com\/es\/wp-json\/wp\/v2\/product\/505841","targetHints":{"allow":["GET"]}}],"collection":[{"href":"https:\/\/www.erothis.com\/es\/wp-json\/wp\/v2\/product"}],"about":[{"href":"https:\/\/www.erothis.com\/es\/wp-json\/wp\/v2\/types\/product"}],"replies":[{"embeddable":true,"href":"https:\/\/www.erothis.com\/es\/wp-json\/wp\/v2\/comments?post=505841"}],"version-history":[{"count":1,"href":"https:\/\/www.erothis.com\/es\/wp-json\/wp\/v2\/product\/505841\/revisions"}],"predecessor-version":[{"id":505871,"href":"https:\/\/www.erothis.com\/es\/wp-json\/wp\/v2\/product\/505841\/revisions\/505871"}],"wp:featuredmedia":[{"embeddable":true,"href":"https:\/\/www.erothis.com\/es\/wp-json\/wp\/v2\/media\/55436"}],"wp:attachment":[{"href":"https:\/\/www.erothis.com\/es\/wp-json\/wp\/v2\/media?parent=505841"}],"wp:term":[{"taxonomy":"product_brand","embeddable":true,"href":"https:\/\/www.erothis.com\/es\/wp-json\/wp\/v2\/product_brand?post=505841"},{"taxonomy":"product_cat","embeddable":true,"href":"https:\/\/www.erothis.com\/es\/wp-json\/wp\/v2\/product_cat?post=505841"},{"taxonomy":"product_tag","embeddable":true,"href":"https:\/\/www.erothis.com\/es\/wp-json\/wp\/v2\/product_tag?post=505841"}],"curies":[{"name":"wp","href":"https:\/\/api.w.org\/{rel}","templated":true}]}}