{"id":505898,"date":"2025-04-11T13:06:00","date_gmt":"2025-04-11T12:06:00","guid":{"rendered":"https:\/\/www.erothis.com\/?post_type=product&#038;p=505898"},"modified":"2025-04-15T20:54:34","modified_gmt":"2025-04-15T19:54:34","slug":"fun-factory-cobra-libre-ii-negro-rojo","status":"publish","type":"product","link":"https:\/\/www.erothis.com\/es\/productos\/fun-factory-cobra-libre-ii-negro-rojo\/","title":{"rendered":"FUN FACTORY &#8211; COBRA LIBRE II NEGRO\/ROJO"},"content":{"rendered":"<p>COBRA LIBRE II ? Amor libre.<\/p>\n<p> COBRA LIBRE II ? el masajeador de pene. Sensible, innovador, poderoso.<\/p>\n<p> \u00a1El COBRA LIBRE II es el juguete sexual hecho para la cabeza del pene! Este masajeador envuelve la punta del pene con su suave y aterciopelado interior fabricado con silicona de grado m\u00e1dico. De suaves a potentes, los dos motores transmiten emocionantes vibraciones a la parte m\u00e1s sensible del pene, la cabeza. COBRA LIBRE no necesita ser movida con la mano? \u00a1as\u00ed que puedes concentrarte en sensaciones impresionantes y disfrutar del \u00e1xtasis! COBRA LIBRE II es f\u00e1cil de limpiar con agua corriente con un poco de TOYCLEANER o jab\u00f3n suave.<\/p>\n<p> &#8211; Un foco en la cabeza del pene.<br \/> &#8211; Se ajusta alrededor y abraza la punta del pene.<br \/> &#8211; Silicona aterciopelada extra suave en el interior<br \/> &#8211; Dos potentes motores masajean la cabeza del pene.<br \/> &#8211; Control intuitivo con el pulgar: \u00a1PULSA FUN TO PLAY!<br \/> &#8211; F\u00e1cil de usar con una mano<br \/> &#8211; No son necesarios movimientos hacia arriba y hacia abajo<br \/> &#8211; 2 motores potentes pero silenciosos<br \/> &#8211; Dise\u00f1o emocionante<br \/> &#8211; \u00bfRecargable? Ama la Tierra.<br \/> &#8211; \u00bfHecho de silicona segura para el cuerpo? \u00c1mate a ti mismo.<br \/> &#8211; Impermeable ? mojarse<br \/> &#8211; F\u00e1cil de limpiar con agua corriente<\/p>\n<p> El MasTURBO<br \/> Con sus 11 patrones de vibraci\u00f3n, el COBRA LIBRE II se dirige con confianza hacia el pr\u00f3ximo cl\u00edmax. y siempre dispuesta a complacer desde sensible hasta exigente.<\/p>\n<p> Usando el panel de control de nuevo dise\u00f1o con botones t\u00e1ctiles, los dos potentes motores del COBRA LIBRE II se pueden navegar desde olas suaves hasta velocidades ext\u00e1ticas. Los programas e intensidades finamente ajustados incluso hacen que los hombres m\u00e1s exigentes sientan que est\u00e1n tomando el viaje m\u00e1s r\u00e1pido de sus vidas. \u00a1Con la pr\u00e1ctica unidad de control que ahora se sumerge bajo el agua y con un pr\u00e1ctico candado con llave para aventuras que puede viajar contigo! Con su dise\u00f1o futurista, no es casualidad que el COBRA LIBRE II realmente llame la atenci\u00f3n de los hombres. Por un lado el juguete, gracias a su forma deportivo-ergon\u00f3mica, es f\u00e1cil de manejar, y por otro lado los colores le dan un toque final.<\/p>\n<p> 14,7 cm y 4,3 cm<\/p>\n","protected":false},"excerpt":{"rendered":"<p>FUN FACTORY &#8211; COBRA LIBRE II NEGRO\/ROJO<\/p>\n","protected":false},"featured_media":396407,"comment_status":"open","ping_status":"closed","template":"","meta":[],"product_brand":[],"product_cat":[1102,1294],"product_tag":[],"class_list":{"0":"post-505898","1":"product","2":"type-product","3":"status-publish","4":"has-post-thumbnail","6":"product_cat-sem-categoria","7":"product_cat-vibradores-clasicos","9":"first","10":"instock","11":"taxable","12":"shipping-taxable","13":"purchasable","14":"product-type-simple"},"jetpack_sharing_enabled":true,"_links":{"self":[{"href":"https:\/\/www.erothis.com\/es\/wp-json\/wp\/v2\/product\/505898","targetHints":{"allow":["GET"]}}],"collection":[{"href":"https:\/\/www.erothis.com\/es\/wp-json\/wp\/v2\/product"}],"about":[{"href":"https:\/\/www.erothis.com\/es\/wp-json\/wp\/v2\/types\/product"}],"replies":[{"embeddable":true,"href":"https:\/\/www.erothis.com\/es\/wp-json\/wp\/v2\/comments?post=505898"}],"version-history":[{"count":1,"href":"https:\/\/www.erothis.com\/es\/wp-json\/wp\/v2\/product\/505898\/revisions"}],"predecessor-version":[{"id":505928,"href":"https:\/\/www.erothis.com\/es\/wp-json\/wp\/v2\/product\/505898\/revisions\/505928"}],"wp:featuredmedia":[{"embeddable":true,"href":"https:\/\/www.erothis.com\/es\/wp-json\/wp\/v2\/media\/396407"}],"wp:attachment":[{"href":"https:\/\/www.erothis.com\/es\/wp-json\/wp\/v2\/media?parent=505898"}],"wp:term":[{"taxonomy":"product_brand","embeddable":true,"href":"https:\/\/www.erothis.com\/es\/wp-json\/wp\/v2\/product_brand?post=505898"},{"taxonomy":"product_cat","embeddable":true,"href":"https:\/\/www.erothis.com\/es\/wp-json\/wp\/v2\/product_cat?post=505898"},{"taxonomy":"product_tag","embeddable":true,"href":"https:\/\/www.erothis.com\/es\/wp-json\/wp\/v2\/product_tag?post=505898"}],"curies":[{"name":"wp","href":"https:\/\/api.w.org\/{rel}","templated":true}]}}