{"id":506100,"date":"2023-06-20T18:57:31","date_gmt":"2023-06-20T17:57:31","guid":{"rendered":"https:\/\/www.erothis.com\/?post_type=product&#038;p=506100"},"modified":"2025-08-31T00:08:36","modified_gmt":"2025-08-30T23:08:36","slug":"anal-fantasy-ass-gasm-anillo-pene-2","status":"publish","type":"product","link":"https:\/\/www.erothis.com\/es\/productos\/anal-fantasy-ass-gasm-anillo-pene-2\/","title":{"rendered":"ANAL FANTASY &#8211; ASS-GASM ANILLO PENE"},"content":{"rendered":"<p>Si nunca has probado el juego anal, el Ass-gasm es justo lo que necesitas para explorar el maravilloso mundo de la estimulaci\u00f3n anal.<\/p>\n<ul>\n<li>100% Silicona libre de phalatos.<\/li>\n<li>Sumergible, apto para la ducha<\/li>\n<li>Longitud insertable: 8 cm. Di\u00e1metro m\u00e1ximo: 3,3 cm.<\/li>\n<\/ul>\n<p>El Ass-gasm introducido en el ano y el anillo alrededor del pene, conseguir\u00e1s unas erecciones m\u00e1s duras que nunca! El anillo de silicona s\u00faper el\u00e1stico pone la presi\u00f3n sobre las bajadas de energ\u00eda, manteniendo erecciones firmes que duran y duran!<\/p>\n<p>La cabeza redonda y suave hace que la entrada y la recuperaci\u00f3n sea muy sencilla, mientras que el eje delgado, afilado asegura que el plug permanecer\u00e1 en su lugar.<\/p>\n<p>Coloca el anillo alrededor de la base del pene y los test\u00edculos y empieza a disfrutar de placer de larga duraci\u00f3n!<\/p>\n<p>Fabricado con silicona Elite\u2122 es libre de ftalatos, hipoalerg\u00e9nica, y se puede usar durante todo el d\u00eda para la diversi\u00f3n de larga duraci\u00f3n.<\/p>\n<p><strong>Anal Fantasy<\/strong>\u00a0es una linea perfecta para estimular la zona anal, donde concentramos puntos sensitivos perfectos para alcanzar el orgasmo, todos los juguetes estan orientados para la maxima satisfaci\u00f3n anal.<\/p>\n<p>No incluye muestras de lubricante y toycleaner<\/p>\n<p>Descubre nuevas sensaciones!<\/p>\n","protected":false},"excerpt":{"rendered":"<p>ANAL FANTASY &#8211; ASS-GASM PENIS RING<\/p>\n","protected":false},"featured_media":283417,"comment_status":"open","ping_status":"closed","template":"","meta":[],"product_brand":[],"product_cat":[1263,1265],"product_tag":[],"class_list":{"0":"post-506100","1":"product","2":"type-product","3":"status-publish","4":"has-post-thumbnail","6":"product_cat-anal-es","7":"product_cat-plugs-es","9":"first","10":"instock","11":"taxable","12":"shipping-taxable","13":"purchasable","14":"product-type-simple"},"jetpack_sharing_enabled":true,"_links":{"self":[{"href":"https:\/\/www.erothis.com\/es\/wp-json\/wp\/v2\/product\/506100","targetHints":{"allow":["GET"]}}],"collection":[{"href":"https:\/\/www.erothis.com\/es\/wp-json\/wp\/v2\/product"}],"about":[{"href":"https:\/\/www.erothis.com\/es\/wp-json\/wp\/v2\/types\/product"}],"replies":[{"embeddable":true,"href":"https:\/\/www.erothis.com\/es\/wp-json\/wp\/v2\/comments?post=506100"}],"version-history":[{"count":2,"href":"https:\/\/www.erothis.com\/es\/wp-json\/wp\/v2\/product\/506100\/revisions"}],"predecessor-version":[{"id":509932,"href":"https:\/\/www.erothis.com\/es\/wp-json\/wp\/v2\/product\/506100\/revisions\/509932"}],"wp:featuredmedia":[{"embeddable":true,"href":"https:\/\/www.erothis.com\/es\/wp-json\/wp\/v2\/media\/283417"}],"wp:attachment":[{"href":"https:\/\/www.erothis.com\/es\/wp-json\/wp\/v2\/media?parent=506100"}],"wp:term":[{"taxonomy":"product_brand","embeddable":true,"href":"https:\/\/www.erothis.com\/es\/wp-json\/wp\/v2\/product_brand?post=506100"},{"taxonomy":"product_cat","embeddable":true,"href":"https:\/\/www.erothis.com\/es\/wp-json\/wp\/v2\/product_cat?post=506100"},{"taxonomy":"product_tag","embeddable":true,"href":"https:\/\/www.erothis.com\/es\/wp-json\/wp\/v2\/product_tag?post=506100"}],"curies":[{"name":"wp","href":"https:\/\/api.w.org\/{rel}","templated":true}]}}