{"id":506101,"date":"2023-06-20T18:57:31","date_gmt":"2023-06-20T17:57:31","guid":{"rendered":"https:\/\/www.erothis.com\/?post_type=product&#038;p=506101"},"modified":"2025-08-31T00:08:36","modified_gmt":"2025-08-30T23:08:36","slug":"anal-fantasy-vibrador-anal-buddy-2","status":"publish","type":"product","link":"https:\/\/www.erothis.com\/es\/productos\/anal-fantasy-vibrador-anal-buddy-2\/","title":{"rendered":"ANAL FANTASY &#8211; VIBRADOR ANAL BUDDY"},"content":{"rendered":"<p>Si nunca has probado el juego anal, el Butt Buddy es justo lo que necesitas para explorar el maravilloso mundo de la estimulaci\u00f3n anal.<\/p>\n<ul>\n<li>Mando multivelocidad.<\/li>\n<li>Unisex.<\/li>\n<li>100% Libre de phalatos.<\/li>\n<li>Longitud insertable: 10,7 cm. Di\u00e1metro m\u00e1ximo: 2,2 cm.<\/li>\n<\/ul>\n<p>El Butt Buddy cuenta con una punta c\u00f3nica para facilitar la entrada, mientras que el motor silencioso proporciona vibraciones alucinantes directamente a tu punto m\u00e1s sensible.<\/p>\n<p>Basta con pulsar el bot\u00f3n del control remoto (con cable) para cambiar entre cuatro velocidades de gran alcance que te llevar\u00e1n desde una suave pulsaci\u00f3n a un torbellino de vibraci\u00f3n.<\/p>\n<p><strong>Anal Fantasy<\/strong>\u00a0es una linea perfecta para estimular la zona anal, donde concentramos puntos sensitivos perfectos para alcanzar el orgasmo, todos los juguetes estan orientados para la maxima satisfaci\u00f3n anal.<\/p>\n<p>No incluye muestras de lubricante y toycleaner<\/p>\n<p>Descubre nuevas sensaciones!<\/p>\n","protected":false},"excerpt":{"rendered":"<p>ANAL FANTASY &#8211; ANAL BUDDY VIBRATOR<\/p>\n","protected":false},"featured_media":283423,"comment_status":"open","ping_status":"closed","template":"","meta":[],"product_brand":[],"product_cat":[1263,1266],"product_tag":[],"class_list":{"0":"post-506101","1":"product","2":"type-product","3":"status-publish","4":"has-post-thumbnail","6":"product_cat-anal-es","7":"product_cat-vibradores-anales","9":"first","10":"instock","11":"taxable","12":"shipping-taxable","13":"purchasable","14":"product-type-simple"},"jetpack_sharing_enabled":true,"_links":{"self":[{"href":"https:\/\/www.erothis.com\/es\/wp-json\/wp\/v2\/product\/506101","targetHints":{"allow":["GET"]}}],"collection":[{"href":"https:\/\/www.erothis.com\/es\/wp-json\/wp\/v2\/product"}],"about":[{"href":"https:\/\/www.erothis.com\/es\/wp-json\/wp\/v2\/types\/product"}],"replies":[{"embeddable":true,"href":"https:\/\/www.erothis.com\/es\/wp-json\/wp\/v2\/comments?post=506101"}],"version-history":[{"count":3,"href":"https:\/\/www.erothis.com\/es\/wp-json\/wp\/v2\/product\/506101\/revisions"}],"predecessor-version":[{"id":509934,"href":"https:\/\/www.erothis.com\/es\/wp-json\/wp\/v2\/product\/506101\/revisions\/509934"}],"wp:featuredmedia":[{"embeddable":true,"href":"https:\/\/www.erothis.com\/es\/wp-json\/wp\/v2\/media\/283423"}],"wp:attachment":[{"href":"https:\/\/www.erothis.com\/es\/wp-json\/wp\/v2\/media?parent=506101"}],"wp:term":[{"taxonomy":"product_brand","embeddable":true,"href":"https:\/\/www.erothis.com\/es\/wp-json\/wp\/v2\/product_brand?post=506101"},{"taxonomy":"product_cat","embeddable":true,"href":"https:\/\/www.erothis.com\/es\/wp-json\/wp\/v2\/product_cat?post=506101"},{"taxonomy":"product_tag","embeddable":true,"href":"https:\/\/www.erothis.com\/es\/wp-json\/wp\/v2\/product_tag?post=506101"}],"curies":[{"name":"wp","href":"https:\/\/api.w.org\/{rel}","templated":true}]}}