{"id":506106,"date":"2023-06-20T18:58:29","date_gmt":"2023-06-20T17:58:29","guid":{"rendered":"https:\/\/www.erothis.com\/?post_type=product&#038;p=506106"},"modified":"2025-08-31T00:08:36","modified_gmt":"2025-08-30T23:08:36","slug":"anal-fantasy-plug-hinchable-2","status":"publish","type":"product","link":"https:\/\/www.erothis.com\/es\/productos\/anal-fantasy-plug-hinchable-2\/","title":{"rendered":"ANAL FANTASY &#8211; PLUG HINCHABLE"},"content":{"rendered":"<ul>\n<li>Si nunca has probado el juego anal, el Vibrating Ass Blaster es justo lo que necesitas para explorar el maravilloso mundo de la estimulaci\u00f3n anal.<\/li>\n<\/ul>\n<p>El Vibrating Ass Blaster cuenta con una punta c\u00f3nica para facilitar la inserci\u00f3n y un motor silencioso que ofrece vibraciones alucinantes directamente en tu \u00e1rea m\u00e1s sensible.<\/p>\n<p>Utilice el bot\u00f3n con el dibujo de unas olas del control remoto para cambiar entre sus siete patrones de vibraci\u00f3n, y la bola de estilo m\u00e9dica para llenar tu ano con la estimulaci\u00f3n del volumen.<\/p>\n<p>Aproveche la base de ventosa para un buen rato sin manos. \u00a1Introd\u00facelo en tu rutina sexual y empieza a disfrutar de placer a\u00fan m\u00e1s intenso!<\/p>\n<p>Fabricado con nuestra silicona Elite\u2122 libre de ftalatos, hipoalerg\u00e9nica, se puede usar durante todo el d\u00eda para la diversi\u00f3n de larga duraci\u00f3n.<\/p>\n<ul>\n<li>Longitud insertable: 10,1 cm. Di\u00e1metro m\u00e1ximo: 4,7 cm.<\/li>\n<\/ul>\n<p>La limpieza es una obligaci\u00f3n despu\u00e9s de la diversi\u00f3n con el Pipedream toy Cleaner y agua tibia.<\/p>\n<ul>\n<li>100% Libre de phalatos<\/li>\n<li>100% Silicona<\/li>\n<\/ul>\n<p><strong>Anal Fantasy<\/strong>\u00a0es una linea perfecta para estimular la zona anal, donde concentramos puntos sensitivos perfectos para alcanzar el orgasmo, todos los juguetes estan orientados para la maxima satisfaci\u00f3n anal.<\/p>\n<p>No incluye muestras de lubricante y toycleaner<\/p>\n<p>Descubre nuevas sensaciones!<\/p>\n","protected":false},"excerpt":{"rendered":"<p>ANAL FANTASY &#8211; INFLATABLE PLUG<\/p>\n","protected":false},"featured_media":283466,"comment_status":"open","ping_status":"closed","template":"","meta":[],"product_brand":[],"product_cat":[1263,1265],"product_tag":[],"class_list":{"0":"post-506106","1":"product","2":"type-product","3":"status-publish","4":"has-post-thumbnail","6":"product_cat-anal-es","7":"product_cat-plugs-es","9":"first","10":"instock","11":"taxable","12":"shipping-taxable","13":"purchasable","14":"product-type-simple"},"jetpack_sharing_enabled":true,"_links":{"self":[{"href":"https:\/\/www.erothis.com\/es\/wp-json\/wp\/v2\/product\/506106","targetHints":{"allow":["GET"]}}],"collection":[{"href":"https:\/\/www.erothis.com\/es\/wp-json\/wp\/v2\/product"}],"about":[{"href":"https:\/\/www.erothis.com\/es\/wp-json\/wp\/v2\/types\/product"}],"replies":[{"embeddable":true,"href":"https:\/\/www.erothis.com\/es\/wp-json\/wp\/v2\/comments?post=506106"}],"version-history":[{"count":3,"href":"https:\/\/www.erothis.com\/es\/wp-json\/wp\/v2\/product\/506106\/revisions"}],"predecessor-version":[{"id":509943,"href":"https:\/\/www.erothis.com\/es\/wp-json\/wp\/v2\/product\/506106\/revisions\/509943"}],"wp:featuredmedia":[{"embeddable":true,"href":"https:\/\/www.erothis.com\/es\/wp-json\/wp\/v2\/media\/283466"}],"wp:attachment":[{"href":"https:\/\/www.erothis.com\/es\/wp-json\/wp\/v2\/media?parent=506106"}],"wp:term":[{"taxonomy":"product_brand","embeddable":true,"href":"https:\/\/www.erothis.com\/es\/wp-json\/wp\/v2\/product_brand?post=506106"},{"taxonomy":"product_cat","embeddable":true,"href":"https:\/\/www.erothis.com\/es\/wp-json\/wp\/v2\/product_cat?post=506106"},{"taxonomy":"product_tag","embeddable":true,"href":"https:\/\/www.erothis.com\/es\/wp-json\/wp\/v2\/product_tag?post=506106"}],"curies":[{"name":"wp","href":"https:\/\/api.w.org\/{rel}","templated":true}]}}