{"id":506143,"date":"2023-06-20T18:59:20","date_gmt":"2023-06-20T17:59:20","guid":{"rendered":"https:\/\/www.erothis.com\/?post_type=product&#038;p=506143"},"modified":"2025-08-31T00:08:37","modified_gmt":"2025-08-30T23:08:37","slug":"anal-fantasy-elite-collection-ass-gasm-pro-recargable-2","status":"publish","type":"product","link":"https:\/\/www.erothis.com\/es\/productos\/anal-fantasy-elite-collection-ass-gasm-pro-recargable-2\/","title":{"rendered":"ANAL FANTASY ELITE COLLECTION &#8211; ASS-GASM PRO RECARGABLE"},"content":{"rendered":"<p>Cuando buscas avanzar al siguiente nivel en tus juegos anales, Anal Fantasy Elite Collection es la primera opci\u00f3n para un m\u00e1ximo placer. Fabricado con nuestra silicona Elite, el Ass-Gasm Pro es body safe, sin ftalatos y preparadas\u00a0para que puedas jugar duro. Usa lo \u00faltimo en tecnolog\u00eda, es\u00a0USB recargable, ergon\u00f3micamente dise\u00f1ado para una m\u00e1xima comodidad y satisfacci\u00f3n garantizadas. Perfecto para cualquier g\u00e9nero, esta colecci\u00f3n unisex viene preparada para ofrecerte resultado increiblemente explosivos.<\/p>\n<ul>\n<li>Dobla tu placer &#8211; vers\u00e1til estimulador doble, ya que sirve como anillo y como masajeador prost\u00e1tico.<\/li>\n<li>Ultra higienica silicona Elite. INcreiblemente suavem body safe, sin ftalatos y se adpata a la temperatura de tu cuerpo.<\/li>\n<li>USB recargable<\/li>\n<li>Ergon\u00f3mico<\/li>\n<li>Longitud: 114 mm<\/li>\n<li>Ancho: 30 mm<\/li>\n<li>Longitud insertable:\u00a094 mm<\/li>\n<li>Di\u00e1metro interior:\u00a041 mm<\/li>\n<li>Peso: 99.22 grams<\/li>\n<\/ul>\n<p>Nuestra estrella de ventas el Ass-Gasm, viene ahora en su versi\u00f3n mejorada y recargable. Disfruta de las eyaculaciones mas explosivas que hayas tenido jam\u00e1s. Est\u00e1 fabricado con nuestra suave silicona Elite. Este plug doble mejora y aumenta el rendimiento y el placer ya que con el anillo retrasar\u00e1s la eyaculaci\u00f3n y el plug estimular\u00e1 la prostata con lo que tendr\u00e1s increibles eyaculaciones.<\/p>\n<p>La clave para los juegos anales es hacerlo despacito. Intentar realizar penetraciones anales antes de lo debido, puede que no sea placentero, as\u00ed que rel\u00e1jate y disfruta de la experiencia. Los juegos con los dedos, son perfectos para relajar la zona anal, as\u00ed que masajea el \u00e1rea antes. El ano y el recto, no tienen un\u00a0 sistema e lubricaci\u00f3n natural como la vagina, as\u00ed que usa una buena cantidad de lubricante anal para reducir la fricci\u00f3n y aumentar el placer.<\/p>\n<ul>\n<li>Nuestra ultra higienica Silicona Elite no tiene\u00a0ftalatos, es hipoalerg\u00e9nica y super flexible. Se recomienda limpiar, despues de usar usando limpiador de juguetes y agua tibia.<\/li>\n<li>Con el Ass- Gasm Pro, no tendr\u00e1s que preocuparte por las pilas nunca m\u00e1s. S\u00f3lo coloca el Plug de carga y disfrutrar\u00e1s de de 2 horas de diversi\u00f3n con solo una hora y media de carga.<\/li>\n<li>10 funciones: POdr\u00e1s controlarlo todo con solo pulsar un bot\u00f3n.<\/li>\n<\/ul>\n","protected":false},"excerpt":{"rendered":"<p>ANAL FANTASY ELITE COLLECTION &#8211; ASS-GASM PRO RECARGABLE<\/p>\n","protected":false},"featured_media":283541,"comment_status":"open","ping_status":"closed","template":"","meta":[],"product_brand":[],"product_cat":[1263,1266],"product_tag":[],"class_list":{"0":"post-506143","1":"product","2":"type-product","3":"status-publish","4":"has-post-thumbnail","6":"product_cat-anal-es","7":"product_cat-vibradores-anales","9":"first","10":"instock","11":"taxable","12":"shipping-taxable","13":"purchasable","14":"product-type-simple"},"jetpack_sharing_enabled":true,"_links":{"self":[{"href":"https:\/\/www.erothis.com\/es\/wp-json\/wp\/v2\/product\/506143","targetHints":{"allow":["GET"]}}],"collection":[{"href":"https:\/\/www.erothis.com\/es\/wp-json\/wp\/v2\/product"}],"about":[{"href":"https:\/\/www.erothis.com\/es\/wp-json\/wp\/v2\/types\/product"}],"replies":[{"embeddable":true,"href":"https:\/\/www.erothis.com\/es\/wp-json\/wp\/v2\/comments?post=506143"}],"version-history":[{"count":2,"href":"https:\/\/www.erothis.com\/es\/wp-json\/wp\/v2\/product\/506143\/revisions"}],"predecessor-version":[{"id":509953,"href":"https:\/\/www.erothis.com\/es\/wp-json\/wp\/v2\/product\/506143\/revisions\/509953"}],"wp:featuredmedia":[{"embeddable":true,"href":"https:\/\/www.erothis.com\/es\/wp-json\/wp\/v2\/media\/283541"}],"wp:attachment":[{"href":"https:\/\/www.erothis.com\/es\/wp-json\/wp\/v2\/media?parent=506143"}],"wp:term":[{"taxonomy":"product_brand","embeddable":true,"href":"https:\/\/www.erothis.com\/es\/wp-json\/wp\/v2\/product_brand?post=506143"},{"taxonomy":"product_cat","embeddable":true,"href":"https:\/\/www.erothis.com\/es\/wp-json\/wp\/v2\/product_cat?post=506143"},{"taxonomy":"product_tag","embeddable":true,"href":"https:\/\/www.erothis.com\/es\/wp-json\/wp\/v2\/product_tag?post=506143"}],"curies":[{"name":"wp","href":"https:\/\/api.w.org\/{rel}","templated":true}]}}