{"id":506209,"date":"2023-06-20T19:04:40","date_gmt":"2023-06-20T18:04:40","guid":{"rendered":"https:\/\/www.erothis.com\/?post_type=product&#038;p=506209"},"modified":"2025-05-13T10:32:17","modified_gmt":"2025-05-13T09:32:17","slug":"extreme-toyz-pipedreams-fuck-me-silly-vagina-y-culo-realistico","status":"publish","type":"product","link":"https:\/\/www.erothis.com\/es\/productos\/extreme-toyz-pipedreams-fuck-me-silly-vagina-y-culo-realistico\/","title":{"rendered":"EXTREME TOYZ &#8211; PIPEDREAMS FUCK ME SILLY VAGINA Y CULO REAL\u00cdSTICO"},"content":{"rendered":"<p>Est\u00e1s delante del mayor, m\u00e1s realista, intenso y heavy de los masturbadores masculinos del mundo.<\/p>\n<p>Te recomendamos que canceles tus planes y dediques algo de tiempo para explorarlo.<\/p>\n<p>Este gigante masturbador es la mayor pieza que encontrar\u00e1s. S\u00e1calo de la caja, aplica el lubricante y vivir\u00e1s la experiencia m\u00e1s realista que puedas imaginarte.<\/p>\n<p>Podr\u00e1s penetrarlo por ambos orificios, cada uno con texturas casi reales. Acar\u00edcialo y cach\u00e9alo! No encontrar\u00e1s otra piel m\u00e1s conseguida. Por supuesto podr\u00e1s eyacular dentro.<\/p>\n<p>No sumergir completamente bajo el agua y limpiar solo los canales con limpiador de juguetes y agua tibia. El agujero de la parte de atr\u00e1s es para la salida de aire.<\/p>\n<ul>\n<li>Altura: 30 cm<\/li>\n<li>Ancho: 38.1 cm<\/li>\n<li>Profundidad: 27.8 cm.<\/li>\n<\/ul>\n<p>El kit incluye:<\/p>\n<ul>\n<li>Lifelike Fanta-Flesh\u2122 Ass and Vagina.<\/li>\n<\/ul>\n","protected":false},"excerpt":{"rendered":"<p>EXTREME TOYZ &#8211; PIPEDREAMS FUCK ME SILLY VAGINA AND REALISTIC ASS<\/p>\n","protected":false},"featured_media":284214,"comment_status":"open","ping_status":"closed","template":"","meta":[],"product_brand":[],"product_cat":[1286,1271],"product_tag":[],"class_list":{"0":"post-506209","1":"product","2":"type-product","3":"status-publish","4":"has-post-thumbnail","6":"product_cat-masturbadores-es","7":"product_cat-munecos-de-tamano-real","9":"first","10":"instock","11":"taxable","12":"shipping-taxable","13":"purchasable","14":"product-type-simple"},"jetpack_sharing_enabled":true,"_links":{"self":[{"href":"https:\/\/www.erothis.com\/es\/wp-json\/wp\/v2\/product\/506209","targetHints":{"allow":["GET"]}}],"collection":[{"href":"https:\/\/www.erothis.com\/es\/wp-json\/wp\/v2\/product"}],"about":[{"href":"https:\/\/www.erothis.com\/es\/wp-json\/wp\/v2\/types\/product"}],"replies":[{"embeddable":true,"href":"https:\/\/www.erothis.com\/es\/wp-json\/wp\/v2\/comments?post=506209"}],"version-history":[{"count":3,"href":"https:\/\/www.erothis.com\/es\/wp-json\/wp\/v2\/product\/506209\/revisions"}],"predecessor-version":[{"id":510025,"href":"https:\/\/www.erothis.com\/es\/wp-json\/wp\/v2\/product\/506209\/revisions\/510025"}],"wp:featuredmedia":[{"embeddable":true,"href":"https:\/\/www.erothis.com\/es\/wp-json\/wp\/v2\/media\/284214"}],"wp:attachment":[{"href":"https:\/\/www.erothis.com\/es\/wp-json\/wp\/v2\/media?parent=506209"}],"wp:term":[{"taxonomy":"product_brand","embeddable":true,"href":"https:\/\/www.erothis.com\/es\/wp-json\/wp\/v2\/product_brand?post=506209"},{"taxonomy":"product_cat","embeddable":true,"href":"https:\/\/www.erothis.com\/es\/wp-json\/wp\/v2\/product_cat?post=506209"},{"taxonomy":"product_tag","embeddable":true,"href":"https:\/\/www.erothis.com\/es\/wp-json\/wp\/v2\/product_tag?post=506209"}],"curies":[{"name":"wp","href":"https:\/\/api.w.org\/{rel}","templated":true}]}}