{"id":506215,"date":"2023-06-20T19:05:42","date_gmt":"2023-06-20T18:05:42","guid":{"rendered":"https:\/\/www.erothis.com\/?post_type=product&#038;p=506215"},"modified":"2025-05-13T10:06:33","modified_gmt":"2025-05-13T09:06:33","slug":"extreme-toyz-pipedream-extreme-mega-fuck-slut-masturbator-2","status":"publish","type":"product","link":"https:\/\/www.erothis.com\/es\/productos\/extreme-toyz-pipedream-extreme-mega-fuck-slut-masturbator-2\/","title":{"rendered":"EXTREME TOYZ &#8211; PIPEDREAM EXTREME MEGA FUCK SLUT MASTURBATOR"},"content":{"rendered":"<p>Seguro que siempre has so\u00f1ado con un cuerpo como este, \u00bfa que esperas?.<br \/>\nLl\u00e9vate esta caja contigo, aplica el lubricante que incluye y despu\u00e9s lib\u00e9rate.<\/p>\n<p>Este Mega Masturbador es la r\u00e9plica m\u00e1s realista con la que nunca has estado. Suave, su vagina se envuelve y masajea tu pene, es casi mejor que una vagina real.<\/p>\n<p>Su trasero har\u00e1 que siempre tengas lo que has so\u00f1ado, un cuerpo perfecto 100% casi real, disfrutar\u00e1s de su vagina o ano cuando y como quieras.<\/p>\n<p>Sus principales caracteristicas son;<\/p>\n<ul>\n<li>Tacto real<\/li>\n<li>Tama\u00f1o grande y grandes sensaciones<\/li>\n<li>Pesa 13.8 Kilos<\/li>\n<li>Libre de phalatos<\/li>\n<li>Sensaciones realisticas 100%<\/li>\n<\/ul>\n<p>Aprieta y pellizca sus grandes tetas, a continuaci\u00f3n desliza tu pene entre los enormes pechos y haz lo que quieras durante toda la noche. Toca su culo apretado y rell\u00e9nalo con tu pene.<\/p>\n<p>Ella esta caliente, ella esta apretada y nunca dice que no.<\/p>\n<p>Cuando hayas terminado, la limpieza es muy f\u00e1cil. De cualquier manera con un limpiador de juguetes o con agua tibia.<\/p>\n<p>Lo mejor de todo, es que la puedes guardar debajo de la cama o en el armario, un almacenamiento f\u00e1cil despu\u00e9s de la diversi\u00f3n. sin compromisos, sin tonter\u00edas y no te preocupes m\u00e1s de ella.<\/p>\n<p>Es un acceso a todos, en cualquier momento y para cualquier tama\u00f1o de pene.<\/p>\n<p>Atrevete a descubrir grandes experiencias!!<\/p>\n","protected":false},"excerpt":{"rendered":"<p>EXTREME TOYZ &#8211; PIPEDREAM EXTREME MEGA FUCK SLUT MASTURBATOR<\/p>\n","protected":false},"featured_media":284280,"comment_status":"open","ping_status":"closed","template":"","meta":[],"product_brand":[],"product_cat":[1271],"product_tag":[],"class_list":{"0":"post-506215","1":"product","2":"type-product","3":"status-publish","4":"has-post-thumbnail","6":"product_cat-munecos-de-tamano-real","8":"first","9":"instock","10":"taxable","11":"shipping-taxable","12":"purchasable","13":"product-type-simple"},"jetpack_sharing_enabled":true,"_links":{"self":[{"href":"https:\/\/www.erothis.com\/es\/wp-json\/wp\/v2\/product\/506215","targetHints":{"allow":["GET"]}}],"collection":[{"href":"https:\/\/www.erothis.com\/es\/wp-json\/wp\/v2\/product"}],"about":[{"href":"https:\/\/www.erothis.com\/es\/wp-json\/wp\/v2\/types\/product"}],"replies":[{"embeddable":true,"href":"https:\/\/www.erothis.com\/es\/wp-json\/wp\/v2\/comments?post=506215"}],"version-history":[{"count":2,"href":"https:\/\/www.erothis.com\/es\/wp-json\/wp\/v2\/product\/506215\/revisions"}],"predecessor-version":[{"id":510011,"href":"https:\/\/www.erothis.com\/es\/wp-json\/wp\/v2\/product\/506215\/revisions\/510011"}],"wp:featuredmedia":[{"embeddable":true,"href":"https:\/\/www.erothis.com\/es\/wp-json\/wp\/v2\/media\/284280"}],"wp:attachment":[{"href":"https:\/\/www.erothis.com\/es\/wp-json\/wp\/v2\/media?parent=506215"}],"wp:term":[{"taxonomy":"product_brand","embeddable":true,"href":"https:\/\/www.erothis.com\/es\/wp-json\/wp\/v2\/product_brand?post=506215"},{"taxonomy":"product_cat","embeddable":true,"href":"https:\/\/www.erothis.com\/es\/wp-json\/wp\/v2\/product_cat?post=506215"},{"taxonomy":"product_tag","embeddable":true,"href":"https:\/\/www.erothis.com\/es\/wp-json\/wp\/v2\/product_tag?post=506215"}],"curies":[{"name":"wp","href":"https:\/\/api.w.org\/{rel}","templated":true}]}}