{"id":506219,"date":"2023-06-20T19:06:07","date_gmt":"2023-06-20T18:06:07","guid":{"rendered":"https:\/\/www.erothis.com\/?post_type=product&#038;p=506219"},"modified":"2025-05-13T10:14:23","modified_gmt":"2025-05-13T09:14:23","slug":"extreme-toyz-fuck-me-mega-masturbador-ano-masculino-2","status":"publish","type":"product","link":"https:\/\/www.erothis.com\/es\/productos\/extreme-toyz-fuck-me-mega-masturbador-ano-masculino-2\/","title":{"rendered":"EXTREME TOYZ &#8211; FUCK ME MEGA MASTURBADOR ANO MASCULINO"},"content":{"rendered":"<p>Siempre has so\u00f1ado con el sexo anal sin cond\u00f3n, ahora puedes hacerlo sin ning\u00fan riesgo! S\u00e1calo de la caja, coge el lubricante, toma sus huevos y empieza a met\u00e9rsela como si fueras un conejo!<\/p>\n<p>Este es el culo perfecto y muy realista! Con m\u00e1s de 5 kilos de dulce apretada diversi\u00f3n, este mega masturbador es casi como si fuera real! Introduce tu miembro en su apretado agujero y no te preocupes por sacarla cuando vayas a eyacular!<\/p>\n<p>Dale cachetes en sus redondas nalgas y escuchar el golpe, es como un culo de verdad! Corretea por sus gl\u00fateos hasta que tu pene choque con su agujero y ll\u00e9nalo con cada cent\u00edmetro de tu enorme miembro!<\/p>\n<ul>\n<li>100% Libre de phalatos.<\/li>\n<li>Sensaciones extremadamente realistas.<\/li>\n<\/ul>\n<p>Con cada embestida, vuestros test\u00edculos chocar\u00e1n y te dar\u00e1n ganas de explotar!<\/p>\n<p>Apri\u00e9talos y ver\u00e1s que son como unos reales, dentro de su escroto blando. Cada detalle ha sido cuidadosamente moldeado para que tenga ese aspecto realista. \u00c9l siempre ser\u00e1 discreto y nunca le contar\u00e1 a nadie vuestro secreto.<\/p>\n<p>\u00c9l es el perfecto compa\u00f1ero, sin ataduras, que siempre est\u00e1 listo para que le descarguen en el culo. No se preocupa por el tama\u00f1o de tu pene, lo \u00fanico que quiere es que se la metas toda la noche. \u00bfA qu\u00e9 est\u00e1s esperando? \u00bfquieres met\u00e9rsela a pelo o no?<\/p>\n<p>Para su limpieza puedes utilizar el limpiador de juguetes de Pipedream y el agua tibia a trav\u00e9s de la abertura anal y el orificio de drenaje de la parte trasera.<\/p>\n<p>Despu\u00e9s de que se seque por completo, aplica el Pipedream Extreme Revive en polvo para restablecer su suave tacto, como si fuera nuevo.<\/p>\n","protected":false},"excerpt":{"rendered":"<p>EXTREME TOYZ &#8211; FUCK ME MEGA MALE ANAL MASTURBADOR<\/p>\n","protected":false},"featured_media":284317,"comment_status":"open","ping_status":"closed","template":"","meta":[],"product_brand":[],"product_cat":[1286,1271],"product_tag":[],"class_list":{"0":"post-506219","1":"product","2":"type-product","3":"status-publish","4":"has-post-thumbnail","6":"product_cat-masturbadores-es","7":"product_cat-munecos-de-tamano-real","9":"first","10":"instock","11":"taxable","12":"shipping-taxable","13":"purchasable","14":"product-type-simple"},"jetpack_sharing_enabled":true,"_links":{"self":[{"href":"https:\/\/www.erothis.com\/es\/wp-json\/wp\/v2\/product\/506219","targetHints":{"allow":["GET"]}}],"collection":[{"href":"https:\/\/www.erothis.com\/es\/wp-json\/wp\/v2\/product"}],"about":[{"href":"https:\/\/www.erothis.com\/es\/wp-json\/wp\/v2\/types\/product"}],"replies":[{"embeddable":true,"href":"https:\/\/www.erothis.com\/es\/wp-json\/wp\/v2\/comments?post=506219"}],"version-history":[{"count":3,"href":"https:\/\/www.erothis.com\/es\/wp-json\/wp\/v2\/product\/506219\/revisions"}],"predecessor-version":[{"id":510017,"href":"https:\/\/www.erothis.com\/es\/wp-json\/wp\/v2\/product\/506219\/revisions\/510017"}],"wp:featuredmedia":[{"embeddable":true,"href":"https:\/\/www.erothis.com\/es\/wp-json\/wp\/v2\/media\/284317"}],"wp:attachment":[{"href":"https:\/\/www.erothis.com\/es\/wp-json\/wp\/v2\/media?parent=506219"}],"wp:term":[{"taxonomy":"product_brand","embeddable":true,"href":"https:\/\/www.erothis.com\/es\/wp-json\/wp\/v2\/product_brand?post=506219"},{"taxonomy":"product_cat","embeddable":true,"href":"https:\/\/www.erothis.com\/es\/wp-json\/wp\/v2\/product_cat?post=506219"},{"taxonomy":"product_tag","embeddable":true,"href":"https:\/\/www.erothis.com\/es\/wp-json\/wp\/v2\/product_tag?post=506219"}],"curies":[{"name":"wp","href":"https:\/\/api.w.org\/{rel}","templated":true}]}}