{"id":506220,"date":"2023-06-20T19:06:07","date_gmt":"2023-06-20T18:06:07","guid":{"rendered":"https:\/\/www.erothis.com\/?post_type=product&#038;p=506220"},"modified":"2025-05-13T10:19:43","modified_gmt":"2025-05-13T09:19:43","slug":"extreme-toyz-pipedream-extreme-fuck-my-hard-rock-cock-2","status":"publish","type":"product","link":"https:\/\/www.erothis.com\/es\/productos\/extreme-toyz-pipedream-extreme-fuck-my-hard-rock-cock-2\/","title":{"rendered":"EXTREME TOYZ &#8211; PIPEDREAM EXTREME FUCK MY HARD ROCK COCK"},"content":{"rendered":"<p>Siempre has so\u00f1ado con montar sobre un pene s\u00faper duro de un hombre sexy, \u00bfa qu\u00e9 est\u00e1s esperando?<\/p>\n<p>Coloca a este s\u00faper semental sobre una superficie lisa, coge el lubricante y hazle el amor como nunca antes se lo hab\u00edan hecho!<\/p>\n<p>Desde sus sexys abdominales, su cintura y ese pene de 20 cm. x 4 cm., este macho est\u00e1 listo para hacerte volar. Ser\u00e1 tu hombre m\u00e1s juguet\u00f3n y morboso que te permitir\u00e1 cumplir con todas tus fantas\u00edas!<\/p>\n<p>Fabricado en FantaFlesh, este masturbador es el folla-amigo m\u00e1s realista que puedes encontrar en el mercado. Aprieta sus blandos test\u00edculos, frote sus dedos sobre sus pulidos abdominales y acaricia su duro pene.<\/p>\n<p>Cualquier cosa que quieras hacer, nunca dir\u00e1 que no!<\/p>\n<p>Agarra su pene grueso y flexible, y gu\u00edalo en tu interior. El suave miembro se calienta a la temperatura de tu cuerpo y lo sentir\u00e1s como si fuese real o incluso mejor! Pon las manos sobre su pecho musculoso y disfruta de cada ondulaci\u00f3n.<\/p>\n<p>Este guapo gal\u00e1n nunca terminar\u00e1 antes que tu. \u00c9l siempre estar\u00e1 listo ti y para darte una sesi\u00f3n de sexo duro que nunca olvidar\u00e1s!<\/p>\n<ul>\n<li>100% Libre de phalatos<\/li>\n<li>Unisex<\/li>\n<\/ul>\n<p>\u00bfQu\u00e9 m\u00e1s se puede pedir? Puedes dejar que te introduzca su pene o introducir lo que desees en su ano, hasta el m\u00e1s m\u00ednimo detalle est\u00e1 cuidado.<\/p>\n<p>Disfruta de \u00e9l sola o en compa\u00f1\u00eda. No te sentir\u00e1s culpable por traer a otra persona en tu relaci\u00f3n! H\u00e1ztelo con \u00e9l en la cama, sobre en el fregadero o la mesa, o incluso directamente en el suelo! Le encanta probar cosas nuevas y nuevas posiciones.<\/p>\n<p>Cuando hayas terminado, la limpieza es una obligaci\u00f3n despu\u00e9s de la diversi\u00f3n con el limpiador de juguetes Pipedream y agua tibia.<\/p>\n<p>Despu\u00e9s de que se seque por completo, aplicar el Pipedream Extreme Revive que se trata de almid\u00f3n en polvo para restablecer el masturbador a la suavidad inicial y dejarlo como si fuera nuevo.<\/p>\n","protected":false},"excerpt":{"rendered":"<p>EXTREME TOYZ &#8211; PIPEDREAM EXTREME FUCK MY HARD ROCK COCK<\/p>\n","protected":false},"featured_media":284328,"comment_status":"open","ping_status":"closed","template":"","meta":[],"product_brand":[],"product_cat":[1286,1271],"product_tag":[],"class_list":{"0":"post-506220","1":"product","2":"type-product","3":"status-publish","4":"has-post-thumbnail","6":"product_cat-masturbadores-es","7":"product_cat-munecos-de-tamano-real","9":"first","10":"instock","11":"taxable","12":"shipping-taxable","13":"purchasable","14":"product-type-simple"},"jetpack_sharing_enabled":true,"_links":{"self":[{"href":"https:\/\/www.erothis.com\/es\/wp-json\/wp\/v2\/product\/506220","targetHints":{"allow":["GET"]}}],"collection":[{"href":"https:\/\/www.erothis.com\/es\/wp-json\/wp\/v2\/product"}],"about":[{"href":"https:\/\/www.erothis.com\/es\/wp-json\/wp\/v2\/types\/product"}],"replies":[{"embeddable":true,"href":"https:\/\/www.erothis.com\/es\/wp-json\/wp\/v2\/comments?post=506220"}],"version-history":[{"count":3,"href":"https:\/\/www.erothis.com\/es\/wp-json\/wp\/v2\/product\/506220\/revisions"}],"predecessor-version":[{"id":510019,"href":"https:\/\/www.erothis.com\/es\/wp-json\/wp\/v2\/product\/506220\/revisions\/510019"}],"wp:featuredmedia":[{"embeddable":true,"href":"https:\/\/www.erothis.com\/es\/wp-json\/wp\/v2\/media\/284328"}],"wp:attachment":[{"href":"https:\/\/www.erothis.com\/es\/wp-json\/wp\/v2\/media?parent=506220"}],"wp:term":[{"taxonomy":"product_brand","embeddable":true,"href":"https:\/\/www.erothis.com\/es\/wp-json\/wp\/v2\/product_brand?post=506220"},{"taxonomy":"product_cat","embeddable":true,"href":"https:\/\/www.erothis.com\/es\/wp-json\/wp\/v2\/product_cat?post=506220"},{"taxonomy":"product_tag","embeddable":true,"href":"https:\/\/www.erothis.com\/es\/wp-json\/wp\/v2\/product_tag?post=506220"}],"curies":[{"name":"wp","href":"https:\/\/api.w.org\/{rel}","templated":true}]}}