{"id":506221,"date":"2023-06-20T19:06:07","date_gmt":"2023-06-20T18:06:07","guid":{"rendered":"https:\/\/www.erothis.com\/?post_type=product&#038;p=506221"},"modified":"2025-05-13T10:21:55","modified_gmt":"2025-05-13T09:21:55","slug":"extreme-toyz-pipedreams-busto-torso-con-pene-fuck-me-silly-man-2","status":"publish","type":"product","link":"https:\/\/www.erothis.com\/es\/productos\/extreme-toyz-pipedreams-busto-torso-con-pene-fuck-me-silly-man-2\/","title":{"rendered":"EXTREME TOYZ &#8211; PIPEDREAMS BUSTO TORSO CON PENE FUCK ME SILLY MAN!"},"content":{"rendered":"<p>Siempre has querido cabalgar sobre un miembro grande y duro como este, as\u00ed que a qu\u00e9 est\u00e1s esperando? Colocalo sobre una superficie plana, col\u00f3cate y date placer como nunca antes. Su gran miembro est\u00e1 preparado plenamente para ti. Ser\u00e1 tu chico personal, el que siempre te dar\u00e1 un buen rato de placer y cumplir\u00e1 tus fantas\u00edas mas \u00edntimas.<\/p>\n<p>Fabricado del increiblemente real\u00edstico material Fanta Flesh, este torso es el mas real\u00edstico y placentero que se haya creado jam\u00e1s. Aprieta sus test\u00edculos y sientelos, toca su fant\u00e1stico culo, date placer de cualquier manera, las posibilidades son infinitas.<\/p>\n<p>El material Fanta Flesh, adem\u00e1s se adapta a la temperatura de tu cuerpo mientras est\u00e1 dentro de ti, haciendo la experiencia a\u00fan mas real\u00edstica. Di adios a quedarte a medias porque siempre estar\u00e1 listo para cuando tu lo desees<\/p>\n<p>\u00dasalo en la cama, en la silla, en el suelo o donde mas te apetezca y despu\u00e9s guardalo hasta que tengas ganas de cabalgar de nuestro sobre su increible miembro de mas de 20 cm.<\/p>\n<p>Cuando lo hayas hecho, se recomienda limpiar con el limpiador de juguetes de Pipedreams y agua caliente. Una vez se haya secado, se recomienda usar el polvo regenerador para conservarlo siempre como el primer d\u00eda.<\/p>\n<p>Medidas:<\/p>\n<ul>\n<li>Altura: 30.5 cm<\/li>\n<li>Ancho: 35.6 cm<\/li>\n<li>Profundidad: 35.6 cm<\/li>\n<li>Peso: Aprox 9 kgr<\/li>\n<li>Longitud pene: 20.3 cm<\/li>\n<li>Di\u00e1metro m\u00e1ximo pene: 4.3 cm<\/li>\n<\/ul>\n","protected":false},"excerpt":{"rendered":"<p>EXTREME TOYZ &#8211; PIPEDREAMS BUST TORSO WITH PENIS FUCK ME SILLY MAN!<\/p>\n","protected":false},"featured_media":284336,"comment_status":"open","ping_status":"closed","template":"","meta":[],"product_brand":[],"product_cat":[1271],"product_tag":[],"class_list":{"0":"post-506221","1":"product","2":"type-product","3":"status-publish","4":"has-post-thumbnail","6":"product_cat-munecos-de-tamano-real","8":"first","9":"outofstock","10":"taxable","11":"shipping-taxable","12":"purchasable","13":"product-type-simple"},"jetpack_sharing_enabled":true,"_links":{"self":[{"href":"https:\/\/www.erothis.com\/es\/wp-json\/wp\/v2\/product\/506221","targetHints":{"allow":["GET"]}}],"collection":[{"href":"https:\/\/www.erothis.com\/es\/wp-json\/wp\/v2\/product"}],"about":[{"href":"https:\/\/www.erothis.com\/es\/wp-json\/wp\/v2\/types\/product"}],"replies":[{"embeddable":true,"href":"https:\/\/www.erothis.com\/es\/wp-json\/wp\/v2\/comments?post=506221"}],"version-history":[{"count":3,"href":"https:\/\/www.erothis.com\/es\/wp-json\/wp\/v2\/product\/506221\/revisions"}],"predecessor-version":[{"id":510021,"href":"https:\/\/www.erothis.com\/es\/wp-json\/wp\/v2\/product\/506221\/revisions\/510021"}],"wp:featuredmedia":[{"embeddable":true,"href":"https:\/\/www.erothis.com\/es\/wp-json\/wp\/v2\/media\/284336"}],"wp:attachment":[{"href":"https:\/\/www.erothis.com\/es\/wp-json\/wp\/v2\/media?parent=506221"}],"wp:term":[{"taxonomy":"product_brand","embeddable":true,"href":"https:\/\/www.erothis.com\/es\/wp-json\/wp\/v2\/product_brand?post=506221"},{"taxonomy":"product_cat","embeddable":true,"href":"https:\/\/www.erothis.com\/es\/wp-json\/wp\/v2\/product_cat?post=506221"},{"taxonomy":"product_tag","embeddable":true,"href":"https:\/\/www.erothis.com\/es\/wp-json\/wp\/v2\/product_tag?post=506221"}],"curies":[{"name":"wp","href":"https:\/\/api.w.org\/{rel}","templated":true}]}}