{"id":506261,"date":"2023-06-20T19:07:14","date_gmt":"2023-06-20T18:07:14","guid":{"rendered":"https:\/\/www.erothis.com\/?post_type=product&#038;p=506261"},"modified":"2025-05-13T10:27:38","modified_gmt":"2025-05-13T09:27:38","slug":"extreme-toyz-pipedream-extreme-fuck-me-silly-vagina-y-ano-extra-real-petite-2","status":"publish","type":"product","link":"https:\/\/www.erothis.com\/es\/productos\/extreme-toyz-pipedream-extreme-fuck-me-silly-vagina-y-ano-extra-real-petite-2\/","title":{"rendered":"EXTREME TOYZ &#8211; PIPEDREAM EXTREME FUCK ME SILLY VAGINA Y ANO EXTRA REAL PETITE"},"content":{"rendered":"<p>Seguro que siempre hab\u00edas so\u00f1ado con un cuerpo tan caliente como este.<br \/>\nS\u00e1calo de la caja, aplica el lubricante que te obsequiamos y lib\u00e9rate.<\/p>\n<p>Este Masturbador es la r\u00e9plica mas realista que puedas probar en tama\u00f1o petite.<\/p>\n<p>Su suave vulva te envuelve y masajea tu pene, es casi mejor que una vagina real.<\/p>\n<ul>\n<li>Peso 4,49 Kilos.<\/li>\n<li>100% Realista<\/li>\n<\/ul>\n<p>Dale una palmada a este maravilloso culo y escucha ese sonido tan real, pellizca las nalgas de este prieto culo y ll\u00e9nalo con tu pene. Ella esta caliente, ella esta apretada y nunca dice que no.<\/p>\n<p>Cuando hayas terminado la limpieza es muy f\u00e1cil, con tu limpiador de juguetes Pipedream y agua tibia.<\/p>\n<p>Lo mejor de todo, es que la puedes guardar debajo de la cama o en el armario, un almacenamiento f\u00e1cil despu\u00e9s de la diversi\u00f3n. Sin compromisos, sin tonter\u00edas y no te preocupes m\u00e1s de ella.<\/p>\n<p>Es toda una revelaci\u00f3n, en cualquier momento en cualquier lugar y para cualquier tama\u00f1o de pene.<\/p>\n<p>Empieza la diversi\u00f3n!<\/p>\n","protected":false},"excerpt":{"rendered":"<p>EXTREME TOYZ &#8211; PIPEDREAM EXTREME FUCK ME SILLY VAGINA AND ANO EXTRA REAL PETITE<\/p>\n","protected":false},"featured_media":284443,"comment_status":"open","ping_status":"closed","template":"","meta":[],"product_brand":[],"product_cat":[1286,1271],"product_tag":[],"class_list":{"0":"post-506261","1":"product","2":"type-product","3":"status-publish","4":"has-post-thumbnail","6":"product_cat-masturbadores-es","7":"product_cat-munecos-de-tamano-real","9":"first","10":"instock","11":"taxable","12":"shipping-taxable","13":"purchasable","14":"product-type-simple"},"jetpack_sharing_enabled":true,"_links":{"self":[{"href":"https:\/\/www.erothis.com\/es\/wp-json\/wp\/v2\/product\/506261","targetHints":{"allow":["GET"]}}],"collection":[{"href":"https:\/\/www.erothis.com\/es\/wp-json\/wp\/v2\/product"}],"about":[{"href":"https:\/\/www.erothis.com\/es\/wp-json\/wp\/v2\/types\/product"}],"replies":[{"embeddable":true,"href":"https:\/\/www.erothis.com\/es\/wp-json\/wp\/v2\/comments?post=506261"}],"version-history":[{"count":3,"href":"https:\/\/www.erothis.com\/es\/wp-json\/wp\/v2\/product\/506261\/revisions"}],"predecessor-version":[{"id":510023,"href":"https:\/\/www.erothis.com\/es\/wp-json\/wp\/v2\/product\/506261\/revisions\/510023"}],"wp:featuredmedia":[{"embeddable":true,"href":"https:\/\/www.erothis.com\/es\/wp-json\/wp\/v2\/media\/284443"}],"wp:attachment":[{"href":"https:\/\/www.erothis.com\/es\/wp-json\/wp\/v2\/media?parent=506261"}],"wp:term":[{"taxonomy":"product_brand","embeddable":true,"href":"https:\/\/www.erothis.com\/es\/wp-json\/wp\/v2\/product_brand?post=506261"},{"taxonomy":"product_cat","embeddable":true,"href":"https:\/\/www.erothis.com\/es\/wp-json\/wp\/v2\/product_cat?post=506261"},{"taxonomy":"product_tag","embeddable":true,"href":"https:\/\/www.erothis.com\/es\/wp-json\/wp\/v2\/product_tag?post=506261"}],"curies":[{"name":"wp","href":"https:\/\/api.w.org\/{rel}","templated":true}]}}