{"id":506284,"date":"2023-06-20T19:17:59","date_gmt":"2023-06-20T18:17:59","guid":{"rendered":"https:\/\/www.erothis.com\/?post_type=product&#038;p=506284"},"modified":"2025-08-31T00:08:37","modified_gmt":"2025-08-30T23:08:37","slug":"icicles-n-79-plug-anal-vidrio-2","status":"publish","type":"product","link":"https:\/\/www.erothis.com\/es\/productos\/icicles-n-79-plug-anal-vidrio-2\/","title":{"rendered":"ICICLES &#8211; N. 79 PLUG ANAL VIDRIO"},"content":{"rendered":"<p>Elegante, exclusiva y hecho\u00a0a mano con una incre\u00edble atenci\u00f3n en cada\u00a0detalle, esta lujosa l\u00ednea de masajeadores de vidrio lo dejar\u00e1 sin aliento. Cada dildo de vidrio Icicle hecho a mano es elegante, \u00fanico\u00a0y fabricado\u00a0para jugar duro.<\/p>\n<p>El vidrio hipoalerg\u00e9nico no es poroso y seguro para el cuerpo, y cuando se cuida adecuadamente, est\u00e1 dise\u00f1ado para durar toda la vida. Mantengalo en agua\u00a0tibia o col\u00f3quela en el microondas para calentarlo. Enfr\u00edelo bajo agua fr\u00eda o p\u00f3ngalo en el congelador para una sensaci\u00f3n fresca. Dado que el vidrio no es poroso, la limpieza es muy f\u00e1cil.<\/p>\n<p>Use Pipedream Toy Cleaner y agua tibia, o p\u00f3ngalo en el lavavajillas para un lavado sin preocupaciones despu\u00e9s de la diversi\u00f3n.<\/p>\n<ul>\n<li>\u00danico y artesanal<\/li>\n<li>No poroso<\/li>\n<li>Seguro para el cuerpo<\/li>\n<li>Hipoalerg\u00e9nico<\/li>\n<li>Di\u00e1metro 3 cm<\/li>\n<li>Longitud insertable 7,3 cm<\/li>\n<li>Material Vidrio<\/li>\n<\/ul>\n","protected":false},"excerpt":{"rendered":"<p>ICICLES &#8211; N. 79 GLASS ANAL PLUG<\/p>\n","protected":false},"featured_media":285313,"comment_status":"open","ping_status":"closed","template":"","meta":[],"product_brand":[],"product_cat":[1263,1265],"product_tag":[],"class_list":{"0":"post-506284","1":"product","2":"type-product","3":"status-publish","4":"has-post-thumbnail","6":"product_cat-anal-es","7":"product_cat-plugs-es","9":"first","10":"instock","11":"taxable","12":"shipping-taxable","13":"purchasable","14":"product-type-simple"},"jetpack_sharing_enabled":true,"_links":{"self":[{"href":"https:\/\/www.erothis.com\/es\/wp-json\/wp\/v2\/product\/506284","targetHints":{"allow":["GET"]}}],"collection":[{"href":"https:\/\/www.erothis.com\/es\/wp-json\/wp\/v2\/product"}],"about":[{"href":"https:\/\/www.erothis.com\/es\/wp-json\/wp\/v2\/types\/product"}],"replies":[{"embeddable":true,"href":"https:\/\/www.erothis.com\/es\/wp-json\/wp\/v2\/comments?post=506284"}],"version-history":[{"count":3,"href":"https:\/\/www.erothis.com\/es\/wp-json\/wp\/v2\/product\/506284\/revisions"}],"predecessor-version":[{"id":509771,"href":"https:\/\/www.erothis.com\/es\/wp-json\/wp\/v2\/product\/506284\/revisions\/509771"}],"wp:featuredmedia":[{"embeddable":true,"href":"https:\/\/www.erothis.com\/es\/wp-json\/wp\/v2\/media\/285313"}],"wp:attachment":[{"href":"https:\/\/www.erothis.com\/es\/wp-json\/wp\/v2\/media?parent=506284"}],"wp:term":[{"taxonomy":"product_brand","embeddable":true,"href":"https:\/\/www.erothis.com\/es\/wp-json\/wp\/v2\/product_brand?post=506284"},{"taxonomy":"product_cat","embeddable":true,"href":"https:\/\/www.erothis.com\/es\/wp-json\/wp\/v2\/product_cat?post=506284"},{"taxonomy":"product_tag","embeddable":true,"href":"https:\/\/www.erothis.com\/es\/wp-json\/wp\/v2\/product_tag?post=506284"}],"curies":[{"name":"wp","href":"https:\/\/api.w.org\/{rel}","templated":true}]}}