{"id":506322,"date":"2023-06-20T19:19:08","date_gmt":"2023-06-20T18:19:08","guid":{"rendered":"https:\/\/www.erothis.com\/?post_type=product&#038;p=506322"},"modified":"2025-05-12T14:48:05","modified_gmt":"2025-05-12T13:48:05","slug":"icicles-n-25-masajeador-de-vidrio-2","status":"publish","type":"product","link":"https:\/\/www.erothis.com\/es\/productos\/icicles-n-25-masajeador-de-vidrio-2\/","title":{"rendered":"ICICLES &#8211; N. 25 MASAJEADOR DE VIDRIO"},"content":{"rendered":"<p>Elegante y exclusivo, hecho a mano y con especial atenci\u00f3n a los peque\u00f1os detalles, esta lujosa l\u00ednea de masajeadores de vidrio soplado te dejar\u00e1 sin aliento. Sus lineas elegantes y \u00fanicas de vidrio soplado jugar\u00e1n duro contigo.<\/p>\n<p>El vidrio es hipoalerg\u00e9nico y seguro para el cuerpo, y siempre que se use adecuadamente durar\u00e1 toda la vida. Recomendamos mojarlo con agua tibia o ponerlo en el microondas para una sensaci\u00f3n m\u00e1s c\u00e1lida<\/p>\n<p>Tambi\u00e9n puedes enfriarlo con agua fr\u00eda o ponerlo en el congelador para una sensaci\u00f3n de frescor.\u00a0Ya que el vidrio no es poroso, su limpieza es muy f\u00e1cil.<\/p>\n<ul>\n<li>Medidas: 7.5\u00a0x 4.5\u00a0cm ascendentes<\/li>\n<li>Perfecto plug para la zona anal.<\/li>\n<\/ul>\n<p>Ya que el vidrio no es poroso, su limpieza es muy f\u00e1cil. Usa el limpiador Pipedream Toy Cleaner y agua tibia, o incluso puedes meterlo en el lavavajillas para mayor comodidad despu\u00e9s de la diversi\u00f3n.<\/p>\n","protected":false},"excerpt":{"rendered":"<p>ICICLES &#8211; N. 25 GLASS MASSAGER<\/p>\n","protected":false},"featured_media":285366,"comment_status":"open","ping_status":"closed","template":"","meta":[],"product_brand":[],"product_cat":[1263,1265],"product_tag":[],"class_list":{"0":"post-506322","1":"product","2":"type-product","3":"status-publish","4":"has-post-thumbnail","6":"product_cat-anal-es","7":"product_cat-plugs-es","9":"first","10":"instock","11":"taxable","12":"shipping-taxable","13":"purchasable","14":"product-type-simple"},"jetpack_sharing_enabled":true,"_links":{"self":[{"href":"https:\/\/www.erothis.com\/es\/wp-json\/wp\/v2\/product\/506322","targetHints":{"allow":["GET"]}}],"collection":[{"href":"https:\/\/www.erothis.com\/es\/wp-json\/wp\/v2\/product"}],"about":[{"href":"https:\/\/www.erothis.com\/es\/wp-json\/wp\/v2\/types\/product"}],"replies":[{"embeddable":true,"href":"https:\/\/www.erothis.com\/es\/wp-json\/wp\/v2\/comments?post=506322"}],"version-history":[{"count":3,"href":"https:\/\/www.erothis.com\/es\/wp-json\/wp\/v2\/product\/506322\/revisions"}],"predecessor-version":[{"id":509908,"href":"https:\/\/www.erothis.com\/es\/wp-json\/wp\/v2\/product\/506322\/revisions\/509908"}],"wp:featuredmedia":[{"embeddable":true,"href":"https:\/\/www.erothis.com\/es\/wp-json\/wp\/v2\/media\/285366"}],"wp:attachment":[{"href":"https:\/\/www.erothis.com\/es\/wp-json\/wp\/v2\/media?parent=506322"}],"wp:term":[{"taxonomy":"product_brand","embeddable":true,"href":"https:\/\/www.erothis.com\/es\/wp-json\/wp\/v2\/product_brand?post=506322"},{"taxonomy":"product_cat","embeddable":true,"href":"https:\/\/www.erothis.com\/es\/wp-json\/wp\/v2\/product_cat?post=506322"},{"taxonomy":"product_tag","embeddable":true,"href":"https:\/\/www.erothis.com\/es\/wp-json\/wp\/v2\/product_tag?post=506322"}],"curies":[{"name":"wp","href":"https:\/\/api.w.org\/{rel}","templated":true}]}}