{"id":508955,"date":"2024-05-17T16:27:06","date_gmt":"2024-05-17T15:27:06","guid":{"rendered":"https:\/\/www.erothis.com\/?post_type=product&#038;p=508955"},"modified":"2025-05-13T09:54:57","modified_gmt":"2025-05-13T08:54:57","slug":"crazy-bull-vagina-y-ano-realisticos-doble-vibracion-2","status":"publish","type":"product","link":"https:\/\/www.erothis.com\/es\/productos\/crazy-bull-vagina-y-ano-realisticos-doble-vibracion-2\/","title":{"rendered":"CRAZY BULL &#8211; VAGINA Y ANO REAL\u00cdSTICOS DOBLE VIBRACI\u00d3N"},"content":{"rendered":"<p>Si anhelas una sensaci\u00f3n realista, este trasero vibrador doble para vagina y culo ser\u00e1 el juguete ideal para ti. El material es suave y flexible al tacto para ese tacto realista que se sentir\u00e1 aterciopelado y lujoso bajo tus manipulaciones y el tama\u00f1o de viaje lo convierte en un gran juguete discreto que no ocupar\u00e1 demasiado espacio. El masturbador cuenta con dos entradas, ambas con texturas internas para crear otro maravilloso elemento de placer para que disfrutes. La funci\u00f3n de vibrador aumentar\u00e1 tu estimulaci\u00f3n y cuenta con m\u00faltiples velocidades para permitir una variedad de sensaciones.<\/p>\n<p><u><strong>Caracter\u00edsticas:\u00a0<\/strong><\/u><\/p>\n<ul>\n<li>Vagina y ano real\u00edsticos.<\/li>\n<li>Vibraci\u00f3n incorporada regulable con mando<\/li>\n<li>Pilas Mando: 3xAAA<\/li>\n<li>Canales interiores texturados<\/li>\n<li>Medidas: Ver imagen<\/li>\n<li>Se recomienda el uso de lubricante.<\/li>\n<li>Limpiar despu\u00e9s de usar.<\/li>\n<\/ul>\n<p>Ahora con Crazy Bull&#8230;\u00a1\u00a1\u00a1crazy placer!!!<\/p>\n","protected":false},"excerpt":{"rendered":"<p>CRAZY BULL &#8211; REALISTIC VAGINA AND ANUS DOUBLE VIBRATION<\/p>\n","protected":false},"featured_media":304127,"comment_status":"open","ping_status":"closed","template":"","meta":[],"product_brand":[],"product_cat":[1286,1271,1282],"product_tag":[],"class_list":{"0":"post-508955","1":"product","2":"type-product","3":"status-publish","4":"has-post-thumbnail","6":"product_cat-masturbadores-es","7":"product_cat-munecos-de-tamano-real","8":"product_cat-para-el","10":"first","11":"instock","12":"taxable","13":"shipping-taxable","14":"purchasable","15":"product-type-simple"},"jetpack_sharing_enabled":true,"_links":{"self":[{"href":"https:\/\/www.erothis.com\/es\/wp-json\/wp\/v2\/product\/508955","targetHints":{"allow":["GET"]}}],"collection":[{"href":"https:\/\/www.erothis.com\/es\/wp-json\/wp\/v2\/product"}],"about":[{"href":"https:\/\/www.erothis.com\/es\/wp-json\/wp\/v2\/types\/product"}],"replies":[{"embeddable":true,"href":"https:\/\/www.erothis.com\/es\/wp-json\/wp\/v2\/comments?post=508955"}],"version-history":[{"count":2,"href":"https:\/\/www.erothis.com\/es\/wp-json\/wp\/v2\/product\/508955\/revisions"}],"predecessor-version":[{"id":510004,"href":"https:\/\/www.erothis.com\/es\/wp-json\/wp\/v2\/product\/508955\/revisions\/510004"}],"wp:featuredmedia":[{"embeddable":true,"href":"https:\/\/www.erothis.com\/es\/wp-json\/wp\/v2\/media\/304127"}],"wp:attachment":[{"href":"https:\/\/www.erothis.com\/es\/wp-json\/wp\/v2\/media?parent=508955"}],"wp:term":[{"taxonomy":"product_brand","embeddable":true,"href":"https:\/\/www.erothis.com\/es\/wp-json\/wp\/v2\/product_brand?post=508955"},{"taxonomy":"product_cat","embeddable":true,"href":"https:\/\/www.erothis.com\/es\/wp-json\/wp\/v2\/product_cat?post=508955"},{"taxonomy":"product_tag","embeddable":true,"href":"https:\/\/www.erothis.com\/es\/wp-json\/wp\/v2\/product_tag?post=508955"}],"curies":[{"name":"wp","href":"https:\/\/api.w.org\/{rel}","templated":true}]}}